{"id":5563,"date":"2024-03-01T11:53:44","date_gmt":"2024-03-01T10:53:44","guid":{"rendered":"https:\/\/www.nature-bike-provence.com\/?post_type=product&#038;p=5563"},"modified":"2024-03-01T12:12:59","modified_gmt":"2024-03-01T11:12:59","slug":"biking-tour-luberon-ventoux","status":"publish","type":"product","link":"https:\/\/www.nature-bike-provence.com\/en\/bike-tours\/biking-tour-luberon-ventoux\/","title":{"rendered":"BIKING TOUR LUBERON VENTOUX"},"content":{"rendered":"DESCRIPTION ADDITIONAL INFORMATION\r\nWEEKEND CYCLING IN THE LUBERON AND TOUR DU <a href=\"https:\/\/www.nature-bike-provence.com\/sejour-velo\/sejour-velo-luberon-ventoux\/\">VENTOUX<\/a>.\r\n\r\nBiking Tour Luberon Ventoux\r\nDiscover the Luberon by bike, the Plateau de Sault and its lavender at the foot of Mont Ventoux. Luberon cycling holiday\r\n\r\nPROGRAM\r\nDay 1: Orange\/ Isle sur Sorgues 41 kms (overnight Isle sur la Sorgues) cycle path Via Venaissia\r\nDay 2: Isle sur Sorgues\/ Roussillon 31 kms (night Roussillon) hilly circuit\r\nDay 3: Roussillon \/ Sault 41 kms (night Sault) circuit\r\nDay 4: Sault\/ Vaison 57 kms (night Vaison) hilly circuit\u00a0 \u00a0 \u00a0 \u00a0 \u00a0 \u00a0 \u00a0 \u00a0 \u00a0 \u00a0 \u00a0 \u00a0 \u00a0 \u00a0 \u00a0 \u00a0 \u00a0 \u00a0 \u00a0 \u00a0 \u00a0 \u00a0 \u00a0 \u00a0 \u00a0 \u00a0 \u00a0 \u00a0 \u00a0 \u00a0 \u00a0 \u00a0 \u00a0 \u00a0 \u00a0 \u00a0 \u00a0 \u00a0 \u00a0 \u00a0 \u00a0 \u00a0 Day 5: Vaison\/ Orange 37 kms hilly circuit\r\n\r\nINTERESTS\r\n\r\nLE SPA THERMAL DE MONTBRUN LES BAINS period opening from 15 March to 20 November reservation mail: montbrun@vavital.fr tel: 04 75 28 80 75\r\n\r\nAt the foot of the medieval village, the thermal spa promises exceptional moments. It is composed of a relaxing aquatic area with a swimming pool, a hamam, a sauna, 2 outdoor jacuzzis with breathtaking views of Mont Ventoux and a large solarium. High quality thermal treatments will be offered with regional products based on essential oils. Biking Tour Luberon Ventoux\r\n\r\nDiscovery of the bike path Via Venaissia\r\nSault Lavender and Honey Distillery\r\nGoat cheese, Sault lamb, Mont Ventoux pork\r\nOchres of Roussillon\r\nWine cellars Gigondas S\u00e9guret\r\nVillages of Provence and the beautiful roads around Mont Ventoux\r\nProvence markets\r\nThe gastronomy of Provence","protected":false},"excerpt":{"rendered":"<p>WEEK-END LUB\u00c9RON TOUR DU VENTOUX 4\/5\/6 NIGHTS<\/p>\n<p>Biking Tour Luberon Ventoux. 5 to 7 days of cycling to discover the most beautiful villages of Luberon, the plateau of Sault and its lavender, the valley of Toulourenc\u2026.<\/p>\n<p>Select this route with roadbook and easily follow the route with your smartphone.<\/p>\n<p>An exceptional getaway by taking the bike path Via Venaissia to the gates of Lub\u00e9ron with the villages of Isle sur la Sorgue, Fontaine de Vaucluse, Gordes, Roussillon and ocher. You will follow the small road of Sault which will make you climb towards the villages of Murs, Monieux, Sault or you will make a stop at the foot of the Ventoux. Further Montbrun les Bains and its thermal baths then the Toulourenc valley. You will head to the plain of the C\u00f4tes du Rh\u00f4ne with Vaison the Roman ancient town after the hillsides of the vineyard of Gigondas. holiday cycling luberon ventoux<\/p>\n<p><span style=\"color: #008000;\"><strong>Request a quote for this cycling tour :<\/strong><\/span><\/p>\n<ol>\n<li>Select your cycling tour and the number of days you want<\/li>\n<li>Add your choice of bike and specify the desired quantities<\/li>\n<li>Add any accessories<\/li>\n<li>Complete the quote request form and send it<\/li>\n<li>We will contact you as soon as possible<\/li>\n<\/ol>\n","protected":false},"featured_media":5483,"template":"","meta":[],"yoast_head":"<!-- This site is optimized with the Yoast SEO plugin v19.3 - https:\/\/yoast.com\/wordpress\/plugins\/seo\/ -->\n<title>Biking Tour Luberon Ventoux | Bike hire Nature Bike<\/title>\n<meta name=\"description\" content=\"Biking Tour Luberon Ventoux. Discover the Luberon by bike, the Plateau de Sault and its lavender at the foot of Mont Ventoux.\" \/>\n<meta name=\"robots\" content=\"index, follow, max-snippet:-1, max-image-preview:large, max-video-preview:-1\" \/>\n<link rel=\"canonical\" href=\"https:\/\/www.nature-bike-provence.com\/en\/bike-tours\/biking-tour-luberon-ventoux\/\" \/>\n<meta property=\"og:locale\" content=\"en_US\" \/>\n<meta property=\"og:type\" content=\"article\" \/>\n<meta property=\"og:title\" content=\"Biking Tour Luberon Ventoux | Bike hire Nature Bike\" \/>\n<meta property=\"og:description\" content=\"Biking Tour Luberon Ventoux. Discover the Luberon by bike, the Plateau de Sault and its lavender at the foot of Mont Ventoux.\" \/>\n<meta property=\"og:url\" content=\"https:\/\/www.nature-bike-provence.com\/en\/bike-tours\/biking-tour-luberon-ventoux\/\" \/>\n<meta property=\"og:site_name\" content=\"Nature &amp; Bike\" \/>\n<meta property=\"article:modified_time\" content=\"2024-03-01T11:12:59+00:00\" \/>\n<meta property=\"og:image\" content=\"https:\/\/www.nature-bike-provence.com\/wp-content\/uploads\/2024\/02\/IMAGE-VENTOUX.jpg\" \/>\n\t<meta property=\"og:image:width\" content=\"1024\" \/>\n\t<meta property=\"og:image:height\" content=\"564\" \/>\n\t<meta property=\"og:image:type\" content=\"image\/jpeg\" \/>\n<meta name=\"twitter:card\" content=\"summary_large_image\" \/>\n<meta name=\"twitter:label1\" content=\"Est. reading time\" \/>\n\t<meta name=\"twitter:data1\" content=\"2 minutes\" \/>\n<script type=\"application\/ld+json\" class=\"yoast-schema-graph\">{\"@context\":\"https:\/\/schema.org\",\"@graph\":[{\"@type\":\"WebSite\",\"@id\":\"https:\/\/www.nature-bike-provence.com\/#website\",\"url\":\"https:\/\/www.nature-bike-provence.com\/\",\"name\":\"Nature &amp; Bike\",\"description\":\"Location de cycles et s\u00e9jours \u00e0 v\u00e9lo en Provence\",\"potentialAction\":[{\"@type\":\"SearchAction\",\"target\":{\"@type\":\"EntryPoint\",\"urlTemplate\":\"https:\/\/www.nature-bike-provence.com\/?s={search_term_string}\"},\"query-input\":\"required name=search_term_string\"}],\"inLanguage\":\"en-US\"},{\"@type\":\"ImageObject\",\"inLanguage\":\"en-US\",\"@id\":\"https:\/\/www.nature-bike-provence.com\/en\/bike-tours\/biking-tour-luberon-ventoux\/#primaryimage\",\"url\":\"https:\/\/www.nature-bike-provence.com\/wp-content\/uploads\/2024\/02\/IMAGE-VENTOUX.jpg\",\"contentUrl\":\"https:\/\/www.nature-bike-provence.com\/wp-content\/uploads\/2024\/02\/IMAGE-VENTOUX.jpg\",\"width\":1024,\"height\":564,\"caption\":\"Biking Tour Luberon Ventoux Discover the Luberon by bike, with Nature bike Provence in Orange\"},{\"@type\":\"WebPage\",\"@id\":\"https:\/\/www.nature-bike-provence.com\/en\/bike-tours\/biking-tour-luberon-ventoux\/\",\"url\":\"https:\/\/www.nature-bike-provence.com\/en\/bike-tours\/biking-tour-luberon-ventoux\/\",\"name\":\"Biking Tour Luberon Ventoux | Bike hire Nature Bike\",\"isPartOf\":{\"@id\":\"https:\/\/www.nature-bike-provence.com\/#website\"},\"primaryImageOfPage\":{\"@id\":\"https:\/\/www.nature-bike-provence.com\/en\/bike-tours\/biking-tour-luberon-ventoux\/#primaryimage\"},\"datePublished\":\"2024-03-01T10:53:44+00:00\",\"dateModified\":\"2024-03-01T11:12:59+00:00\",\"description\":\"Biking Tour Luberon Ventoux. Discover the Luberon by bike, the Plateau de Sault and its lavender at the foot of Mont Ventoux.\",\"breadcrumb\":{\"@id\":\"https:\/\/www.nature-bike-provence.com\/en\/bike-tours\/biking-tour-luberon-ventoux\/#breadcrumb\"},\"inLanguage\":\"en-US\",\"potentialAction\":[{\"@type\":\"ReadAction\",\"target\":[\"https:\/\/www.nature-bike-provence.com\/en\/bike-tours\/biking-tour-luberon-ventoux\/\"]}]},{\"@type\":\"BreadcrumbList\",\"@id\":\"https:\/\/www.nature-bike-provence.com\/en\/bike-tours\/biking-tour-luberon-ventoux\/#breadcrumb\",\"itemListElement\":[{\"@type\":\"ListItem\",\"position\":1,\"name\":\"Accueil\",\"item\":\"https:\/\/www.nature-bike-provence.com\/en\/\"},{\"@type\":\"ListItem\",\"position\":2,\"name\":\"Products\",\"item\":\"https:\/\/www.nature-bike-provence.com\/en\/shop\/\"},{\"@type\":\"ListItem\",\"position\":3,\"name\":\"BIKING TOUR LUBERON VENTOUX\"}]}]}<\/script>\n<!-- \/ Yoast SEO plugin. -->","yoast_head_json":{"title":"Biking Tour Luberon Ventoux | Bike hire Nature Bike","description":"Biking Tour Luberon Ventoux. Discover the Luberon by bike, the Plateau de Sault and its lavender at the foot of Mont Ventoux.","robots":{"index":"index","follow":"follow","max-snippet":"max-snippet:-1","max-image-preview":"max-image-preview:large","max-video-preview":"max-video-preview:-1"},"canonical":"https:\/\/www.nature-bike-provence.com\/en\/bike-tours\/biking-tour-luberon-ventoux\/","og_locale":"en_US","og_type":"article","og_title":"Biking Tour Luberon Ventoux | Bike hire Nature Bike","og_description":"Biking Tour Luberon Ventoux. Discover the Luberon by bike, the Plateau de Sault and its lavender at the foot of Mont Ventoux.","og_url":"https:\/\/www.nature-bike-provence.com\/en\/bike-tours\/biking-tour-luberon-ventoux\/","og_site_name":"Nature &amp; Bike","article_modified_time":"2024-03-01T11:12:59+00:00","og_image":[{"width":1024,"height":564,"url":"https:\/\/www.nature-bike-provence.com\/wp-content\/uploads\/2024\/02\/IMAGE-VENTOUX.jpg","type":"image\/jpeg"}],"twitter_card":"summary_large_image","twitter_misc":{"Est. reading time":"2 minutes"},"schema":{"@context":"https:\/\/schema.org","@graph":[{"@type":"WebSite","@id":"https:\/\/www.nature-bike-provence.com\/#website","url":"https:\/\/www.nature-bike-provence.com\/","name":"Nature &amp; Bike","description":"Location de cycles et s\u00e9jours \u00e0 v\u00e9lo en Provence","potentialAction":[{"@type":"SearchAction","target":{"@type":"EntryPoint","urlTemplate":"https:\/\/www.nature-bike-provence.com\/?s={search_term_string}"},"query-input":"required name=search_term_string"}],"inLanguage":"en-US"},{"@type":"ImageObject","inLanguage":"en-US","@id":"https:\/\/www.nature-bike-provence.com\/en\/bike-tours\/biking-tour-luberon-ventoux\/#primaryimage","url":"https:\/\/www.nature-bike-provence.com\/wp-content\/uploads\/2024\/02\/IMAGE-VENTOUX.jpg","contentUrl":"https:\/\/www.nature-bike-provence.com\/wp-content\/uploads\/2024\/02\/IMAGE-VENTOUX.jpg","width":1024,"height":564,"caption":"Biking Tour Luberon Ventoux Discover the Luberon by bike, with Nature bike Provence in Orange"},{"@type":"WebPage","@id":"https:\/\/www.nature-bike-provence.com\/en\/bike-tours\/biking-tour-luberon-ventoux\/","url":"https:\/\/www.nature-bike-provence.com\/en\/bike-tours\/biking-tour-luberon-ventoux\/","name":"Biking Tour Luberon Ventoux | Bike hire Nature Bike","isPartOf":{"@id":"https:\/\/www.nature-bike-provence.com\/#website"},"primaryImageOfPage":{"@id":"https:\/\/www.nature-bike-provence.com\/en\/bike-tours\/biking-tour-luberon-ventoux\/#primaryimage"},"datePublished":"2024-03-01T10:53:44+00:00","dateModified":"2024-03-01T11:12:59+00:00","description":"Biking Tour Luberon Ventoux. Discover the Luberon by bike, the Plateau de Sault and its lavender at the foot of Mont Ventoux.","breadcrumb":{"@id":"https:\/\/www.nature-bike-provence.com\/en\/bike-tours\/biking-tour-luberon-ventoux\/#breadcrumb"},"inLanguage":"en-US","potentialAction":[{"@type":"ReadAction","target":["https:\/\/www.nature-bike-provence.com\/en\/bike-tours\/biking-tour-luberon-ventoux\/"]}]},{"@type":"BreadcrumbList","@id":"https:\/\/www.nature-bike-provence.com\/en\/bike-tours\/biking-tour-luberon-ventoux\/#breadcrumb","itemListElement":[{"@type":"ListItem","position":1,"name":"Accueil","item":"https:\/\/www.nature-bike-provence.com\/en\/"},{"@type":"ListItem","position":2,"name":"Products","item":"https:\/\/www.nature-bike-provence.com\/en\/shop\/"},{"@type":"ListItem","position":3,"name":"BIKING TOUR LUBERON VENTOUX"}]}]}},"_links":{"self":[{"href":"https:\/\/www.nature-bike-provence.com\/en\/wp-json\/wp\/v2\/product\/5563"}],"collection":[{"href":"https:\/\/www.nature-bike-provence.com\/en\/wp-json\/wp\/v2\/product"}],"about":[{"href":"https:\/\/www.nature-bike-provence.com\/en\/wp-json\/wp\/v2\/types\/product"}],"wp:featuredmedia":[{"embeddable":true,"href":"https:\/\/www.nature-bike-provence.com\/en\/wp-json\/wp\/v2\/media\/5483"}],"wp:attachment":[{"href":"https:\/\/www.nature-bike-provence.com\/en\/wp-json\/wp\/v2\/media?parent=5563"}],"curies":[{"name":"wp","href":"https:\/\/api.w.org\/{rel}","templated":true}]}}