{"id":5554,"date":"2024-03-01T10:51:57","date_gmt":"2024-03-01T09:51:57","guid":{"rendered":"https:\/\/www.nature-bike-provence.com\/?post_type=product&#038;p=5554"},"modified":"2024-03-01T16:02:29","modified_gmt":"2024-03-01T15:02:29","slug":"li-piboulo-and-viarhona","status":"publish","type":"product","link":"https:\/\/www.nature-bike-provence.com\/en\/cycling-day\/li-piboulo-and-viarhona\/","title":{"rendered":"LI PIBOULO &#038; VIA RHONA 30 kms"},"content":{"rendered":"<h3>A 30 km Li Piboulo and <a href=\"https:\/\/www.nature-bike-provence.com\/\">Viarhona<\/a> bike tour<\/h3>\r\nBetween vineyards and orchards of the Rh\u00f4ne go on an adventure, discover a nautical base and its water games, cycling in the countryside, its bike path: ecological happiness is a\r\nreal moment of calm.\r\n\r\nCycle time: 2h20\r\nDeparture by bike: Th\u00e9\u00e2tre Antique\r\nLevel: Easy\/ Family","protected":false},"excerpt":{"rendered":"<p>A bike tour to do with family:\u00a0 Li Piboulo and <a href=\"https:\/\/www.nature-bike-provence.com\/journee\/circui-velo-li-piboulo-et-via-rhona\/\">Viarhona<\/a> \u00a0on 30 km<\/p>\n<p>Select this route with roadbook and easily follow the route with your smartphone.<\/p>\n<p>This flat profile tour is very suitable for a family or nature lovers. You will leave in the direction of Caderousse to turn north towards the footbridge that crosses the river Aygues, by taking the path of the Forks in the direction of Piolenc. You will cross its vineyard, further west the lake Li Piboulo, a place of relaxation family with its banks arranged for fishing, picnics, swimming and the nautical base Warm Park water games, water skiing, wakeboard, etc..<\/p>\n<p>You will have the pleasure of riding on Via Rh\u00f4na for 7kms and enjoy the quiet of a bike path. You will pass not far from the small village of Caderousse to finish this tour in the middle of the various cultures and orchards of the Rh\u00f4ne<\/p>\n<p><span style=\"color: #008000;\"><strong>Request a quote for this cycling tour :<\/strong><\/span><\/p>\n<ol>\n<li>Select your cycling tour and the number of days you want<\/li>\n<li>Add your choice of bike and specify the desired quantities<\/li>\n<li>Add any accessories<\/li>\n<li>Complete the quote request form and send it<\/li>\n<li>We will contact you as soon as possible<\/li>\n<\/ol>\n","protected":false},"featured_media":1961,"template":"","meta":[],"yoast_head":"<!-- This site is optimized with the Yoast SEO plugin v19.3 - https:\/\/yoast.com\/wordpress\/plugins\/seo\/ -->\n<title>Li Piboulo and Viarhona - Nature Bike Provence<\/title>\n<meta name=\"description\" content=\"Li Piboulo and Viarhona. Between vineyards and orchards of the Rh\u00f4ne go on an adventure, discover a nautical base, cycling in the countryside,\" \/>\n<meta name=\"robots\" content=\"index, follow, max-snippet:-1, max-image-preview:large, max-video-preview:-1\" \/>\n<link rel=\"canonical\" href=\"https:\/\/www.nature-bike-provence.com\/en\/cycling-day\/li-piboulo-and-viarhona\/\" \/>\n<meta property=\"og:locale\" content=\"en_US\" \/>\n<meta property=\"og:type\" content=\"article\" \/>\n<meta property=\"og:title\" content=\"Li Piboulo and Viarhona - Nature Bike Provence\" \/>\n<meta property=\"og:description\" content=\"Li Piboulo and Viarhona. Between vineyards and orchards of the Rh\u00f4ne go on an adventure, discover a nautical base, cycling in the countryside,\" \/>\n<meta property=\"og:url\" content=\"https:\/\/www.nature-bike-provence.com\/en\/cycling-day\/li-piboulo-and-viarhona\/\" \/>\n<meta property=\"og:site_name\" content=\"Nature &amp; Bike\" \/>\n<meta property=\"article:modified_time\" content=\"2024-03-01T15:02:29+00:00\" \/>\n<meta property=\"og:image\" content=\"https:\/\/www.nature-bike-provence.com\/wp-content\/uploads\/2022\/05\/famille-velo-scaled.jpg\" \/>\n\t<meta property=\"og:image:width\" content=\"2560\" \/>\n\t<meta property=\"og:image:height\" content=\"1920\" \/>\n\t<meta property=\"og:image:type\" content=\"image\/jpeg\" \/>\n<meta name=\"twitter:card\" content=\"summary_large_image\" \/>\n<meta name=\"twitter:label1\" content=\"Est. reading time\" \/>\n\t<meta name=\"twitter:data1\" content=\"1 minute\" \/>\n<script type=\"application\/ld+json\" class=\"yoast-schema-graph\">{\"@context\":\"https:\/\/schema.org\",\"@graph\":[{\"@type\":\"WebSite\",\"@id\":\"https:\/\/www.nature-bike-provence.com\/#website\",\"url\":\"https:\/\/www.nature-bike-provence.com\/\",\"name\":\"Nature &amp; Bike\",\"description\":\"Location de cycles et s\u00e9jours \u00e0 v\u00e9lo en Provence\",\"potentialAction\":[{\"@type\":\"SearchAction\",\"target\":{\"@type\":\"EntryPoint\",\"urlTemplate\":\"https:\/\/www.nature-bike-provence.com\/?s={search_term_string}\"},\"query-input\":\"required name=search_term_string\"}],\"inLanguage\":\"en-US\"},{\"@type\":\"ImageObject\",\"inLanguage\":\"en-US\",\"@id\":\"https:\/\/www.nature-bike-provence.com\/en\/cycling-day\/li-piboulo-and-viarhona\/#primaryimage\",\"url\":\"https:\/\/www.nature-bike-provence.com\/wp-content\/uploads\/2022\/05\/famille-velo-scaled.jpg\",\"contentUrl\":\"https:\/\/www.nature-bike-provence.com\/wp-content\/uploads\/2022\/05\/famille-velo-scaled.jpg\",\"width\":2560,\"height\":1920,\"caption\":\"cof\"},{\"@type\":\"WebPage\",\"@id\":\"https:\/\/www.nature-bike-provence.com\/en\/cycling-day\/li-piboulo-and-viarhona\/\",\"url\":\"https:\/\/www.nature-bike-provence.com\/en\/cycling-day\/li-piboulo-and-viarhona\/\",\"name\":\"Li Piboulo and Viarhona - Nature Bike Provence\",\"isPartOf\":{\"@id\":\"https:\/\/www.nature-bike-provence.com\/#website\"},\"primaryImageOfPage\":{\"@id\":\"https:\/\/www.nature-bike-provence.com\/en\/cycling-day\/li-piboulo-and-viarhona\/#primaryimage\"},\"datePublished\":\"2024-03-01T09:51:57+00:00\",\"dateModified\":\"2024-03-01T15:02:29+00:00\",\"description\":\"Li Piboulo and Viarhona. Between vineyards and orchards of the Rh\u00f4ne go on an adventure, discover a nautical base, cycling in the countryside,\",\"breadcrumb\":{\"@id\":\"https:\/\/www.nature-bike-provence.com\/en\/cycling-day\/li-piboulo-and-viarhona\/#breadcrumb\"},\"inLanguage\":\"en-US\",\"potentialAction\":[{\"@type\":\"ReadAction\",\"target\":[\"https:\/\/www.nature-bike-provence.com\/en\/cycling-day\/li-piboulo-and-viarhona\/\"]}]},{\"@type\":\"BreadcrumbList\",\"@id\":\"https:\/\/www.nature-bike-provence.com\/en\/cycling-day\/li-piboulo-and-viarhona\/#breadcrumb\",\"itemListElement\":[{\"@type\":\"ListItem\",\"position\":1,\"name\":\"Accueil\",\"item\":\"https:\/\/www.nature-bike-provence.com\/en\/\"},{\"@type\":\"ListItem\",\"position\":2,\"name\":\"Products\",\"item\":\"https:\/\/www.nature-bike-provence.com\/en\/shop\/\"},{\"@type\":\"ListItem\",\"position\":3,\"name\":\"LI PIBOULO &#038; VIA RHONA 30 kms\"}]}]}<\/script>\n<!-- \/ Yoast SEO plugin. -->","yoast_head_json":{"title":"Li Piboulo and Viarhona - Nature Bike Provence","description":"Li Piboulo and Viarhona. Between vineyards and orchards of the Rh\u00f4ne go on an adventure, discover a nautical base, cycling in the countryside,","robots":{"index":"index","follow":"follow","max-snippet":"max-snippet:-1","max-image-preview":"max-image-preview:large","max-video-preview":"max-video-preview:-1"},"canonical":"https:\/\/www.nature-bike-provence.com\/en\/cycling-day\/li-piboulo-and-viarhona\/","og_locale":"en_US","og_type":"article","og_title":"Li Piboulo and Viarhona - Nature Bike Provence","og_description":"Li Piboulo and Viarhona. Between vineyards and orchards of the Rh\u00f4ne go on an adventure, discover a nautical base, cycling in the countryside,","og_url":"https:\/\/www.nature-bike-provence.com\/en\/cycling-day\/li-piboulo-and-viarhona\/","og_site_name":"Nature &amp; Bike","article_modified_time":"2024-03-01T15:02:29+00:00","og_image":[{"width":2560,"height":1920,"url":"https:\/\/www.nature-bike-provence.com\/wp-content\/uploads\/2022\/05\/famille-velo-scaled.jpg","type":"image\/jpeg"}],"twitter_card":"summary_large_image","twitter_misc":{"Est. reading time":"1 minute"},"schema":{"@context":"https:\/\/schema.org","@graph":[{"@type":"WebSite","@id":"https:\/\/www.nature-bike-provence.com\/#website","url":"https:\/\/www.nature-bike-provence.com\/","name":"Nature &amp; Bike","description":"Location de cycles et s\u00e9jours \u00e0 v\u00e9lo en Provence","potentialAction":[{"@type":"SearchAction","target":{"@type":"EntryPoint","urlTemplate":"https:\/\/www.nature-bike-provence.com\/?s={search_term_string}"},"query-input":"required name=search_term_string"}],"inLanguage":"en-US"},{"@type":"ImageObject","inLanguage":"en-US","@id":"https:\/\/www.nature-bike-provence.com\/en\/cycling-day\/li-piboulo-and-viarhona\/#primaryimage","url":"https:\/\/www.nature-bike-provence.com\/wp-content\/uploads\/2022\/05\/famille-velo-scaled.jpg","contentUrl":"https:\/\/www.nature-bike-provence.com\/wp-content\/uploads\/2022\/05\/famille-velo-scaled.jpg","width":2560,"height":1920,"caption":"cof"},{"@type":"WebPage","@id":"https:\/\/www.nature-bike-provence.com\/en\/cycling-day\/li-piboulo-and-viarhona\/","url":"https:\/\/www.nature-bike-provence.com\/en\/cycling-day\/li-piboulo-and-viarhona\/","name":"Li Piboulo and Viarhona - Nature Bike Provence","isPartOf":{"@id":"https:\/\/www.nature-bike-provence.com\/#website"},"primaryImageOfPage":{"@id":"https:\/\/www.nature-bike-provence.com\/en\/cycling-day\/li-piboulo-and-viarhona\/#primaryimage"},"datePublished":"2024-03-01T09:51:57+00:00","dateModified":"2024-03-01T15:02:29+00:00","description":"Li Piboulo and Viarhona. Between vineyards and orchards of the Rh\u00f4ne go on an adventure, discover a nautical base, cycling in the countryside,","breadcrumb":{"@id":"https:\/\/www.nature-bike-provence.com\/en\/cycling-day\/li-piboulo-and-viarhona\/#breadcrumb"},"inLanguage":"en-US","potentialAction":[{"@type":"ReadAction","target":["https:\/\/www.nature-bike-provence.com\/en\/cycling-day\/li-piboulo-and-viarhona\/"]}]},{"@type":"BreadcrumbList","@id":"https:\/\/www.nature-bike-provence.com\/en\/cycling-day\/li-piboulo-and-viarhona\/#breadcrumb","itemListElement":[{"@type":"ListItem","position":1,"name":"Accueil","item":"https:\/\/www.nature-bike-provence.com\/en\/"},{"@type":"ListItem","position":2,"name":"Products","item":"https:\/\/www.nature-bike-provence.com\/en\/shop\/"},{"@type":"ListItem","position":3,"name":"LI PIBOULO &#038; VIA RHONA 30 kms"}]}]}},"_links":{"self":[{"href":"https:\/\/www.nature-bike-provence.com\/en\/wp-json\/wp\/v2\/product\/5554"}],"collection":[{"href":"https:\/\/www.nature-bike-provence.com\/en\/wp-json\/wp\/v2\/product"}],"about":[{"href":"https:\/\/www.nature-bike-provence.com\/en\/wp-json\/wp\/v2\/types\/product"}],"wp:featuredmedia":[{"embeddable":true,"href":"https:\/\/www.nature-bike-provence.com\/en\/wp-json\/wp\/v2\/media\/1961"}],"wp:attachment":[{"href":"https:\/\/www.nature-bike-provence.com\/en\/wp-json\/wp\/v2\/media?parent=5554"}],"curies":[{"name":"wp","href":"https:\/\/api.w.org\/{rel}","templated":true}]}}