{"id":1696,"date":"2019-05-28T11:45:47","date_gmt":"2019-05-28T09:45:47","guid":{"rendered":"https:\/\/www.nature-bike-provence.com\/?post_type=product&#038;p=1696"},"modified":"2024-02-06T11:59:08","modified_gmt":"2024-02-06T10:59:08","slug":"e-bike-yamaha","status":"publish","type":"product","link":"https:\/\/www.nature-bike-provence.com\/en\/bike-rental\/cycles-en\/e-bike-yamaha\/","title":{"rendered":"E-bike"},"content":{"rendered":"<h3><span id=\"s2_1\">The Yamaha D8 e-Salsa +:<\/span><\/h3>\r\n<span id=\"s2_2\">From the <strong>GITANE 2017<\/strong> range, it is also equipped with a 36 V battery \u2013 11 Ah \/ 400 Wh for a truly established range of 70 and 110 kms.<\/span>\r\n<span id=\"s2_3\"><\/span>\r\n\r\n<strong><span id=\"s2_3\">Features:<\/span><\/strong>\r\n<ul>\r\n \t<li><span id=\"s2_4\">Aluminium frame<\/span>\r\n<span id=\"s2_5\"><\/span><\/li>\r\n \t<li><span id=\"s2_5\">Yamaha 80 Nm central engine<\/span>\r\n<span id=\"s2_6\"><\/span><\/li>\r\n \t<li><span id=\"s2_6\">Shimano Altus 8-speed rear derailleur<\/span>\r\n<span id=\"s2_7\"><\/span><\/li>\r\n \t<li><span id=\"s2_7\">Brakes V-Brake Acera<\/span>\r\n<span id=\"s2_8\"><\/span><\/li>\r\n \t<li><span id=\"s2_8\">Luggage rack<\/span>\r\n<span id=\"s2_9\"><\/span><\/li>\r\n \t<li><span id=\"s2_9\">Spectra Fluito saddle<\/span>\r\n<span id=\"s2_10\"><\/span><\/li>\r\n \t<li><span id=\"s2_10\">Adjustable Rod 95-145\u00b0<\/span>\r\n<span id=\"s2_11\"><\/span><\/li>\r\n \t<li><span id=\"s2_11\">Charging time 4 \u2013 5 hours<\/span>\r\n<span id=\"s2_12\"><\/span><\/li>\r\n \t<li><span id=\"s2_12\">Actual range 60 to 80 km<\/span>\r\n<span id=\"s2_13\"><\/span><\/li>\r\n \t<li><span id=\"s2_13\">Electrical assistance<\/span>\r\n<span id=\"s2_14\"><\/span><\/li>\r\n \t<li><span id=\"s2_14\">Pressure sensor (proportional)<\/span>\r\n<span id=\"s2_15\"><\/span><\/li>\r\n \t<li><span id=\"s2_15\">Battery type Lithium-ion<\/span>\r\n<span id=\"s2_16\"><\/span><\/li>\r\n \t<li><span id=\"s2_16\">Battery capacity 36 V \u2013 11.1 Ah \/ 400 Wh<\/span>\r\n<span id=\"s2_17\"><\/span><\/li>\r\n \t<li><span id=\"s2_17\">Engine torque 80 Nm<\/span>\r\n<span id=\"s2_18\"><\/span><\/li>\r\n \t<li><span id=\"s2_18\">Max speed 25 km\/h assiste<\/span><\/li>\r\n \t<li><span id=\"s2_19\">Bicycle Approval<\/span>\r\n<span id=\"s2_20\"><\/span><\/li>\r\n \t<li><span id=\"s2_20\">Spectra E Pergo 700 x 42C tires<\/span>\r\n<span id=\"s2_21\"><\/span><\/li>\r\n \t<li><span id=\"s2_21\">Lighting L.E.D<\/span><\/li>\r\n<\/ul>","protected":false},"excerpt":{"rendered":"<p><span id=\"s2_1\">The Gitane e-salsa Yamaha D8 is an electric bike equipped with the Yamaha engine, with a maximum torque of 80 Nm.<\/span><br \/>\n<span id=\"s2_2\">This progressive and dynamic electric bike will help you in all situations: coast start, traffic management, acceleration&#8230;<\/span><br \/>\n<span id=\"s2_3\"><\/span><\/p>\n<p><span id=\"s2_3\">This electric bike rental is a good choice for an optimal cycling stay.<\/span><\/p>\n<p><span style=\"color: #008000;\"><strong>Request a quote:<\/strong><\/span><\/p>\n<ol>\n<li>Select the desired rental duration (e.g.: 1 day, 2 days, etc.)<\/li>\n<li>Specify the number of e-bike desired<\/li>\n<li>Then click on Add to quote (you can modify your selection in your quote by clicking on the basket at the top right)<\/li>\n<li>Add another type of bike and\/or accessory if necessary<\/li>\n<li>Optional: Select a cycling tour with roadbook and follow the route on your smartphone<\/li>\n<\/ol>\n","protected":false},"featured_media":973,"template":"","meta":[],"yoast_head":"<!-- This site is optimized with the Yoast SEO plugin v19.3 - https:\/\/yoast.com\/wordpress\/plugins\/seo\/ -->\n<title>Electric bike rental in Provence | Electric bike rental in Orange<\/title>\n<meta name=\"description\" content=\"This progressive electric bike will help you in all situations during your cycling stay. Electric bike rental at Nature &amp; Bike.\" \/>\n<meta name=\"robots\" content=\"index, follow, max-snippet:-1, max-image-preview:large, max-video-preview:-1\" \/>\n<link rel=\"canonical\" href=\"https:\/\/www.nature-bike-provence.com\/en\/bike-rental\/cycles-en\/e-bike-yamaha\/\" \/>\n<meta property=\"og:locale\" content=\"en_US\" \/>\n<meta property=\"og:type\" content=\"article\" \/>\n<meta property=\"og:title\" content=\"Electric bike rental in Provence | Electric bike rental in Orange\" \/>\n<meta property=\"og:description\" content=\"This progressive electric bike will help you in all situations during your cycling stay. Electric bike rental at Nature &amp; Bike.\" \/>\n<meta property=\"og:url\" content=\"https:\/\/www.nature-bike-provence.com\/en\/bike-rental\/cycles-en\/e-bike-yamaha\/\" \/>\n<meta property=\"og:site_name\" content=\"Nature &amp; Bike\" \/>\n<meta property=\"article:modified_time\" content=\"2024-02-06T10:59:08+00:00\" \/>\n<meta property=\"og:image\" content=\"https:\/\/www.nature-bike-provence.com\/wp-content\/uploads\/2019\/02\/velo-electrique.jpg\" \/>\n\t<meta property=\"og:image:width\" content=\"779\" \/>\n\t<meta property=\"og:image:height\" content=\"779\" \/>\n\t<meta property=\"og:image:type\" content=\"image\/jpeg\" \/>\n<meta name=\"twitter:card\" content=\"summary_large_image\" \/>\n<meta name=\"twitter:label1\" content=\"Est. reading time\" \/>\n\t<meta name=\"twitter:data1\" content=\"1 minute\" \/>\n<script type=\"application\/ld+json\" class=\"yoast-schema-graph\">{\"@context\":\"https:\/\/schema.org\",\"@graph\":[{\"@type\":\"WebSite\",\"@id\":\"https:\/\/www.nature-bike-provence.com\/#website\",\"url\":\"https:\/\/www.nature-bike-provence.com\/\",\"name\":\"Nature &amp; Bike\",\"description\":\"Location de cycles et s\u00e9jours \u00e0 v\u00e9lo en Provence\",\"potentialAction\":[{\"@type\":\"SearchAction\",\"target\":{\"@type\":\"EntryPoint\",\"urlTemplate\":\"https:\/\/www.nature-bike-provence.com\/?s={search_term_string}\"},\"query-input\":\"required name=search_term_string\"}],\"inLanguage\":\"en-US\"},{\"@type\":\"ImageObject\",\"inLanguage\":\"en-US\",\"@id\":\"https:\/\/www.nature-bike-provence.com\/en\/bike-rental\/cycles-en\/e-bike-yamaha\/#primaryimage\",\"url\":\"https:\/\/www.nature-bike-provence.com\/wp-content\/uploads\/2019\/02\/velo-electrique.jpg\",\"contentUrl\":\"https:\/\/www.nature-bike-provence.com\/wp-content\/uploads\/2019\/02\/velo-electrique.jpg\",\"width\":779,\"height\":779,\"caption\":\"v\u00e9lo \u00e9lectrique\"},{\"@type\":\"WebPage\",\"@id\":\"https:\/\/www.nature-bike-provence.com\/en\/bike-rental\/cycles-en\/e-bike-yamaha\/\",\"url\":\"https:\/\/www.nature-bike-provence.com\/en\/bike-rental\/cycles-en\/e-bike-yamaha\/\",\"name\":\"Electric bike rental in Provence | Electric bike rental in Orange\",\"isPartOf\":{\"@id\":\"https:\/\/www.nature-bike-provence.com\/#website\"},\"primaryImageOfPage\":{\"@id\":\"https:\/\/www.nature-bike-provence.com\/en\/bike-rental\/cycles-en\/e-bike-yamaha\/#primaryimage\"},\"datePublished\":\"2019-05-28T09:45:47+00:00\",\"dateModified\":\"2024-02-06T10:59:08+00:00\",\"description\":\"This progressive electric bike will help you in all situations during your cycling stay. Electric bike rental at Nature & Bike.\",\"breadcrumb\":{\"@id\":\"https:\/\/www.nature-bike-provence.com\/en\/bike-rental\/cycles-en\/e-bike-yamaha\/#breadcrumb\"},\"inLanguage\":\"en-US\",\"potentialAction\":[{\"@type\":\"ReadAction\",\"target\":[\"https:\/\/www.nature-bike-provence.com\/en\/bike-rental\/cycles-en\/e-bike-yamaha\/\"]}]},{\"@type\":\"BreadcrumbList\",\"@id\":\"https:\/\/www.nature-bike-provence.com\/en\/bike-rental\/cycles-en\/e-bike-yamaha\/#breadcrumb\",\"itemListElement\":[{\"@type\":\"ListItem\",\"position\":1,\"name\":\"Accueil\",\"item\":\"https:\/\/www.nature-bike-provence.com\/en\/\"},{\"@type\":\"ListItem\",\"position\":2,\"name\":\"Products\",\"item\":\"https:\/\/www.nature-bike-provence.com\/en\/shop\/\"},{\"@type\":\"ListItem\",\"position\":3,\"name\":\"E-bike\"}]}]}<\/script>\n<!-- \/ Yoast SEO plugin. -->","yoast_head_json":{"title":"Electric bike rental in Provence | Electric bike rental in Orange","description":"This progressive electric bike will help you in all situations during your cycling stay. Electric bike rental at Nature & Bike.","robots":{"index":"index","follow":"follow","max-snippet":"max-snippet:-1","max-image-preview":"max-image-preview:large","max-video-preview":"max-video-preview:-1"},"canonical":"https:\/\/www.nature-bike-provence.com\/en\/bike-rental\/cycles-en\/e-bike-yamaha\/","og_locale":"en_US","og_type":"article","og_title":"Electric bike rental in Provence | Electric bike rental in Orange","og_description":"This progressive electric bike will help you in all situations during your cycling stay. Electric bike rental at Nature & Bike.","og_url":"https:\/\/www.nature-bike-provence.com\/en\/bike-rental\/cycles-en\/e-bike-yamaha\/","og_site_name":"Nature &amp; Bike","article_modified_time":"2024-02-06T10:59:08+00:00","og_image":[{"width":779,"height":779,"url":"https:\/\/www.nature-bike-provence.com\/wp-content\/uploads\/2019\/02\/velo-electrique.jpg","type":"image\/jpeg"}],"twitter_card":"summary_large_image","twitter_misc":{"Est. reading time":"1 minute"},"schema":{"@context":"https:\/\/schema.org","@graph":[{"@type":"WebSite","@id":"https:\/\/www.nature-bike-provence.com\/#website","url":"https:\/\/www.nature-bike-provence.com\/","name":"Nature &amp; Bike","description":"Location de cycles et s\u00e9jours \u00e0 v\u00e9lo en Provence","potentialAction":[{"@type":"SearchAction","target":{"@type":"EntryPoint","urlTemplate":"https:\/\/www.nature-bike-provence.com\/?s={search_term_string}"},"query-input":"required name=search_term_string"}],"inLanguage":"en-US"},{"@type":"ImageObject","inLanguage":"en-US","@id":"https:\/\/www.nature-bike-provence.com\/en\/bike-rental\/cycles-en\/e-bike-yamaha\/#primaryimage","url":"https:\/\/www.nature-bike-provence.com\/wp-content\/uploads\/2019\/02\/velo-electrique.jpg","contentUrl":"https:\/\/www.nature-bike-provence.com\/wp-content\/uploads\/2019\/02\/velo-electrique.jpg","width":779,"height":779,"caption":"v\u00e9lo \u00e9lectrique"},{"@type":"WebPage","@id":"https:\/\/www.nature-bike-provence.com\/en\/bike-rental\/cycles-en\/e-bike-yamaha\/","url":"https:\/\/www.nature-bike-provence.com\/en\/bike-rental\/cycles-en\/e-bike-yamaha\/","name":"Electric bike rental in Provence | Electric bike rental in Orange","isPartOf":{"@id":"https:\/\/www.nature-bike-provence.com\/#website"},"primaryImageOfPage":{"@id":"https:\/\/www.nature-bike-provence.com\/en\/bike-rental\/cycles-en\/e-bike-yamaha\/#primaryimage"},"datePublished":"2019-05-28T09:45:47+00:00","dateModified":"2024-02-06T10:59:08+00:00","description":"This progressive electric bike will help you in all situations during your cycling stay. Electric bike rental at Nature & Bike.","breadcrumb":{"@id":"https:\/\/www.nature-bike-provence.com\/en\/bike-rental\/cycles-en\/e-bike-yamaha\/#breadcrumb"},"inLanguage":"en-US","potentialAction":[{"@type":"ReadAction","target":["https:\/\/www.nature-bike-provence.com\/en\/bike-rental\/cycles-en\/e-bike-yamaha\/"]}]},{"@type":"BreadcrumbList","@id":"https:\/\/www.nature-bike-provence.com\/en\/bike-rental\/cycles-en\/e-bike-yamaha\/#breadcrumb","itemListElement":[{"@type":"ListItem","position":1,"name":"Accueil","item":"https:\/\/www.nature-bike-provence.com\/en\/"},{"@type":"ListItem","position":2,"name":"Products","item":"https:\/\/www.nature-bike-provence.com\/en\/shop\/"},{"@type":"ListItem","position":3,"name":"E-bike"}]}]}},"_links":{"self":[{"href":"https:\/\/www.nature-bike-provence.com\/en\/wp-json\/wp\/v2\/product\/1696"}],"collection":[{"href":"https:\/\/www.nature-bike-provence.com\/en\/wp-json\/wp\/v2\/product"}],"about":[{"href":"https:\/\/www.nature-bike-provence.com\/en\/wp-json\/wp\/v2\/types\/product"}],"wp:featuredmedia":[{"embeddable":true,"href":"https:\/\/www.nature-bike-provence.com\/en\/wp-json\/wp\/v2\/media\/973"}],"wp:attachment":[{"href":"https:\/\/www.nature-bike-provence.com\/en\/wp-json\/wp\/v2\/media?parent=1696"}],"curies":[{"name":"wp","href":"https:\/\/api.w.org\/{rel}","templated":true}]}}