{"id":1646,"date":"2019-03-01T13:50:11","date_gmt":"2019-03-01T12:50:11","guid":{"rendered":"https:\/\/www.nature-bike-provence.com\/uncategorized\/child-bike-sits\/"},"modified":"2024-02-06T14:47:14","modified_gmt":"2024-02-06T13:47:14","slug":"child-bike-sits","status":"publish","type":"product","link":"https:\/\/www.nature-bike-provence.com\/en\/bike-rental\/accessories\/child-bike-sits\/","title":{"rendered":"Child bike sits"},"content":{"rendered":"<h3><span id=\"s2_1\">Bicycle seat rental for children<\/span><\/h3>\r\n<span id=\"s2_2\">A child seat designed to position very easily on the luggage rack of the bike and in a completely safe way.<\/span>\r\n\r\n<span id=\"s2_3\">Child weight: between 9 and 22 kgs.<\/span>","protected":false},"excerpt":{"rendered":"<p><span id=\"s2_1\">Rent a baby seat for bicycle, classic luggage holder attachment with ISO11243 standard.<\/span><br \/>\n<span id=\"s2_2\">Go for a bike ride with your baby comfortably seated.<\/span><\/p>\n","protected":false},"featured_media":1059,"template":"","meta":[],"yoast_head":"<!-- This site is optimized with the Yoast SEO plugin v19.3 - https:\/\/yoast.com\/wordpress\/plugins\/seo\/ -->\n<title>Child bike sits - Nature &amp; Bike<\/title>\n<meta name=\"robots\" content=\"index, follow, max-snippet:-1, max-image-preview:large, max-video-preview:-1\" \/>\n<link rel=\"canonical\" href=\"https:\/\/www.nature-bike-provence.com\/en\/bike-rental\/accessories\/child-bike-sits\/\" \/>\n<meta property=\"og:locale\" content=\"en_US\" \/>\n<meta property=\"og:type\" content=\"article\" \/>\n<meta property=\"og:title\" content=\"Child bike sits - Nature &amp; Bike\" \/>\n<meta property=\"og:description\" content=\"Rent a baby seat for bicycle, classic luggage holder attachment with ISO11243 standard. Go for a bike ride with your baby comfortably seated.\" \/>\n<meta property=\"og:url\" content=\"https:\/\/www.nature-bike-provence.com\/en\/bike-rental\/accessories\/child-bike-sits\/\" \/>\n<meta property=\"og:site_name\" content=\"Nature &amp; Bike\" \/>\n<meta property=\"article:modified_time\" content=\"2024-02-06T13:47:14+00:00\" \/>\n<meta property=\"og:image\" content=\"https:\/\/www.nature-bike-provence.com\/wp-content\/uploads\/2019\/03\/siege-bebe-velo.jpg\" \/>\n\t<meta property=\"og:image:width\" content=\"440\" \/>\n\t<meta property=\"og:image:height\" content=\"440\" \/>\n\t<meta property=\"og:image:type\" content=\"image\/jpeg\" \/>\n<meta name=\"twitter:card\" content=\"summary_large_image\" \/>\n<meta name=\"twitter:label1\" content=\"Est. reading time\" \/>\n\t<meta name=\"twitter:data1\" content=\"1 minute\" \/>\n<script type=\"application\/ld+json\" class=\"yoast-schema-graph\">{\"@context\":\"https:\/\/schema.org\",\"@graph\":[{\"@type\":\"WebSite\",\"@id\":\"https:\/\/www.nature-bike-provence.com\/#website\",\"url\":\"https:\/\/www.nature-bike-provence.com\/\",\"name\":\"Nature &amp; Bike\",\"description\":\"Location de cycles et s\u00e9jours \u00e0 v\u00e9lo en Provence\",\"potentialAction\":[{\"@type\":\"SearchAction\",\"target\":{\"@type\":\"EntryPoint\",\"urlTemplate\":\"https:\/\/www.nature-bike-provence.com\/?s={search_term_string}\"},\"query-input\":\"required name=search_term_string\"}],\"inLanguage\":\"en-US\"},{\"@type\":\"ImageObject\",\"inLanguage\":\"en-US\",\"@id\":\"https:\/\/www.nature-bike-provence.com\/en\/bike-rental\/accessories\/child-bike-sits\/#primaryimage\",\"url\":\"https:\/\/www.nature-bike-provence.com\/wp-content\/uploads\/2019\/03\/siege-bebe-velo.jpg\",\"contentUrl\":\"https:\/\/www.nature-bike-provence.com\/wp-content\/uploads\/2019\/03\/siege-bebe-velo.jpg\",\"width\":440,\"height\":440},{\"@type\":\"WebPage\",\"@id\":\"https:\/\/www.nature-bike-provence.com\/en\/bike-rental\/accessories\/child-bike-sits\/\",\"url\":\"https:\/\/www.nature-bike-provence.com\/en\/bike-rental\/accessories\/child-bike-sits\/\",\"name\":\"Child bike sits - Nature &amp; Bike\",\"isPartOf\":{\"@id\":\"https:\/\/www.nature-bike-provence.com\/#website\"},\"primaryImageOfPage\":{\"@id\":\"https:\/\/www.nature-bike-provence.com\/en\/bike-rental\/accessories\/child-bike-sits\/#primaryimage\"},\"datePublished\":\"2019-03-01T12:50:11+00:00\",\"dateModified\":\"2024-02-06T13:47:14+00:00\",\"breadcrumb\":{\"@id\":\"https:\/\/www.nature-bike-provence.com\/en\/bike-rental\/accessories\/child-bike-sits\/#breadcrumb\"},\"inLanguage\":\"en-US\",\"potentialAction\":[{\"@type\":\"ReadAction\",\"target\":[\"https:\/\/www.nature-bike-provence.com\/en\/bike-rental\/accessories\/child-bike-sits\/\"]}]},{\"@type\":\"BreadcrumbList\",\"@id\":\"https:\/\/www.nature-bike-provence.com\/en\/bike-rental\/accessories\/child-bike-sits\/#breadcrumb\",\"itemListElement\":[{\"@type\":\"ListItem\",\"position\":1,\"name\":\"Accueil\",\"item\":\"https:\/\/www.nature-bike-provence.com\/en\/\"},{\"@type\":\"ListItem\",\"position\":2,\"name\":\"Products\",\"item\":\"https:\/\/www.nature-bike-provence.com\/en\/shop\/\"},{\"@type\":\"ListItem\",\"position\":3,\"name\":\"Child bike sits\"}]}]}<\/script>\n<!-- \/ Yoast SEO plugin. -->","yoast_head_json":{"title":"Child bike sits - Nature &amp; Bike","robots":{"index":"index","follow":"follow","max-snippet":"max-snippet:-1","max-image-preview":"max-image-preview:large","max-video-preview":"max-video-preview:-1"},"canonical":"https:\/\/www.nature-bike-provence.com\/en\/bike-rental\/accessories\/child-bike-sits\/","og_locale":"en_US","og_type":"article","og_title":"Child bike sits - Nature &amp; Bike","og_description":"Rent a baby seat for bicycle, classic luggage holder attachment with ISO11243 standard. Go for a bike ride with your baby comfortably seated.","og_url":"https:\/\/www.nature-bike-provence.com\/en\/bike-rental\/accessories\/child-bike-sits\/","og_site_name":"Nature &amp; Bike","article_modified_time":"2024-02-06T13:47:14+00:00","og_image":[{"width":440,"height":440,"url":"https:\/\/www.nature-bike-provence.com\/wp-content\/uploads\/2019\/03\/siege-bebe-velo.jpg","type":"image\/jpeg"}],"twitter_card":"summary_large_image","twitter_misc":{"Est. reading time":"1 minute"},"schema":{"@context":"https:\/\/schema.org","@graph":[{"@type":"WebSite","@id":"https:\/\/www.nature-bike-provence.com\/#website","url":"https:\/\/www.nature-bike-provence.com\/","name":"Nature &amp; Bike","description":"Location de cycles et s\u00e9jours \u00e0 v\u00e9lo en Provence","potentialAction":[{"@type":"SearchAction","target":{"@type":"EntryPoint","urlTemplate":"https:\/\/www.nature-bike-provence.com\/?s={search_term_string}"},"query-input":"required name=search_term_string"}],"inLanguage":"en-US"},{"@type":"ImageObject","inLanguage":"en-US","@id":"https:\/\/www.nature-bike-provence.com\/en\/bike-rental\/accessories\/child-bike-sits\/#primaryimage","url":"https:\/\/www.nature-bike-provence.com\/wp-content\/uploads\/2019\/03\/siege-bebe-velo.jpg","contentUrl":"https:\/\/www.nature-bike-provence.com\/wp-content\/uploads\/2019\/03\/siege-bebe-velo.jpg","width":440,"height":440},{"@type":"WebPage","@id":"https:\/\/www.nature-bike-provence.com\/en\/bike-rental\/accessories\/child-bike-sits\/","url":"https:\/\/www.nature-bike-provence.com\/en\/bike-rental\/accessories\/child-bike-sits\/","name":"Child bike sits - Nature &amp; Bike","isPartOf":{"@id":"https:\/\/www.nature-bike-provence.com\/#website"},"primaryImageOfPage":{"@id":"https:\/\/www.nature-bike-provence.com\/en\/bike-rental\/accessories\/child-bike-sits\/#primaryimage"},"datePublished":"2019-03-01T12:50:11+00:00","dateModified":"2024-02-06T13:47:14+00:00","breadcrumb":{"@id":"https:\/\/www.nature-bike-provence.com\/en\/bike-rental\/accessories\/child-bike-sits\/#breadcrumb"},"inLanguage":"en-US","potentialAction":[{"@type":"ReadAction","target":["https:\/\/www.nature-bike-provence.com\/en\/bike-rental\/accessories\/child-bike-sits\/"]}]},{"@type":"BreadcrumbList","@id":"https:\/\/www.nature-bike-provence.com\/en\/bike-rental\/accessories\/child-bike-sits\/#breadcrumb","itemListElement":[{"@type":"ListItem","position":1,"name":"Accueil","item":"https:\/\/www.nature-bike-provence.com\/en\/"},{"@type":"ListItem","position":2,"name":"Products","item":"https:\/\/www.nature-bike-provence.com\/en\/shop\/"},{"@type":"ListItem","position":3,"name":"Child bike sits"}]}]}},"_links":{"self":[{"href":"https:\/\/www.nature-bike-provence.com\/en\/wp-json\/wp\/v2\/product\/1646"}],"collection":[{"href":"https:\/\/www.nature-bike-provence.com\/en\/wp-json\/wp\/v2\/product"}],"about":[{"href":"https:\/\/www.nature-bike-provence.com\/en\/wp-json\/wp\/v2\/types\/product"}],"wp:featuredmedia":[{"embeddable":true,"href":"https:\/\/www.nature-bike-provence.com\/en\/wp-json\/wp\/v2\/media\/1059"}],"wp:attachment":[{"href":"https:\/\/www.nature-bike-provence.com\/en\/wp-json\/wp\/v2\/media?parent=1646"}],"curies":[{"name":"wp","href":"https:\/\/api.w.org\/{rel}","templated":true}]}}