{"id":1585,"date":"2019-03-08T18:06:00","date_gmt":"2019-03-08T17:06:00","guid":{"rendered":"https:\/\/www.nature-bike-provence.com\/uncategorized\/biking-tour-earth-of-olive-trees\/"},"modified":"2024-02-06T12:17:21","modified_gmt":"2024-02-06T11:17:21","slug":"biking-tour-earth-of-olive-trees","status":"publish","type":"product","link":"https:\/\/www.nature-bike-provence.com\/en\/bike-tours\/biking-tour-earth-of-olive-trees\/","title":{"rendered":"Biking tour earth of olive trees"},"content":{"rendered":"<h3><span id=\"s2_1\">Program<\/span><\/h3>\r\n<span id=\"s2_2\">Day 1: Orange\/ Visan 30 kms (overnight stay Visan) flat circuit<\/span>\r\n<span id=\"s2_3\">Day 2: Visan\/ Nyons 34 kms (overnight Nyons) hilly circuit<\/span>\r\n<span id=\"s2_4\">Day 3: Nyons\/ Vaison 34 kms (overnight Vaison) hilly circuit<\/span>\r\n<span id=\"s2_5\">Day 4: Vaison\/ Orange 39 kms flat circuit<\/span>\r\n<span id=\"s2_6\"><\/span>\r\n\r\n<strong><span id=\"s2_6\">Areas of interest<\/span><\/strong>\r\n<ul>\r\n \t<li><span id=\"s2_7\">Discovery of olive oil (tasting, museum of olive, producers, oil mill)<\/span><\/li>\r\n \t<li><span id=\"s2_8\">Distillerie de lavande<\/span><\/li>\r\n \t<li><span id=\"s2_9\">Soap factories, cosmetics<\/span><\/li>\r\n \t<li><span id=\"s2_10\">Vinegar<\/span><\/li>\r\n \t<li><span id=\"s2_11\">Wine cellars<\/span><\/li>\r\n \t<li><span id=\"s2_12\">Villages of Provence<\/span><\/li>\r\n \t<li><span id=\"s2_13\">The markets of Provence<\/span><\/li>\r\n \t<li><span id=\"s2_14\">The Proven\u00e7al gastronomy<\/span><\/li>\r\n<\/ul>\r\n<strong><span id=\"s2_15\">Market days (8h\/ 13h) on this circuit<\/span><\/strong>\r\n\r\n<span id=\"s2_16\">St C\u00e9cile les Vignes &gt; Saturday<\/span>\r\n<span id=\"s2_17\">Visan &gt; Friday<\/span>\r\n<span id=\"s2_18\">Valr\u00e9as &gt; Wednesday and Saturday<\/span>\r\n<span id=\"s2_19\">Nyons &gt; Thursday<\/span>\r\n<span id=\"s2_20\">Mirabel aux Baronnies &gt; Friday<\/span>\r\n<span id=\"s2_21\">Vaison-la-Romaine &gt; Tuesday and Saturday<\/span>\r\n<span id=\"s2_22\">Orange &gt; Thursday<\/span>\r\n<span id=\"s2_23\"><\/span>\r\n\r\n<strong><span id=\"s2_23\">Price Info:<\/span><\/strong>\r\n<ul>\r\n \t<li><span id=\"s2_24\">Pair of backpack = 10\u20ac<\/span><\/li>\r\n \t<li><span id=\"s2_25\">Road-book package = 10\u20ac<\/span><\/li>\r\n \t<li><span id=\"s2_26\">Nights to be defined according to your wishes<\/span><\/li>\r\n<\/ul>","protected":false},"excerpt":{"rendered":"<h3><span id=\"s2_1\">Bike getaway in the Baronnies<\/span><\/h3>\n<p><span id=\"s2_2\">A weekend not to be missed, a bike trip in the Baronnies to discover the most authentic olive oil of Provence, you will discover the villages of St C\u00e9cile, Visan, Nyons, Vinsobre and its vineyards, Vaison la Romaine and its ancient theatre, Gigondas and the Dentelles de Montmirail massif.<\/span><\/p>\n<p><span style=\"color: #008000;\"><strong>Request a quote for this cycling tour :<\/strong><\/span><\/p>\n<ol>\n<li>Select your cycling tour and the number of days you want<\/li>\n<li>Add your choice of bike and specify the desired quantities<\/li>\n<li>Add any accessories<\/li>\n<li>Complete the quote request form and send it<\/li>\n<li>We will contact you as soon as possible<\/li>\n<\/ol>\n","protected":false},"featured_media":705,"template":"","meta":[],"yoast_head":"<!-- This site is optimized with the Yoast SEO plugin v19.3 - https:\/\/yoast.com\/wordpress\/plugins\/seo\/ -->\n<title>Bike trip in the Baronnies | Nature Bike Provence | Bike trip<\/title>\n<meta name=\"description\" content=\"A bike trip in the Baronnies to discover the most authentic olive oil of Provence, you will discover the villages of St C\u00e9cile...\" \/>\n<meta name=\"robots\" content=\"index, follow, max-snippet:-1, max-image-preview:large, max-video-preview:-1\" \/>\n<link rel=\"canonical\" href=\"https:\/\/www.nature-bike-provence.com\/en\/bike-tours\/biking-tour-earth-of-olive-trees\/\" \/>\n<meta property=\"og:locale\" content=\"en_US\" \/>\n<meta property=\"og:type\" content=\"article\" \/>\n<meta property=\"og:title\" content=\"Bike trip in the Baronnies | Nature Bike Provence | Bike trip\" \/>\n<meta property=\"og:description\" content=\"A bike trip in the Baronnies to discover the most authentic olive oil of Provence, you will discover the villages of St C\u00e9cile...\" \/>\n<meta property=\"og:url\" content=\"https:\/\/www.nature-bike-provence.com\/en\/bike-tours\/biking-tour-earth-of-olive-trees\/\" \/>\n<meta property=\"og:site_name\" content=\"Nature &amp; Bike\" \/>\n<meta property=\"article:modified_time\" content=\"2024-02-06T11:17:21+00:00\" \/>\n<meta property=\"og:image\" content=\"https:\/\/www.nature-bike-provence.com\/wp-content\/uploads\/2019\/03\/tour-oliviers-provence.jpg\" \/>\n\t<meta property=\"og:image:width\" content=\"600\" \/>\n\t<meta property=\"og:image:height\" content=\"600\" \/>\n\t<meta property=\"og:image:type\" content=\"image\/jpeg\" \/>\n<meta name=\"twitter:card\" content=\"summary_large_image\" \/>\n<meta name=\"twitter:label1\" content=\"Est. reading time\" \/>\n\t<meta name=\"twitter:data1\" content=\"1 minute\" \/>\n<script type=\"application\/ld+json\" class=\"yoast-schema-graph\">{\"@context\":\"https:\/\/schema.org\",\"@graph\":[{\"@type\":\"WebSite\",\"@id\":\"https:\/\/www.nature-bike-provence.com\/#website\",\"url\":\"https:\/\/www.nature-bike-provence.com\/\",\"name\":\"Nature &amp; Bike\",\"description\":\"Location de cycles et s\u00e9jours \u00e0 v\u00e9lo en Provence\",\"potentialAction\":[{\"@type\":\"SearchAction\",\"target\":{\"@type\":\"EntryPoint\",\"urlTemplate\":\"https:\/\/www.nature-bike-provence.com\/?s={search_term_string}\"},\"query-input\":\"required name=search_term_string\"}],\"inLanguage\":\"en-US\"},{\"@type\":\"ImageObject\",\"inLanguage\":\"en-US\",\"@id\":\"https:\/\/www.nature-bike-provence.com\/en\/bike-tours\/biking-tour-earth-of-olive-trees\/#primaryimage\",\"url\":\"https:\/\/www.nature-bike-provence.com\/wp-content\/uploads\/2019\/03\/tour-oliviers-provence.jpg\",\"contentUrl\":\"https:\/\/www.nature-bike-provence.com\/wp-content\/uploads\/2019\/03\/tour-oliviers-provence.jpg\",\"width\":600,\"height\":600},{\"@type\":\"WebPage\",\"@id\":\"https:\/\/www.nature-bike-provence.com\/en\/bike-tours\/biking-tour-earth-of-olive-trees\/\",\"url\":\"https:\/\/www.nature-bike-provence.com\/en\/bike-tours\/biking-tour-earth-of-olive-trees\/\",\"name\":\"Bike trip in the Baronnies | Nature Bike Provence | Bike trip\",\"isPartOf\":{\"@id\":\"https:\/\/www.nature-bike-provence.com\/#website\"},\"primaryImageOfPage\":{\"@id\":\"https:\/\/www.nature-bike-provence.com\/en\/bike-tours\/biking-tour-earth-of-olive-trees\/#primaryimage\"},\"datePublished\":\"2019-03-08T17:06:00+00:00\",\"dateModified\":\"2024-02-06T11:17:21+00:00\",\"description\":\"A bike trip in the Baronnies to discover the most authentic olive oil of Provence, you will discover the villages of St C\u00e9cile...\",\"breadcrumb\":{\"@id\":\"https:\/\/www.nature-bike-provence.com\/en\/bike-tours\/biking-tour-earth-of-olive-trees\/#breadcrumb\"},\"inLanguage\":\"en-US\",\"potentialAction\":[{\"@type\":\"ReadAction\",\"target\":[\"https:\/\/www.nature-bike-provence.com\/en\/bike-tours\/biking-tour-earth-of-olive-trees\/\"]}]},{\"@type\":\"BreadcrumbList\",\"@id\":\"https:\/\/www.nature-bike-provence.com\/en\/bike-tours\/biking-tour-earth-of-olive-trees\/#breadcrumb\",\"itemListElement\":[{\"@type\":\"ListItem\",\"position\":1,\"name\":\"Accueil\",\"item\":\"https:\/\/www.nature-bike-provence.com\/en\/\"},{\"@type\":\"ListItem\",\"position\":2,\"name\":\"Products\",\"item\":\"https:\/\/www.nature-bike-provence.com\/en\/shop\/\"},{\"@type\":\"ListItem\",\"position\":3,\"name\":\"Biking tour earth of olive trees\"}]}]}<\/script>\n<!-- \/ Yoast SEO plugin. -->","yoast_head_json":{"title":"Bike trip in the Baronnies | Nature Bike Provence | Bike trip","description":"A bike trip in the Baronnies to discover the most authentic olive oil of Provence, you will discover the villages of St C\u00e9cile...","robots":{"index":"index","follow":"follow","max-snippet":"max-snippet:-1","max-image-preview":"max-image-preview:large","max-video-preview":"max-video-preview:-1"},"canonical":"https:\/\/www.nature-bike-provence.com\/en\/bike-tours\/biking-tour-earth-of-olive-trees\/","og_locale":"en_US","og_type":"article","og_title":"Bike trip in the Baronnies | Nature Bike Provence | Bike trip","og_description":"A bike trip in the Baronnies to discover the most authentic olive oil of Provence, you will discover the villages of St C\u00e9cile...","og_url":"https:\/\/www.nature-bike-provence.com\/en\/bike-tours\/biking-tour-earth-of-olive-trees\/","og_site_name":"Nature &amp; Bike","article_modified_time":"2024-02-06T11:17:21+00:00","og_image":[{"width":600,"height":600,"url":"https:\/\/www.nature-bike-provence.com\/wp-content\/uploads\/2019\/03\/tour-oliviers-provence.jpg","type":"image\/jpeg"}],"twitter_card":"summary_large_image","twitter_misc":{"Est. reading time":"1 minute"},"schema":{"@context":"https:\/\/schema.org","@graph":[{"@type":"WebSite","@id":"https:\/\/www.nature-bike-provence.com\/#website","url":"https:\/\/www.nature-bike-provence.com\/","name":"Nature &amp; Bike","description":"Location de cycles et s\u00e9jours \u00e0 v\u00e9lo en Provence","potentialAction":[{"@type":"SearchAction","target":{"@type":"EntryPoint","urlTemplate":"https:\/\/www.nature-bike-provence.com\/?s={search_term_string}"},"query-input":"required name=search_term_string"}],"inLanguage":"en-US"},{"@type":"ImageObject","inLanguage":"en-US","@id":"https:\/\/www.nature-bike-provence.com\/en\/bike-tours\/biking-tour-earth-of-olive-trees\/#primaryimage","url":"https:\/\/www.nature-bike-provence.com\/wp-content\/uploads\/2019\/03\/tour-oliviers-provence.jpg","contentUrl":"https:\/\/www.nature-bike-provence.com\/wp-content\/uploads\/2019\/03\/tour-oliviers-provence.jpg","width":600,"height":600},{"@type":"WebPage","@id":"https:\/\/www.nature-bike-provence.com\/en\/bike-tours\/biking-tour-earth-of-olive-trees\/","url":"https:\/\/www.nature-bike-provence.com\/en\/bike-tours\/biking-tour-earth-of-olive-trees\/","name":"Bike trip in the Baronnies | Nature Bike Provence | Bike trip","isPartOf":{"@id":"https:\/\/www.nature-bike-provence.com\/#website"},"primaryImageOfPage":{"@id":"https:\/\/www.nature-bike-provence.com\/en\/bike-tours\/biking-tour-earth-of-olive-trees\/#primaryimage"},"datePublished":"2019-03-08T17:06:00+00:00","dateModified":"2024-02-06T11:17:21+00:00","description":"A bike trip in the Baronnies to discover the most authentic olive oil of Provence, you will discover the villages of St C\u00e9cile...","breadcrumb":{"@id":"https:\/\/www.nature-bike-provence.com\/en\/bike-tours\/biking-tour-earth-of-olive-trees\/#breadcrumb"},"inLanguage":"en-US","potentialAction":[{"@type":"ReadAction","target":["https:\/\/www.nature-bike-provence.com\/en\/bike-tours\/biking-tour-earth-of-olive-trees\/"]}]},{"@type":"BreadcrumbList","@id":"https:\/\/www.nature-bike-provence.com\/en\/bike-tours\/biking-tour-earth-of-olive-trees\/#breadcrumb","itemListElement":[{"@type":"ListItem","position":1,"name":"Accueil","item":"https:\/\/www.nature-bike-provence.com\/en\/"},{"@type":"ListItem","position":2,"name":"Products","item":"https:\/\/www.nature-bike-provence.com\/en\/shop\/"},{"@type":"ListItem","position":3,"name":"Biking tour earth of olive trees"}]}]}},"_links":{"self":[{"href":"https:\/\/www.nature-bike-provence.com\/en\/wp-json\/wp\/v2\/product\/1585"}],"collection":[{"href":"https:\/\/www.nature-bike-provence.com\/en\/wp-json\/wp\/v2\/product"}],"about":[{"href":"https:\/\/www.nature-bike-provence.com\/en\/wp-json\/wp\/v2\/types\/product"}],"wp:featuredmedia":[{"embeddable":true,"href":"https:\/\/www.nature-bike-provence.com\/en\/wp-json\/wp\/v2\/media\/705"}],"wp:attachment":[{"href":"https:\/\/www.nature-bike-provence.com\/en\/wp-json\/wp\/v2\/media?parent=1585"}],"curies":[{"name":"wp","href":"https:\/\/api.w.org\/{rel}","templated":true}]}}