{"id":1559,"date":"2019-03-08T18:32:06","date_gmt":"2019-03-08T17:32:06","guid":{"rendered":"https:\/\/www.nature-bike-provence.com\/uncategorized\/tour-of-the-provencal-villages\/"},"modified":"2023-02-10T13:57:09","modified_gmt":"2023-02-10T12:57:09","slug":"tour-of-the-provencal-villages","status":"publish","type":"product","link":"https:\/\/www.nature-bike-provence.com\/en\/uncategorized\/tour-of-the-provencal-villages\/","title":{"rendered":"Tour of the Proven\u00e7al villages"},"content":{"rendered":"<strong><span id=\"s2_1\">The fountains of Provence<\/span><\/strong>\r\n<span id=\"s2_2\"><\/span>\r\n\r\n<span id=\"s2_2\">In the past, well before water arrived at the tap of each fireplace, public fountains were the only places where drinking water was supplied, along with wells and streams.<\/span>\r\n<span id=\"s2_3\"><\/span>\r\n\r\n<span id=\"s2_3\">Often located in the centre of a square, they were then a major place of village sociability, a place of exchanges, discussions and sometimes conflicts.<\/span>\r\n<span id=\"s2_4\"><\/span>\r\n\r\n<span id=\"s2_4\">True heart of the villages of Provence, source of water and freshness, place of conviviality, they are preserved and restored today as monuments.<\/span>","protected":false},"excerpt":{"rendered":"<p><strong><span id=\"s2_1\">From fountains to fountains<\/span><\/strong><\/p>\n<p><span id=\"s2_2\">A bike tour to discover the charming fountains of the different Provencal villages.<\/span><\/p>\n","protected":false},"featured_media":701,"template":"","meta":[],"yoast_head":"<!-- This site is optimized with the Yoast SEO plugin v19.3 - https:\/\/yoast.com\/wordpress\/plugins\/seo\/ -->\n<title>Tour of the Proven\u00e7al villages by bike | Tour Nature Bike Provence<\/title>\n<meta name=\"description\" content=\"A bike tour to discover the charming fountains of the different Provencal villages. A discovery with Nature and Bike\u2019s passionate team.\" \/>\n<meta name=\"robots\" content=\"index, follow, max-snippet:-1, max-image-preview:large, max-video-preview:-1\" \/>\n<link rel=\"canonical\" href=\"https:\/\/www.nature-bike-provence.com\/en\/uncategorized\/tour-of-the-provencal-villages\/\" \/>\n<meta property=\"og:locale\" content=\"en_US\" \/>\n<meta property=\"og:type\" content=\"article\" \/>\n<meta property=\"og:title\" content=\"Tour of the Proven\u00e7al villages by bike | Tour Nature Bike Provence\" \/>\n<meta property=\"og:description\" content=\"A bike tour to discover the charming fountains of the different Provencal villages. A discovery with Nature and Bike\u2019s passionate team.\" \/>\n<meta property=\"og:url\" content=\"https:\/\/www.nature-bike-provence.com\/en\/uncategorized\/tour-of-the-provencal-villages\/\" \/>\n<meta property=\"og:site_name\" content=\"Nature &amp; Bike\" \/>\n<meta property=\"article:modified_time\" content=\"2023-02-10T12:57:09+00:00\" \/>\n<meta property=\"og:image\" content=\"https:\/\/www.nature-bike-provence.com\/wp-content\/uploads\/2019\/03\/fontaine-de-provence-1.jpg\" \/>\n\t<meta property=\"og:image:width\" content=\"360\" \/>\n\t<meta property=\"og:image:height\" content=\"340\" \/>\n\t<meta property=\"og:image:type\" content=\"image\/jpeg\" \/>\n<meta name=\"twitter:card\" content=\"summary_large_image\" \/>\n<script type=\"application\/ld+json\" class=\"yoast-schema-graph\">{\"@context\":\"https:\/\/schema.org\",\"@graph\":[{\"@type\":\"WebSite\",\"@id\":\"https:\/\/www.nature-bike-provence.com\/#website\",\"url\":\"https:\/\/www.nature-bike-provence.com\/\",\"name\":\"Nature &amp; Bike\",\"description\":\"Location de cycles et s\u00e9jours \u00e0 v\u00e9lo en Provence\",\"potentialAction\":[{\"@type\":\"SearchAction\",\"target\":{\"@type\":\"EntryPoint\",\"urlTemplate\":\"https:\/\/www.nature-bike-provence.com\/?s={search_term_string}\"},\"query-input\":\"required name=search_term_string\"}],\"inLanguage\":\"en-US\"},{\"@type\":\"ImageObject\",\"inLanguage\":\"en-US\",\"@id\":\"https:\/\/www.nature-bike-provence.com\/en\/uncategorized\/tour-of-the-provencal-villages\/#primaryimage\",\"url\":\"https:\/\/www.nature-bike-provence.com\/wp-content\/uploads\/2019\/03\/fontaine-de-provence-1.jpg\",\"contentUrl\":\"https:\/\/www.nature-bike-provence.com\/wp-content\/uploads\/2019\/03\/fontaine-de-provence-1.jpg\",\"width\":360,\"height\":340},{\"@type\":\"WebPage\",\"@id\":\"https:\/\/www.nature-bike-provence.com\/en\/uncategorized\/tour-of-the-provencal-villages\/\",\"url\":\"https:\/\/www.nature-bike-provence.com\/en\/uncategorized\/tour-of-the-provencal-villages\/\",\"name\":\"Tour of the Proven\u00e7al villages by bike | Tour Nature Bike Provence\",\"isPartOf\":{\"@id\":\"https:\/\/www.nature-bike-provence.com\/#website\"},\"primaryImageOfPage\":{\"@id\":\"https:\/\/www.nature-bike-provence.com\/en\/uncategorized\/tour-of-the-provencal-villages\/#primaryimage\"},\"datePublished\":\"2019-03-08T17:32:06+00:00\",\"dateModified\":\"2023-02-10T12:57:09+00:00\",\"description\":\"A bike tour to discover the charming fountains of the different Provencal villages. A discovery with Nature and Bike\u2019s passionate team.\",\"breadcrumb\":{\"@id\":\"https:\/\/www.nature-bike-provence.com\/en\/uncategorized\/tour-of-the-provencal-villages\/#breadcrumb\"},\"inLanguage\":\"en-US\",\"potentialAction\":[{\"@type\":\"ReadAction\",\"target\":[\"https:\/\/www.nature-bike-provence.com\/en\/uncategorized\/tour-of-the-provencal-villages\/\"]}]},{\"@type\":\"BreadcrumbList\",\"@id\":\"https:\/\/www.nature-bike-provence.com\/en\/uncategorized\/tour-of-the-provencal-villages\/#breadcrumb\",\"itemListElement\":[{\"@type\":\"ListItem\",\"position\":1,\"name\":\"Accueil\",\"item\":\"https:\/\/www.nature-bike-provence.com\/en\/\"},{\"@type\":\"ListItem\",\"position\":2,\"name\":\"Products\",\"item\":\"https:\/\/www.nature-bike-provence.com\/en\/shop\/\"},{\"@type\":\"ListItem\",\"position\":3,\"name\":\"Tour of the Proven\u00e7al villages\"}]}]}<\/script>\n<!-- \/ Yoast SEO plugin. -->","yoast_head_json":{"title":"Tour of the Proven\u00e7al villages by bike | Tour Nature Bike Provence","description":"A bike tour to discover the charming fountains of the different Provencal villages. A discovery with Nature and Bike\u2019s passionate team.","robots":{"index":"index","follow":"follow","max-snippet":"max-snippet:-1","max-image-preview":"max-image-preview:large","max-video-preview":"max-video-preview:-1"},"canonical":"https:\/\/www.nature-bike-provence.com\/en\/uncategorized\/tour-of-the-provencal-villages\/","og_locale":"en_US","og_type":"article","og_title":"Tour of the Proven\u00e7al villages by bike | Tour Nature Bike Provence","og_description":"A bike tour to discover the charming fountains of the different Provencal villages. A discovery with Nature and Bike\u2019s passionate team.","og_url":"https:\/\/www.nature-bike-provence.com\/en\/uncategorized\/tour-of-the-provencal-villages\/","og_site_name":"Nature &amp; Bike","article_modified_time":"2023-02-10T12:57:09+00:00","og_image":[{"width":360,"height":340,"url":"https:\/\/www.nature-bike-provence.com\/wp-content\/uploads\/2019\/03\/fontaine-de-provence-1.jpg","type":"image\/jpeg"}],"twitter_card":"summary_large_image","schema":{"@context":"https:\/\/schema.org","@graph":[{"@type":"WebSite","@id":"https:\/\/www.nature-bike-provence.com\/#website","url":"https:\/\/www.nature-bike-provence.com\/","name":"Nature &amp; Bike","description":"Location de cycles et s\u00e9jours \u00e0 v\u00e9lo en Provence","potentialAction":[{"@type":"SearchAction","target":{"@type":"EntryPoint","urlTemplate":"https:\/\/www.nature-bike-provence.com\/?s={search_term_string}"},"query-input":"required name=search_term_string"}],"inLanguage":"en-US"},{"@type":"ImageObject","inLanguage":"en-US","@id":"https:\/\/www.nature-bike-provence.com\/en\/uncategorized\/tour-of-the-provencal-villages\/#primaryimage","url":"https:\/\/www.nature-bike-provence.com\/wp-content\/uploads\/2019\/03\/fontaine-de-provence-1.jpg","contentUrl":"https:\/\/www.nature-bike-provence.com\/wp-content\/uploads\/2019\/03\/fontaine-de-provence-1.jpg","width":360,"height":340},{"@type":"WebPage","@id":"https:\/\/www.nature-bike-provence.com\/en\/uncategorized\/tour-of-the-provencal-villages\/","url":"https:\/\/www.nature-bike-provence.com\/en\/uncategorized\/tour-of-the-provencal-villages\/","name":"Tour of the Proven\u00e7al villages by bike | Tour Nature Bike Provence","isPartOf":{"@id":"https:\/\/www.nature-bike-provence.com\/#website"},"primaryImageOfPage":{"@id":"https:\/\/www.nature-bike-provence.com\/en\/uncategorized\/tour-of-the-provencal-villages\/#primaryimage"},"datePublished":"2019-03-08T17:32:06+00:00","dateModified":"2023-02-10T12:57:09+00:00","description":"A bike tour to discover the charming fountains of the different Provencal villages. A discovery with Nature and Bike\u2019s passionate team.","breadcrumb":{"@id":"https:\/\/www.nature-bike-provence.com\/en\/uncategorized\/tour-of-the-provencal-villages\/#breadcrumb"},"inLanguage":"en-US","potentialAction":[{"@type":"ReadAction","target":["https:\/\/www.nature-bike-provence.com\/en\/uncategorized\/tour-of-the-provencal-villages\/"]}]},{"@type":"BreadcrumbList","@id":"https:\/\/www.nature-bike-provence.com\/en\/uncategorized\/tour-of-the-provencal-villages\/#breadcrumb","itemListElement":[{"@type":"ListItem","position":1,"name":"Accueil","item":"https:\/\/www.nature-bike-provence.com\/en\/"},{"@type":"ListItem","position":2,"name":"Products","item":"https:\/\/www.nature-bike-provence.com\/en\/shop\/"},{"@type":"ListItem","position":3,"name":"Tour of the Proven\u00e7al villages"}]}]}},"_links":{"self":[{"href":"https:\/\/www.nature-bike-provence.com\/en\/wp-json\/wp\/v2\/product\/1559"}],"collection":[{"href":"https:\/\/www.nature-bike-provence.com\/en\/wp-json\/wp\/v2\/product"}],"about":[{"href":"https:\/\/www.nature-bike-provence.com\/en\/wp-json\/wp\/v2\/types\/product"}],"wp:featuredmedia":[{"embeddable":true,"href":"https:\/\/www.nature-bike-provence.com\/en\/wp-json\/wp\/v2\/media\/701"}],"wp:attachment":[{"href":"https:\/\/www.nature-bike-provence.com\/en\/wp-json\/wp\/v2\/media?parent=1559"}],"curies":[{"name":"wp","href":"https:\/\/api.w.org\/{rel}","templated":true}]}}