{"id":1554,"date":"2019-03-12T14:13:34","date_gmt":"2019-03-12T13:13:34","guid":{"rendered":"https:\/\/www.nature-bike-provence.com\/uncategorized\/the-drome-provencale\/"},"modified":"2023-02-10T13:56:05","modified_gmt":"2023-02-10T12:56:05","slug":"the-drome-provencale","status":"publish","type":"product","link":"https:\/\/www.nature-bike-provence.com\/en\/uncategorized\/the-drome-provencale\/","title":{"rendered":"The Dr\u00f4me Proven\u00e7ale"},"content":{"rendered":"<span id=\"s2_1\">Come to discover a territory where different countries mix, that of Grignan , Dieulefit, Die, Nyons and the Baronnies.<\/span>\r\n\r\n<span id=\"s2_2\">This beautiful cycling adventure will allow you to discover a land rich in cultures, a landscape of the Dr\u00f4me made up of vineyard and agricultural plains, low rounded hills, colored by its forests of green oaks.<\/span> <span id=\"s2_3\">Spaces dedicated to the culture of lavender, a terroir near Richerenche capital of truffle, further east towards Nyons the kingdom of olive oil but also the route of castles.<\/span>\r\n\r\n<span id=\"s2_4\">Further north Die, alpine influences and Provencal softness, the water will accompany you between mountain streams and pebbles of the banks of the Drome River, ideal for swimming.<\/span>","protected":false},"excerpt":{"rendered":"<p><span id=\"s2_1\">Dr\u00f4me Proven\u00e7ale truffle and olive oil<\/span><br \/>\n<span id=\"s2_2\">Itinerary selected for this stay of 3 to 7 days:<\/span><br \/>\n<span id=\"s2_3\">Orange, Suze la Rousse, Clansaye, Grignan, Richerenche, Dieulefit, Die, Nyons, Buis les Baronnies.<\/span><\/p>\n","protected":false},"featured_media":722,"template":"","meta":[],"yoast_head":"<!-- This site is optimized with the Yoast SEO plugin v19.3 - https:\/\/yoast.com\/wordpress\/plugins\/seo\/ -->\n<title>Nature &amp; Bike bike trip | La Dr\u00f4me Proven\u00e7ale by bike<\/title>\n<meta name=\"description\" content=\"Discover a territory by bike, where different countries mix, that of Grignan, Dieulefit, Die, Nyons and the Baronnies.\" \/>\n<meta name=\"robots\" content=\"index, follow, max-snippet:-1, max-image-preview:large, max-video-preview:-1\" \/>\n<link rel=\"canonical\" href=\"https:\/\/www.nature-bike-provence.com\/en\/uncategorized\/the-drome-provencale\/\" \/>\n<meta property=\"og:locale\" content=\"en_US\" \/>\n<meta property=\"og:type\" content=\"article\" \/>\n<meta property=\"og:title\" content=\"Nature &amp; Bike bike trip | La Dr\u00f4me Proven\u00e7ale by bike\" \/>\n<meta property=\"og:description\" content=\"Discover a territory by bike, where different countries mix, that of Grignan, Dieulefit, Die, Nyons and the Baronnies.\" \/>\n<meta property=\"og:url\" content=\"https:\/\/www.nature-bike-provence.com\/en\/uncategorized\/the-drome-provencale\/\" \/>\n<meta property=\"og:site_name\" content=\"Nature &amp; Bike\" \/>\n<meta property=\"article:modified_time\" content=\"2023-02-10T12:56:05+00:00\" \/>\n<meta property=\"og:image\" content=\"https:\/\/www.nature-bike-provence.com\/wp-content\/uploads\/2019\/03\/huile-olive-truffe.jpg\" \/>\n\t<meta property=\"og:image:width\" content=\"899\" \/>\n\t<meta property=\"og:image:height\" content=\"898\" \/>\n\t<meta property=\"og:image:type\" content=\"image\/jpeg\" \/>\n<meta name=\"twitter:card\" content=\"summary_large_image\" \/>\n<meta name=\"twitter:label1\" content=\"Est. reading time\" \/>\n\t<meta name=\"twitter:data1\" content=\"1 minute\" \/>\n<script type=\"application\/ld+json\" class=\"yoast-schema-graph\">{\"@context\":\"https:\/\/schema.org\",\"@graph\":[{\"@type\":\"WebSite\",\"@id\":\"https:\/\/www.nature-bike-provence.com\/#website\",\"url\":\"https:\/\/www.nature-bike-provence.com\/\",\"name\":\"Nature &amp; Bike\",\"description\":\"Location de cycles et s\u00e9jours \u00e0 v\u00e9lo en Provence\",\"potentialAction\":[{\"@type\":\"SearchAction\",\"target\":{\"@type\":\"EntryPoint\",\"urlTemplate\":\"https:\/\/www.nature-bike-provence.com\/?s={search_term_string}\"},\"query-input\":\"required name=search_term_string\"}],\"inLanguage\":\"en-US\"},{\"@type\":\"ImageObject\",\"inLanguage\":\"en-US\",\"@id\":\"https:\/\/www.nature-bike-provence.com\/en\/uncategorized\/the-drome-provencale\/#primaryimage\",\"url\":\"https:\/\/www.nature-bike-provence.com\/wp-content\/uploads\/2019\/03\/huile-olive-truffe.jpg\",\"contentUrl\":\"https:\/\/www.nature-bike-provence.com\/wp-content\/uploads\/2019\/03\/huile-olive-truffe.jpg\",\"width\":899,\"height\":898},{\"@type\":\"WebPage\",\"@id\":\"https:\/\/www.nature-bike-provence.com\/en\/uncategorized\/the-drome-provencale\/\",\"url\":\"https:\/\/www.nature-bike-provence.com\/en\/uncategorized\/the-drome-provencale\/\",\"name\":\"Nature & Bike bike trip | La Dr\u00f4me Proven\u00e7ale by bike\",\"isPartOf\":{\"@id\":\"https:\/\/www.nature-bike-provence.com\/#website\"},\"primaryImageOfPage\":{\"@id\":\"https:\/\/www.nature-bike-provence.com\/en\/uncategorized\/the-drome-provencale\/#primaryimage\"},\"datePublished\":\"2019-03-12T13:13:34+00:00\",\"dateModified\":\"2023-02-10T12:56:05+00:00\",\"description\":\"Discover a territory by bike, where different countries mix, that of Grignan, Dieulefit, Die, Nyons and the Baronnies.\",\"breadcrumb\":{\"@id\":\"https:\/\/www.nature-bike-provence.com\/en\/uncategorized\/the-drome-provencale\/#breadcrumb\"},\"inLanguage\":\"en-US\",\"potentialAction\":[{\"@type\":\"ReadAction\",\"target\":[\"https:\/\/www.nature-bike-provence.com\/en\/uncategorized\/the-drome-provencale\/\"]}]},{\"@type\":\"BreadcrumbList\",\"@id\":\"https:\/\/www.nature-bike-provence.com\/en\/uncategorized\/the-drome-provencale\/#breadcrumb\",\"itemListElement\":[{\"@type\":\"ListItem\",\"position\":1,\"name\":\"Accueil\",\"item\":\"https:\/\/www.nature-bike-provence.com\/en\/\"},{\"@type\":\"ListItem\",\"position\":2,\"name\":\"Products\",\"item\":\"https:\/\/www.nature-bike-provence.com\/en\/shop\/\"},{\"@type\":\"ListItem\",\"position\":3,\"name\":\"The Dr\u00f4me Proven\u00e7ale\"}]}]}<\/script>\n<!-- \/ Yoast SEO plugin. -->","yoast_head_json":{"title":"Nature & Bike bike trip | La Dr\u00f4me Proven\u00e7ale by bike","description":"Discover a territory by bike, where different countries mix, that of Grignan, Dieulefit, Die, Nyons and the Baronnies.","robots":{"index":"index","follow":"follow","max-snippet":"max-snippet:-1","max-image-preview":"max-image-preview:large","max-video-preview":"max-video-preview:-1"},"canonical":"https:\/\/www.nature-bike-provence.com\/en\/uncategorized\/the-drome-provencale\/","og_locale":"en_US","og_type":"article","og_title":"Nature & Bike bike trip | La Dr\u00f4me Proven\u00e7ale by bike","og_description":"Discover a territory by bike, where different countries mix, that of Grignan, Dieulefit, Die, Nyons and the Baronnies.","og_url":"https:\/\/www.nature-bike-provence.com\/en\/uncategorized\/the-drome-provencale\/","og_site_name":"Nature &amp; Bike","article_modified_time":"2023-02-10T12:56:05+00:00","og_image":[{"width":899,"height":898,"url":"https:\/\/www.nature-bike-provence.com\/wp-content\/uploads\/2019\/03\/huile-olive-truffe.jpg","type":"image\/jpeg"}],"twitter_card":"summary_large_image","twitter_misc":{"Est. reading time":"1 minute"},"schema":{"@context":"https:\/\/schema.org","@graph":[{"@type":"WebSite","@id":"https:\/\/www.nature-bike-provence.com\/#website","url":"https:\/\/www.nature-bike-provence.com\/","name":"Nature &amp; Bike","description":"Location de cycles et s\u00e9jours \u00e0 v\u00e9lo en Provence","potentialAction":[{"@type":"SearchAction","target":{"@type":"EntryPoint","urlTemplate":"https:\/\/www.nature-bike-provence.com\/?s={search_term_string}"},"query-input":"required name=search_term_string"}],"inLanguage":"en-US"},{"@type":"ImageObject","inLanguage":"en-US","@id":"https:\/\/www.nature-bike-provence.com\/en\/uncategorized\/the-drome-provencale\/#primaryimage","url":"https:\/\/www.nature-bike-provence.com\/wp-content\/uploads\/2019\/03\/huile-olive-truffe.jpg","contentUrl":"https:\/\/www.nature-bike-provence.com\/wp-content\/uploads\/2019\/03\/huile-olive-truffe.jpg","width":899,"height":898},{"@type":"WebPage","@id":"https:\/\/www.nature-bike-provence.com\/en\/uncategorized\/the-drome-provencale\/","url":"https:\/\/www.nature-bike-provence.com\/en\/uncategorized\/the-drome-provencale\/","name":"Nature & Bike bike trip | La Dr\u00f4me Proven\u00e7ale by bike","isPartOf":{"@id":"https:\/\/www.nature-bike-provence.com\/#website"},"primaryImageOfPage":{"@id":"https:\/\/www.nature-bike-provence.com\/en\/uncategorized\/the-drome-provencale\/#primaryimage"},"datePublished":"2019-03-12T13:13:34+00:00","dateModified":"2023-02-10T12:56:05+00:00","description":"Discover a territory by bike, where different countries mix, that of Grignan, Dieulefit, Die, Nyons and the Baronnies.","breadcrumb":{"@id":"https:\/\/www.nature-bike-provence.com\/en\/uncategorized\/the-drome-provencale\/#breadcrumb"},"inLanguage":"en-US","potentialAction":[{"@type":"ReadAction","target":["https:\/\/www.nature-bike-provence.com\/en\/uncategorized\/the-drome-provencale\/"]}]},{"@type":"BreadcrumbList","@id":"https:\/\/www.nature-bike-provence.com\/en\/uncategorized\/the-drome-provencale\/#breadcrumb","itemListElement":[{"@type":"ListItem","position":1,"name":"Accueil","item":"https:\/\/www.nature-bike-provence.com\/en\/"},{"@type":"ListItem","position":2,"name":"Products","item":"https:\/\/www.nature-bike-provence.com\/en\/shop\/"},{"@type":"ListItem","position":3,"name":"The Dr\u00f4me Proven\u00e7ale"}]}]}},"_links":{"self":[{"href":"https:\/\/www.nature-bike-provence.com\/en\/wp-json\/wp\/v2\/product\/1554"}],"collection":[{"href":"https:\/\/www.nature-bike-provence.com\/en\/wp-json\/wp\/v2\/product"}],"about":[{"href":"https:\/\/www.nature-bike-provence.com\/en\/wp-json\/wp\/v2\/types\/product"}],"wp:featuredmedia":[{"embeddable":true,"href":"https:\/\/www.nature-bike-provence.com\/en\/wp-json\/wp\/v2\/media\/722"}],"wp:attachment":[{"href":"https:\/\/www.nature-bike-provence.com\/en\/wp-json\/wp\/v2\/media?parent=1554"}],"curies":[{"name":"wp","href":"https:\/\/api.w.org\/{rel}","templated":true}]}}