{"id":1532,"date":"2019-03-12T16:26:37","date_gmt":"2019-03-12T15:26:37","guid":{"rendered":"https:\/\/www.nature-bike-provence.com\/uncategorized\/ile-des-brotteaux-and-caderousse\/"},"modified":"2024-03-01T10:30:37","modified_gmt":"2024-03-01T09:30:37","slug":"ile-des-brotteaux-and-caderousse","status":"publish","type":"product","link":"https:\/\/www.nature-bike-provence.com\/en\/cycling-day\/ile-des-brotteaux-and-caderousse\/","title":{"rendered":"Ile des Brotteaux and Caderousse 22kms"},"content":{"rendered":"<div class=\"textarea-wrapper textarea-wrapper-2\">\r\n<div id=\"trpar\"><span id=\"s2_1\"><strong>Planned itinerary and stops<\/strong>:<\/span><\/div>\r\n<div><\/div>\r\n<div><span id=\"s2_2\">Etang du Revestidou<\/span>\r\n<span id=\"s2_3\">Rivi\u00e8re du Rh\u00f4ne<\/span><\/div>\r\n<\/div>","protected":false},"excerpt":{"rendered":"<p><strong><span id=\"s2_1\">Cycling to Brotteaux Island<\/span><\/strong><\/p>\n<p><span id=\"s2_2\">22 km bike tour to discover the Ile des Brotteaux and the city of Caderousse.<\/span><\/p>\n<p><strong><span style=\"color: #008000;\">Request a quote for this cycling tour :<\/span><\/strong><\/p>\n<ol>\n<li>Select your cycling tour and the number of days you want<\/li>\n<li>Add your choice of bike and specify the desired quantities<\/li>\n<li>Add any accessories<\/li>\n<li>Complete the quote request form and send it<\/li>\n<li>We will contact you as soon as possible<\/li>\n<\/ol>\n","protected":false},"featured_media":763,"template":"","meta":[],"yoast_head":"<!-- This site is optimized with the Yoast SEO plugin v19.3 - https:\/\/yoast.com\/wordpress\/plugins\/seo\/ -->\n<title>Discover the island of Brotteaux and Caderousse by bike | Nature &amp; Bike<\/title>\n<meta name=\"description\" content=\"Visit of the island of Brotteaux by bicycle, cycling by day to discover the island of Brotteaux and the city of Caderousse. Nature Bike Provence Day.\" \/>\n<meta name=\"robots\" content=\"index, follow, max-snippet:-1, max-image-preview:large, max-video-preview:-1\" \/>\n<link rel=\"canonical\" href=\"https:\/\/www.nature-bike-provence.com\/en\/cycling-day\/ile-des-brotteaux-and-caderousse\/\" \/>\n<meta property=\"og:locale\" content=\"en_US\" \/>\n<meta property=\"og:type\" content=\"article\" \/>\n<meta property=\"og:title\" content=\"Discover the island of Brotteaux and Caderousse by bike | Nature &amp; Bike\" \/>\n<meta property=\"og:description\" content=\"Visit of the island of Brotteaux by bicycle, cycling by day to discover the island of Brotteaux and the city of Caderousse. Nature Bike Provence Day.\" \/>\n<meta property=\"og:url\" content=\"https:\/\/www.nature-bike-provence.com\/en\/cycling-day\/ile-des-brotteaux-and-caderousse\/\" \/>\n<meta property=\"og:site_name\" content=\"Nature &amp; Bike\" \/>\n<meta property=\"article:modified_time\" content=\"2024-03-01T09:30:37+00:00\" \/>\n<meta property=\"og:image\" content=\"https:\/\/www.nature-bike-provence.com\/wp-content\/uploads\/2019\/03\/ile-brotteaux.jpg\" \/>\n\t<meta property=\"og:image:width\" content=\"800\" \/>\n\t<meta property=\"og:image:height\" content=\"800\" \/>\n\t<meta property=\"og:image:type\" content=\"image\/jpeg\" \/>\n<meta name=\"twitter:card\" content=\"summary_large_image\" \/>\n<meta name=\"twitter:label1\" content=\"Est. reading time\" \/>\n\t<meta name=\"twitter:data1\" content=\"1 minute\" \/>\n<script type=\"application\/ld+json\" class=\"yoast-schema-graph\">{\"@context\":\"https:\/\/schema.org\",\"@graph\":[{\"@type\":\"WebSite\",\"@id\":\"https:\/\/www.nature-bike-provence.com\/#website\",\"url\":\"https:\/\/www.nature-bike-provence.com\/\",\"name\":\"Nature &amp; Bike\",\"description\":\"Location de cycles et s\u00e9jours \u00e0 v\u00e9lo en Provence\",\"potentialAction\":[{\"@type\":\"SearchAction\",\"target\":{\"@type\":\"EntryPoint\",\"urlTemplate\":\"https:\/\/www.nature-bike-provence.com\/?s={search_term_string}\"},\"query-input\":\"required name=search_term_string\"}],\"inLanguage\":\"en-US\"},{\"@type\":\"ImageObject\",\"inLanguage\":\"en-US\",\"@id\":\"https:\/\/www.nature-bike-provence.com\/en\/cycling-day\/ile-des-brotteaux-and-caderousse\/#primaryimage\",\"url\":\"https:\/\/www.nature-bike-provence.com\/wp-content\/uploads\/2019\/03\/ile-brotteaux.jpg\",\"contentUrl\":\"https:\/\/www.nature-bike-provence.com\/wp-content\/uploads\/2019\/03\/ile-brotteaux.jpg\",\"width\":800,\"height\":800},{\"@type\":\"WebPage\",\"@id\":\"https:\/\/www.nature-bike-provence.com\/en\/cycling-day\/ile-des-brotteaux-and-caderousse\/\",\"url\":\"https:\/\/www.nature-bike-provence.com\/en\/cycling-day\/ile-des-brotteaux-and-caderousse\/\",\"name\":\"Discover the island of Brotteaux and Caderousse by bike | Nature & Bike\",\"isPartOf\":{\"@id\":\"https:\/\/www.nature-bike-provence.com\/#website\"},\"primaryImageOfPage\":{\"@id\":\"https:\/\/www.nature-bike-provence.com\/en\/cycling-day\/ile-des-brotteaux-and-caderousse\/#primaryimage\"},\"datePublished\":\"2019-03-12T15:26:37+00:00\",\"dateModified\":\"2024-03-01T09:30:37+00:00\",\"description\":\"Visit of the island of Brotteaux by bicycle, cycling by day to discover the island of Brotteaux and the city of Caderousse. Nature Bike Provence Day.\",\"breadcrumb\":{\"@id\":\"https:\/\/www.nature-bike-provence.com\/en\/cycling-day\/ile-des-brotteaux-and-caderousse\/#breadcrumb\"},\"inLanguage\":\"en-US\",\"potentialAction\":[{\"@type\":\"ReadAction\",\"target\":[\"https:\/\/www.nature-bike-provence.com\/en\/cycling-day\/ile-des-brotteaux-and-caderousse\/\"]}]},{\"@type\":\"BreadcrumbList\",\"@id\":\"https:\/\/www.nature-bike-provence.com\/en\/cycling-day\/ile-des-brotteaux-and-caderousse\/#breadcrumb\",\"itemListElement\":[{\"@type\":\"ListItem\",\"position\":1,\"name\":\"Accueil\",\"item\":\"https:\/\/www.nature-bike-provence.com\/en\/\"},{\"@type\":\"ListItem\",\"position\":2,\"name\":\"Products\",\"item\":\"https:\/\/www.nature-bike-provence.com\/en\/shop\/\"},{\"@type\":\"ListItem\",\"position\":3,\"name\":\"Ile des Brotteaux and Caderousse 22kms\"}]}]}<\/script>\n<!-- \/ Yoast SEO plugin. -->","yoast_head_json":{"title":"Discover the island of Brotteaux and Caderousse by bike | Nature & Bike","description":"Visit of the island of Brotteaux by bicycle, cycling by day to discover the island of Brotteaux and the city of Caderousse. Nature Bike Provence Day.","robots":{"index":"index","follow":"follow","max-snippet":"max-snippet:-1","max-image-preview":"max-image-preview:large","max-video-preview":"max-video-preview:-1"},"canonical":"https:\/\/www.nature-bike-provence.com\/en\/cycling-day\/ile-des-brotteaux-and-caderousse\/","og_locale":"en_US","og_type":"article","og_title":"Discover the island of Brotteaux and Caderousse by bike | Nature & Bike","og_description":"Visit of the island of Brotteaux by bicycle, cycling by day to discover the island of Brotteaux and the city of Caderousse. Nature Bike Provence Day.","og_url":"https:\/\/www.nature-bike-provence.com\/en\/cycling-day\/ile-des-brotteaux-and-caderousse\/","og_site_name":"Nature &amp; Bike","article_modified_time":"2024-03-01T09:30:37+00:00","og_image":[{"width":800,"height":800,"url":"https:\/\/www.nature-bike-provence.com\/wp-content\/uploads\/2019\/03\/ile-brotteaux.jpg","type":"image\/jpeg"}],"twitter_card":"summary_large_image","twitter_misc":{"Est. reading time":"1 minute"},"schema":{"@context":"https:\/\/schema.org","@graph":[{"@type":"WebSite","@id":"https:\/\/www.nature-bike-provence.com\/#website","url":"https:\/\/www.nature-bike-provence.com\/","name":"Nature &amp; Bike","description":"Location de cycles et s\u00e9jours \u00e0 v\u00e9lo en Provence","potentialAction":[{"@type":"SearchAction","target":{"@type":"EntryPoint","urlTemplate":"https:\/\/www.nature-bike-provence.com\/?s={search_term_string}"},"query-input":"required name=search_term_string"}],"inLanguage":"en-US"},{"@type":"ImageObject","inLanguage":"en-US","@id":"https:\/\/www.nature-bike-provence.com\/en\/cycling-day\/ile-des-brotteaux-and-caderousse\/#primaryimage","url":"https:\/\/www.nature-bike-provence.com\/wp-content\/uploads\/2019\/03\/ile-brotteaux.jpg","contentUrl":"https:\/\/www.nature-bike-provence.com\/wp-content\/uploads\/2019\/03\/ile-brotteaux.jpg","width":800,"height":800},{"@type":"WebPage","@id":"https:\/\/www.nature-bike-provence.com\/en\/cycling-day\/ile-des-brotteaux-and-caderousse\/","url":"https:\/\/www.nature-bike-provence.com\/en\/cycling-day\/ile-des-brotteaux-and-caderousse\/","name":"Discover the island of Brotteaux and Caderousse by bike | Nature & Bike","isPartOf":{"@id":"https:\/\/www.nature-bike-provence.com\/#website"},"primaryImageOfPage":{"@id":"https:\/\/www.nature-bike-provence.com\/en\/cycling-day\/ile-des-brotteaux-and-caderousse\/#primaryimage"},"datePublished":"2019-03-12T15:26:37+00:00","dateModified":"2024-03-01T09:30:37+00:00","description":"Visit of the island of Brotteaux by bicycle, cycling by day to discover the island of Brotteaux and the city of Caderousse. Nature Bike Provence Day.","breadcrumb":{"@id":"https:\/\/www.nature-bike-provence.com\/en\/cycling-day\/ile-des-brotteaux-and-caderousse\/#breadcrumb"},"inLanguage":"en-US","potentialAction":[{"@type":"ReadAction","target":["https:\/\/www.nature-bike-provence.com\/en\/cycling-day\/ile-des-brotteaux-and-caderousse\/"]}]},{"@type":"BreadcrumbList","@id":"https:\/\/www.nature-bike-provence.com\/en\/cycling-day\/ile-des-brotteaux-and-caderousse\/#breadcrumb","itemListElement":[{"@type":"ListItem","position":1,"name":"Accueil","item":"https:\/\/www.nature-bike-provence.com\/en\/"},{"@type":"ListItem","position":2,"name":"Products","item":"https:\/\/www.nature-bike-provence.com\/en\/shop\/"},{"@type":"ListItem","position":3,"name":"Ile des Brotteaux and Caderousse 22kms"}]}]}},"_links":{"self":[{"href":"https:\/\/www.nature-bike-provence.com\/en\/wp-json\/wp\/v2\/product\/1532"}],"collection":[{"href":"https:\/\/www.nature-bike-provence.com\/en\/wp-json\/wp\/v2\/product"}],"about":[{"href":"https:\/\/www.nature-bike-provence.com\/en\/wp-json\/wp\/v2\/types\/product"}],"wp:featuredmedia":[{"embeddable":true,"href":"https:\/\/www.nature-bike-provence.com\/en\/wp-json\/wp\/v2\/media\/763"}],"wp:attachment":[{"href":"https:\/\/www.nature-bike-provence.com\/en\/wp-json\/wp\/v2\/media?parent=1532"}],"curies":[{"name":"wp","href":"https:\/\/api.w.org\/{rel}","templated":true}]}}