{"id":1520,"date":"2019-03-12T17:14:18","date_gmt":"2019-03-12T16:14:18","guid":{"rendered":"https:\/\/www.nature-bike-provence.com\/uncategorized\/vineyards-of-the-plain-of-uchaux\/"},"modified":"2024-03-01T14:59:00","modified_gmt":"2024-03-01T13:59:00","slug":"vineyards-of-the-plain-of-uchaux","status":"publish","type":"product","link":"https:\/\/www.nature-bike-provence.com\/en\/cycling-day\/vineyards-of-the-plain-of-uchaux\/","title":{"rendered":"Vineyards of the plain of Uchaux 49kms"},"content":{"rendered":"<div class=\"textarea-wrapper textarea-wrapper-2\">\r\n<div id=\"trpar\"><span id=\"s2_1\">Several stops in vineyards:<\/span><\/div>\r\n<ul>\r\n \t<li><span id=\"s2_2\">Ch\u00e2teau Simian<\/span><\/li>\r\n \t<li><span id=\"s2_3\">Ch\u00e2teau St Est\u00e8ve<\/span><\/li>\r\n \t<li><span id=\"s2_4\">Ch\u00e2teau d&#8217;Hugues<\/span><\/li>\r\n<\/ul>\r\n<\/div>","protected":false},"excerpt":{"rendered":"<p><strong>Discovery of the plain of Uchaux<\/strong><\/p>\n<p>Select this route with roadbook and easily follow the route with your smartphone.<\/p>\n<p>A day to discover the best areas of the plain of Uchaux by bike.<\/p>\n<p><span style=\"color: #008000;\"><strong>Request a quote for this cycling tour :<\/strong><\/span><\/p>\n<ol>\n<li>Select your cycling tour and the number of days you want<\/li>\n<li>Add your choice of bike and specify the desired quantities<\/li>\n<li>Add any accessories<\/li>\n<li>Complete the quote request form and send it<\/li>\n<li>We will contact you as soon as possible<\/li>\n<\/ol>\n","protected":false},"featured_media":790,"template":"","meta":[],"yoast_head":"<!-- This site is optimized with the Yoast SEO plugin v19.3 - https:\/\/yoast.com\/wordpress\/plugins\/seo\/ -->\n<title>Discover the plain of Uchaux by bike | Nature and Bike Day<\/title>\n<meta name=\"description\" content=\"Discover the plain of Uchaux by bike, a day to discover the best areas of the plain of Uchaux by bike with Nature Bike Provence.\" \/>\n<meta name=\"robots\" content=\"index, follow, max-snippet:-1, max-image-preview:large, max-video-preview:-1\" \/>\n<link rel=\"canonical\" href=\"https:\/\/www.nature-bike-provence.com\/en\/cycling-day\/vineyards-of-the-plain-of-uchaux\/\" \/>\n<meta property=\"og:locale\" content=\"en_US\" \/>\n<meta property=\"og:type\" content=\"article\" \/>\n<meta property=\"og:title\" content=\"Discover the plain of Uchaux by bike | Nature and Bike Day\" \/>\n<meta property=\"og:description\" content=\"Discover the plain of Uchaux by bike, a day to discover the best areas of the plain of Uchaux by bike with Nature Bike Provence.\" \/>\n<meta property=\"og:url\" content=\"https:\/\/www.nature-bike-provence.com\/en\/cycling-day\/vineyards-of-the-plain-of-uchaux\/\" \/>\n<meta property=\"og:site_name\" content=\"Nature &amp; Bike\" \/>\n<meta property=\"article:modified_time\" content=\"2024-03-01T13:59:00+00:00\" \/>\n<meta property=\"og:image\" content=\"https:\/\/www.nature-bike-provence.com\/wp-content\/uploads\/2019\/03\/plaine_Uchaux.jpg\" \/>\n\t<meta property=\"og:image:width\" content=\"891\" \/>\n\t<meta property=\"og:image:height\" content=\"795\" \/>\n\t<meta property=\"og:image:type\" content=\"image\/jpeg\" \/>\n<meta name=\"twitter:card\" content=\"summary_large_image\" \/>\n<meta name=\"twitter:label1\" content=\"Est. reading time\" \/>\n\t<meta name=\"twitter:data1\" content=\"1 minute\" \/>\n<script type=\"application\/ld+json\" class=\"yoast-schema-graph\">{\"@context\":\"https:\/\/schema.org\",\"@graph\":[{\"@type\":\"WebSite\",\"@id\":\"https:\/\/www.nature-bike-provence.com\/#website\",\"url\":\"https:\/\/www.nature-bike-provence.com\/\",\"name\":\"Nature &amp; Bike\",\"description\":\"Location de cycles et s\u00e9jours \u00e0 v\u00e9lo en Provence\",\"potentialAction\":[{\"@type\":\"SearchAction\",\"target\":{\"@type\":\"EntryPoint\",\"urlTemplate\":\"https:\/\/www.nature-bike-provence.com\/?s={search_term_string}\"},\"query-input\":\"required name=search_term_string\"}],\"inLanguage\":\"en-US\"},{\"@type\":\"ImageObject\",\"inLanguage\":\"en-US\",\"@id\":\"https:\/\/www.nature-bike-provence.com\/en\/cycling-day\/vineyards-of-the-plain-of-uchaux\/#primaryimage\",\"url\":\"https:\/\/www.nature-bike-provence.com\/wp-content\/uploads\/2019\/03\/plaine_Uchaux.jpg\",\"contentUrl\":\"https:\/\/www.nature-bike-provence.com\/wp-content\/uploads\/2019\/03\/plaine_Uchaux.jpg\",\"width\":891,\"height\":795},{\"@type\":\"WebPage\",\"@id\":\"https:\/\/www.nature-bike-provence.com\/en\/cycling-day\/vineyards-of-the-plain-of-uchaux\/\",\"url\":\"https:\/\/www.nature-bike-provence.com\/en\/cycling-day\/vineyards-of-the-plain-of-uchaux\/\",\"name\":\"Discover the plain of Uchaux by bike | Nature and Bike Day\",\"isPartOf\":{\"@id\":\"https:\/\/www.nature-bike-provence.com\/#website\"},\"primaryImageOfPage\":{\"@id\":\"https:\/\/www.nature-bike-provence.com\/en\/cycling-day\/vineyards-of-the-plain-of-uchaux\/#primaryimage\"},\"datePublished\":\"2019-03-12T16:14:18+00:00\",\"dateModified\":\"2024-03-01T13:59:00+00:00\",\"description\":\"Discover the plain of Uchaux by bike, a day to discover the best areas of the plain of Uchaux by bike with Nature Bike Provence.\",\"breadcrumb\":{\"@id\":\"https:\/\/www.nature-bike-provence.com\/en\/cycling-day\/vineyards-of-the-plain-of-uchaux\/#breadcrumb\"},\"inLanguage\":\"en-US\",\"potentialAction\":[{\"@type\":\"ReadAction\",\"target\":[\"https:\/\/www.nature-bike-provence.com\/en\/cycling-day\/vineyards-of-the-plain-of-uchaux\/\"]}]},{\"@type\":\"BreadcrumbList\",\"@id\":\"https:\/\/www.nature-bike-provence.com\/en\/cycling-day\/vineyards-of-the-plain-of-uchaux\/#breadcrumb\",\"itemListElement\":[{\"@type\":\"ListItem\",\"position\":1,\"name\":\"Accueil\",\"item\":\"https:\/\/www.nature-bike-provence.com\/en\/\"},{\"@type\":\"ListItem\",\"position\":2,\"name\":\"Products\",\"item\":\"https:\/\/www.nature-bike-provence.com\/en\/shop\/\"},{\"@type\":\"ListItem\",\"position\":3,\"name\":\"Vineyards of the plain of Uchaux 49kms\"}]}]}<\/script>\n<!-- \/ Yoast SEO plugin. -->","yoast_head_json":{"title":"Discover the plain of Uchaux by bike | Nature and Bike Day","description":"Discover the plain of Uchaux by bike, a day to discover the best areas of the plain of Uchaux by bike with Nature Bike Provence.","robots":{"index":"index","follow":"follow","max-snippet":"max-snippet:-1","max-image-preview":"max-image-preview:large","max-video-preview":"max-video-preview:-1"},"canonical":"https:\/\/www.nature-bike-provence.com\/en\/cycling-day\/vineyards-of-the-plain-of-uchaux\/","og_locale":"en_US","og_type":"article","og_title":"Discover the plain of Uchaux by bike | Nature and Bike Day","og_description":"Discover the plain of Uchaux by bike, a day to discover the best areas of the plain of Uchaux by bike with Nature Bike Provence.","og_url":"https:\/\/www.nature-bike-provence.com\/en\/cycling-day\/vineyards-of-the-plain-of-uchaux\/","og_site_name":"Nature &amp; Bike","article_modified_time":"2024-03-01T13:59:00+00:00","og_image":[{"width":891,"height":795,"url":"https:\/\/www.nature-bike-provence.com\/wp-content\/uploads\/2019\/03\/plaine_Uchaux.jpg","type":"image\/jpeg"}],"twitter_card":"summary_large_image","twitter_misc":{"Est. reading time":"1 minute"},"schema":{"@context":"https:\/\/schema.org","@graph":[{"@type":"WebSite","@id":"https:\/\/www.nature-bike-provence.com\/#website","url":"https:\/\/www.nature-bike-provence.com\/","name":"Nature &amp; Bike","description":"Location de cycles et s\u00e9jours \u00e0 v\u00e9lo en Provence","potentialAction":[{"@type":"SearchAction","target":{"@type":"EntryPoint","urlTemplate":"https:\/\/www.nature-bike-provence.com\/?s={search_term_string}"},"query-input":"required name=search_term_string"}],"inLanguage":"en-US"},{"@type":"ImageObject","inLanguage":"en-US","@id":"https:\/\/www.nature-bike-provence.com\/en\/cycling-day\/vineyards-of-the-plain-of-uchaux\/#primaryimage","url":"https:\/\/www.nature-bike-provence.com\/wp-content\/uploads\/2019\/03\/plaine_Uchaux.jpg","contentUrl":"https:\/\/www.nature-bike-provence.com\/wp-content\/uploads\/2019\/03\/plaine_Uchaux.jpg","width":891,"height":795},{"@type":"WebPage","@id":"https:\/\/www.nature-bike-provence.com\/en\/cycling-day\/vineyards-of-the-plain-of-uchaux\/","url":"https:\/\/www.nature-bike-provence.com\/en\/cycling-day\/vineyards-of-the-plain-of-uchaux\/","name":"Discover the plain of Uchaux by bike | Nature and Bike Day","isPartOf":{"@id":"https:\/\/www.nature-bike-provence.com\/#website"},"primaryImageOfPage":{"@id":"https:\/\/www.nature-bike-provence.com\/en\/cycling-day\/vineyards-of-the-plain-of-uchaux\/#primaryimage"},"datePublished":"2019-03-12T16:14:18+00:00","dateModified":"2024-03-01T13:59:00+00:00","description":"Discover the plain of Uchaux by bike, a day to discover the best areas of the plain of Uchaux by bike with Nature Bike Provence.","breadcrumb":{"@id":"https:\/\/www.nature-bike-provence.com\/en\/cycling-day\/vineyards-of-the-plain-of-uchaux\/#breadcrumb"},"inLanguage":"en-US","potentialAction":[{"@type":"ReadAction","target":["https:\/\/www.nature-bike-provence.com\/en\/cycling-day\/vineyards-of-the-plain-of-uchaux\/"]}]},{"@type":"BreadcrumbList","@id":"https:\/\/www.nature-bike-provence.com\/en\/cycling-day\/vineyards-of-the-plain-of-uchaux\/#breadcrumb","itemListElement":[{"@type":"ListItem","position":1,"name":"Accueil","item":"https:\/\/www.nature-bike-provence.com\/en\/"},{"@type":"ListItem","position":2,"name":"Products","item":"https:\/\/www.nature-bike-provence.com\/en\/shop\/"},{"@type":"ListItem","position":3,"name":"Vineyards of the plain of Uchaux 49kms"}]}]}},"_links":{"self":[{"href":"https:\/\/www.nature-bike-provence.com\/en\/wp-json\/wp\/v2\/product\/1520"}],"collection":[{"href":"https:\/\/www.nature-bike-provence.com\/en\/wp-json\/wp\/v2\/product"}],"about":[{"href":"https:\/\/www.nature-bike-provence.com\/en\/wp-json\/wp\/v2\/types\/product"}],"wp:featuredmedia":[{"embeddable":true,"href":"https:\/\/www.nature-bike-provence.com\/en\/wp-json\/wp\/v2\/media\/790"}],"wp:attachment":[{"href":"https:\/\/www.nature-bike-provence.com\/en\/wp-json\/wp\/v2\/media?parent=1520"}],"curies":[{"name":"wp","href":"https:\/\/api.w.org\/{rel}","templated":true}]}}