{"id":1517,"date":"2019-03-12T17:18:08","date_gmt":"2019-03-12T16:18:08","guid":{"rendered":"https:\/\/www.nature-bike-provence.com\/uncategorized\/the-joyride-of-happy-people\/"},"modified":"2024-02-06T14:14:14","modified_gmt":"2024-02-06T13:14:14","slug":"the-joyride-of-happy-people","status":"publish","type":"product","link":"https:\/\/www.nature-bike-provence.com\/en\/cycling-day\/the-joyride-of-happy-people\/","title":{"rendered":"The joyride of happy people"},"content":{"rendered":"<span id=\"s2_1\">This bike ride is ideal for the arrival of sunny days.<\/span> <span id=\"s2_2\">It is quite varied, you will discover successively the fields of sunflowers, then the agricultural diversity, fields of lavender, small gardens, vineyards&#8230;<\/span>\r\n<span id=\"s2_3\"><\/span>\r\n\r\n<span id=\"s2_3\">It is not technically difficult, the drop is almost non-existent.<\/span>\r\n<span id=\"s2_4\"><\/span>\r\n\r\n<span id=\"s2_4\">You can, however, admire the variety of plantations in the colours of Provence.<\/span>","protected":false},"excerpt":{"rendered":"<p><strong>Bike day from Uchaux<\/strong><\/p>\n<p>An ATV is not necessary, in fact the pavement of the roads all along the circuit makes it possible to do so with a city bike VTC. There are plenty of places for a break or a picnic.<\/p>\n<p>The departure takes place in the centre of the village of Uchaux.<\/p>\n<p><span style=\"color: #008000;\"><strong>Request a quote for this cycling tour :<\/strong> <\/span><\/p>\n<ol>\n<li>Select your cycling tour and the number of days you want<\/li>\n<li>Add your choice of bike and specify the desired quantities<\/li>\n<li>Add any accessories<\/li>\n<li>Complete the quote request form and send it<\/li>\n<li>We will contact you as soon as possible<\/li>\n<\/ol>\n","protected":false},"featured_media":804,"template":"","meta":[],"yoast_head":"<!-- This site is optimized with the Yoast SEO plugin v19.3 - https:\/\/yoast.com\/wordpress\/plugins\/seo\/ -->\n<title>Bike day in Uchaux | Bike day Nature Bike Provence<\/title>\n<meta name=\"description\" content=\"Bike day from Uchaux, rent your bike and discover a one-day bike tour around Uchaux.\" \/>\n<meta name=\"robots\" content=\"index, follow, max-snippet:-1, max-image-preview:large, max-video-preview:-1\" \/>\n<link rel=\"canonical\" href=\"https:\/\/www.nature-bike-provence.com\/en\/cycling-day\/the-joyride-of-happy-people\/\" \/>\n<meta property=\"og:locale\" content=\"en_US\" \/>\n<meta property=\"og:type\" content=\"article\" \/>\n<meta property=\"og:title\" content=\"Bike day in Uchaux | Bike day Nature Bike Provence\" \/>\n<meta property=\"og:description\" content=\"Bike day from Uchaux, rent your bike and discover a one-day bike tour around Uchaux.\" \/>\n<meta property=\"og:url\" content=\"https:\/\/www.nature-bike-provence.com\/en\/cycling-day\/the-joyride-of-happy-people\/\" \/>\n<meta property=\"og:site_name\" content=\"Nature &amp; Bike\" \/>\n<meta property=\"article:modified_time\" content=\"2024-02-06T13:14:14+00:00\" \/>\n<meta property=\"og:image\" content=\"https:\/\/www.nature-bike-provence.com\/wp-content\/uploads\/2019\/03\/la-balade-des-gens-heureux.png\" \/>\n\t<meta property=\"og:image:width\" content=\"800\" \/>\n\t<meta property=\"og:image:height\" content=\"800\" \/>\n\t<meta property=\"og:image:type\" content=\"image\/png\" \/>\n<meta name=\"twitter:card\" content=\"summary_large_image\" \/>\n<meta name=\"twitter:label1\" content=\"Est. reading time\" \/>\n\t<meta name=\"twitter:data1\" content=\"1 minute\" \/>\n<script type=\"application\/ld+json\" class=\"yoast-schema-graph\">{\"@context\":\"https:\/\/schema.org\",\"@graph\":[{\"@type\":\"WebSite\",\"@id\":\"https:\/\/www.nature-bike-provence.com\/#website\",\"url\":\"https:\/\/www.nature-bike-provence.com\/\",\"name\":\"Nature &amp; Bike\",\"description\":\"Location de cycles et s\u00e9jours \u00e0 v\u00e9lo en Provence\",\"potentialAction\":[{\"@type\":\"SearchAction\",\"target\":{\"@type\":\"EntryPoint\",\"urlTemplate\":\"https:\/\/www.nature-bike-provence.com\/?s={search_term_string}\"},\"query-input\":\"required name=search_term_string\"}],\"inLanguage\":\"en-US\"},{\"@type\":\"ImageObject\",\"inLanguage\":\"en-US\",\"@id\":\"https:\/\/www.nature-bike-provence.com\/en\/cycling-day\/the-joyride-of-happy-people\/#primaryimage\",\"url\":\"https:\/\/www.nature-bike-provence.com\/wp-content\/uploads\/2019\/03\/la-balade-des-gens-heureux.png\",\"contentUrl\":\"https:\/\/www.nature-bike-provence.com\/wp-content\/uploads\/2019\/03\/la-balade-des-gens-heureux.png\",\"width\":800,\"height\":800},{\"@type\":\"WebPage\",\"@id\":\"https:\/\/www.nature-bike-provence.com\/en\/cycling-day\/the-joyride-of-happy-people\/\",\"url\":\"https:\/\/www.nature-bike-provence.com\/en\/cycling-day\/the-joyride-of-happy-people\/\",\"name\":\"Bike day in Uchaux | Bike day Nature Bike Provence\",\"isPartOf\":{\"@id\":\"https:\/\/www.nature-bike-provence.com\/#website\"},\"primaryImageOfPage\":{\"@id\":\"https:\/\/www.nature-bike-provence.com\/en\/cycling-day\/the-joyride-of-happy-people\/#primaryimage\"},\"datePublished\":\"2019-03-12T16:18:08+00:00\",\"dateModified\":\"2024-02-06T13:14:14+00:00\",\"description\":\"Bike day from Uchaux, rent your bike and discover a one-day bike tour around Uchaux.\",\"breadcrumb\":{\"@id\":\"https:\/\/www.nature-bike-provence.com\/en\/cycling-day\/the-joyride-of-happy-people\/#breadcrumb\"},\"inLanguage\":\"en-US\",\"potentialAction\":[{\"@type\":\"ReadAction\",\"target\":[\"https:\/\/www.nature-bike-provence.com\/en\/cycling-day\/the-joyride-of-happy-people\/\"]}]},{\"@type\":\"BreadcrumbList\",\"@id\":\"https:\/\/www.nature-bike-provence.com\/en\/cycling-day\/the-joyride-of-happy-people\/#breadcrumb\",\"itemListElement\":[{\"@type\":\"ListItem\",\"position\":1,\"name\":\"Accueil\",\"item\":\"https:\/\/www.nature-bike-provence.com\/en\/\"},{\"@type\":\"ListItem\",\"position\":2,\"name\":\"Products\",\"item\":\"https:\/\/www.nature-bike-provence.com\/en\/shop\/\"},{\"@type\":\"ListItem\",\"position\":3,\"name\":\"The joyride of happy people\"}]}]}<\/script>\n<!-- \/ Yoast SEO plugin. -->","yoast_head_json":{"title":"Bike day in Uchaux | Bike day Nature Bike Provence","description":"Bike day from Uchaux, rent your bike and discover a one-day bike tour around Uchaux.","robots":{"index":"index","follow":"follow","max-snippet":"max-snippet:-1","max-image-preview":"max-image-preview:large","max-video-preview":"max-video-preview:-1"},"canonical":"https:\/\/www.nature-bike-provence.com\/en\/cycling-day\/the-joyride-of-happy-people\/","og_locale":"en_US","og_type":"article","og_title":"Bike day in Uchaux | Bike day Nature Bike Provence","og_description":"Bike day from Uchaux, rent your bike and discover a one-day bike tour around Uchaux.","og_url":"https:\/\/www.nature-bike-provence.com\/en\/cycling-day\/the-joyride-of-happy-people\/","og_site_name":"Nature &amp; Bike","article_modified_time":"2024-02-06T13:14:14+00:00","og_image":[{"width":800,"height":800,"url":"https:\/\/www.nature-bike-provence.com\/wp-content\/uploads\/2019\/03\/la-balade-des-gens-heureux.png","type":"image\/png"}],"twitter_card":"summary_large_image","twitter_misc":{"Est. reading time":"1 minute"},"schema":{"@context":"https:\/\/schema.org","@graph":[{"@type":"WebSite","@id":"https:\/\/www.nature-bike-provence.com\/#website","url":"https:\/\/www.nature-bike-provence.com\/","name":"Nature &amp; Bike","description":"Location de cycles et s\u00e9jours \u00e0 v\u00e9lo en Provence","potentialAction":[{"@type":"SearchAction","target":{"@type":"EntryPoint","urlTemplate":"https:\/\/www.nature-bike-provence.com\/?s={search_term_string}"},"query-input":"required name=search_term_string"}],"inLanguage":"en-US"},{"@type":"ImageObject","inLanguage":"en-US","@id":"https:\/\/www.nature-bike-provence.com\/en\/cycling-day\/the-joyride-of-happy-people\/#primaryimage","url":"https:\/\/www.nature-bike-provence.com\/wp-content\/uploads\/2019\/03\/la-balade-des-gens-heureux.png","contentUrl":"https:\/\/www.nature-bike-provence.com\/wp-content\/uploads\/2019\/03\/la-balade-des-gens-heureux.png","width":800,"height":800},{"@type":"WebPage","@id":"https:\/\/www.nature-bike-provence.com\/en\/cycling-day\/the-joyride-of-happy-people\/","url":"https:\/\/www.nature-bike-provence.com\/en\/cycling-day\/the-joyride-of-happy-people\/","name":"Bike day in Uchaux | Bike day Nature Bike Provence","isPartOf":{"@id":"https:\/\/www.nature-bike-provence.com\/#website"},"primaryImageOfPage":{"@id":"https:\/\/www.nature-bike-provence.com\/en\/cycling-day\/the-joyride-of-happy-people\/#primaryimage"},"datePublished":"2019-03-12T16:18:08+00:00","dateModified":"2024-02-06T13:14:14+00:00","description":"Bike day from Uchaux, rent your bike and discover a one-day bike tour around Uchaux.","breadcrumb":{"@id":"https:\/\/www.nature-bike-provence.com\/en\/cycling-day\/the-joyride-of-happy-people\/#breadcrumb"},"inLanguage":"en-US","potentialAction":[{"@type":"ReadAction","target":["https:\/\/www.nature-bike-provence.com\/en\/cycling-day\/the-joyride-of-happy-people\/"]}]},{"@type":"BreadcrumbList","@id":"https:\/\/www.nature-bike-provence.com\/en\/cycling-day\/the-joyride-of-happy-people\/#breadcrumb","itemListElement":[{"@type":"ListItem","position":1,"name":"Accueil","item":"https:\/\/www.nature-bike-provence.com\/en\/"},{"@type":"ListItem","position":2,"name":"Products","item":"https:\/\/www.nature-bike-provence.com\/en\/shop\/"},{"@type":"ListItem","position":3,"name":"The joyride of happy people"}]}]}},"_links":{"self":[{"href":"https:\/\/www.nature-bike-provence.com\/en\/wp-json\/wp\/v2\/product\/1517"}],"collection":[{"href":"https:\/\/www.nature-bike-provence.com\/en\/wp-json\/wp\/v2\/product"}],"about":[{"href":"https:\/\/www.nature-bike-provence.com\/en\/wp-json\/wp\/v2\/types\/product"}],"wp:featuredmedia":[{"embeddable":true,"href":"https:\/\/www.nature-bike-provence.com\/en\/wp-json\/wp\/v2\/media\/804"}],"wp:attachment":[{"href":"https:\/\/www.nature-bike-provence.com\/en\/wp-json\/wp\/v2\/media?parent=1517"}],"curies":[{"name":"wp","href":"https:\/\/api.w.org\/{rel}","templated":true}]}}