{"id":1497,"date":"2019-03-28T10:57:18","date_gmt":"2019-03-28T09:57:18","guid":{"rendered":"https:\/\/www.nature-bike-provence.com\/uncategorized\/domaine-and-castle-chateauneuf-du-pape\/"},"modified":"2024-03-01T10:17:17","modified_gmt":"2024-03-01T09:17:17","slug":"domaine-and-castle-chateauneuf-du-pape","status":"publish","type":"product","link":"https:\/\/www.nature-bike-provence.com\/en\/cycling-day\/domaine-and-castle-chateauneuf-du-pape\/","title":{"rendered":"Domains and castle of Ch\u00e2teauneuf-du-Pape 31 kms"},"content":{"rendered":"<p id=\"tw-target-text\" class=\"tw-data-text tw-text-large XcVN5d tw-ta\" dir=\"ltr\" data-placeholder=\"Traduction\"><span lang=\"en\">We offer you a 31 km bike ride to discover the estates and ch\u00e2teaux of Ch\u00e2teauneuf du Pape. It&#8217;s an ideal route to discover the wines of this world-famous terroir, you can taste and meet the winegrowers.<\/span><\/p>","protected":false},"excerpt":{"rendered":"<p>An ideal cycling route to discover the wines of this very famous terroir. A Nature Bike Provence bike tour for wine lovers.<\/p>\n<p><span style=\"color: #008000;\"><strong>Request a quote for this cycling tour :<\/strong><\/span><\/p>\n<ol>\n<li>Select your cycling tour and the number of days you want<\/li>\n<li>Add your choice of bike and specify the desired quantities<\/li>\n<li>Add any accessories<\/li>\n<li>Complete the quote request form and send it<\/li>\n<li>We will contact you as soon as possible<\/li>\n<\/ol>\n","protected":false},"featured_media":1424,"template":"","meta":[],"yoast_head":"<!-- This site is optimized with the Yoast SEO plugin v19.3 - https:\/\/yoast.com\/wordpress\/plugins\/seo\/ -->\n<title>Domains and castle of Ch\u00e2teauneuf-du-Pape by bike | Nature &amp; Bike<\/title>\n<meta name=\"description\" content=\"Discover Ch\u00e2teauneuf-du-Pape by bike. A day by Nature &amp; Bike, to discover the city of Ch\u00e2teauneuf-du-Pape and its castle.\" \/>\n<meta name=\"robots\" content=\"index, follow, max-snippet:-1, max-image-preview:large, max-video-preview:-1\" \/>\n<link rel=\"canonical\" href=\"https:\/\/www.nature-bike-provence.com\/en\/cycling-day\/domaine-and-castle-chateauneuf-du-pape\/\" \/>\n<meta property=\"og:locale\" content=\"en_US\" \/>\n<meta property=\"og:type\" content=\"article\" \/>\n<meta property=\"og:title\" content=\"Domains and castle of Ch\u00e2teauneuf-du-Pape by bike | Nature &amp; Bike\" \/>\n<meta property=\"og:description\" content=\"Discover Ch\u00e2teauneuf-du-Pape by bike. A day by Nature &amp; Bike, to discover the city of Ch\u00e2teauneuf-du-Pape and its castle.\" \/>\n<meta property=\"og:url\" content=\"https:\/\/www.nature-bike-provence.com\/en\/cycling-day\/domaine-and-castle-chateauneuf-du-pape\/\" \/>\n<meta property=\"og:site_name\" content=\"Nature &amp; Bike\" \/>\n<meta property=\"article:modified_time\" content=\"2024-03-01T09:17:17+00:00\" \/>\n<meta property=\"og:image\" content=\"https:\/\/www.nature-bike-provence.com\/wp-content\/uploads\/2019\/03\/domaines-et-ch\u00e2teaux-tour-CHATEAUNEUF-DU-PAPE-photo.jpg\" \/>\n\t<meta property=\"og:image:width\" content=\"1300\" \/>\n\t<meta property=\"og:image:height\" content=\"699\" \/>\n\t<meta property=\"og:image:type\" content=\"image\/jpeg\" \/>\n<meta name=\"twitter:card\" content=\"summary_large_image\" \/>\n<meta name=\"twitter:label1\" content=\"Est. reading time\" \/>\n\t<meta name=\"twitter:data1\" content=\"1 minute\" \/>\n<script type=\"application\/ld+json\" class=\"yoast-schema-graph\">{\"@context\":\"https:\/\/schema.org\",\"@graph\":[{\"@type\":\"WebSite\",\"@id\":\"https:\/\/www.nature-bike-provence.com\/#website\",\"url\":\"https:\/\/www.nature-bike-provence.com\/\",\"name\":\"Nature &amp; Bike\",\"description\":\"Location de cycles et s\u00e9jours \u00e0 v\u00e9lo en Provence\",\"potentialAction\":[{\"@type\":\"SearchAction\",\"target\":{\"@type\":\"EntryPoint\",\"urlTemplate\":\"https:\/\/www.nature-bike-provence.com\/?s={search_term_string}\"},\"query-input\":\"required name=search_term_string\"}],\"inLanguage\":\"en-US\"},{\"@type\":\"ImageObject\",\"inLanguage\":\"en-US\",\"@id\":\"https:\/\/www.nature-bike-provence.com\/en\/cycling-day\/domaine-and-castle-chateauneuf-du-pape\/#primaryimage\",\"url\":\"https:\/\/www.nature-bike-provence.com\/wp-content\/uploads\/2019\/03\/domaines-et-ch\u00e2teaux-tour-CHATEAUNEUF-DU-PAPE-photo.jpg\",\"contentUrl\":\"https:\/\/www.nature-bike-provence.com\/wp-content\/uploads\/2019\/03\/domaines-et-ch\u00e2teaux-tour-CHATEAUNEUF-DU-PAPE-photo.jpg\",\"width\":1300,\"height\":699,\"caption\":\"chateauneuf du pape \u00e0 v\u00e9lo\"},{\"@type\":\"WebPage\",\"@id\":\"https:\/\/www.nature-bike-provence.com\/en\/cycling-day\/domaine-and-castle-chateauneuf-du-pape\/\",\"url\":\"https:\/\/www.nature-bike-provence.com\/en\/cycling-day\/domaine-and-castle-chateauneuf-du-pape\/\",\"name\":\"Domains and castle of Ch\u00e2teauneuf-du-Pape by bike | Nature & Bike\",\"isPartOf\":{\"@id\":\"https:\/\/www.nature-bike-provence.com\/#website\"},\"primaryImageOfPage\":{\"@id\":\"https:\/\/www.nature-bike-provence.com\/en\/cycling-day\/domaine-and-castle-chateauneuf-du-pape\/#primaryimage\"},\"datePublished\":\"2019-03-28T09:57:18+00:00\",\"dateModified\":\"2024-03-01T09:17:17+00:00\",\"description\":\"Discover Ch\u00e2teauneuf-du-Pape by bike. A day by Nature & Bike, to discover the city of Ch\u00e2teauneuf-du-Pape and its castle.\",\"breadcrumb\":{\"@id\":\"https:\/\/www.nature-bike-provence.com\/en\/cycling-day\/domaine-and-castle-chateauneuf-du-pape\/#breadcrumb\"},\"inLanguage\":\"en-US\",\"potentialAction\":[{\"@type\":\"ReadAction\",\"target\":[\"https:\/\/www.nature-bike-provence.com\/en\/cycling-day\/domaine-and-castle-chateauneuf-du-pape\/\"]}]},{\"@type\":\"BreadcrumbList\",\"@id\":\"https:\/\/www.nature-bike-provence.com\/en\/cycling-day\/domaine-and-castle-chateauneuf-du-pape\/#breadcrumb\",\"itemListElement\":[{\"@type\":\"ListItem\",\"position\":1,\"name\":\"Accueil\",\"item\":\"https:\/\/www.nature-bike-provence.com\/en\/\"},{\"@type\":\"ListItem\",\"position\":2,\"name\":\"Products\",\"item\":\"https:\/\/www.nature-bike-provence.com\/en\/shop\/\"},{\"@type\":\"ListItem\",\"position\":3,\"name\":\"Domains and castle of Ch\u00e2teauneuf-du-Pape 31 kms\"}]}]}<\/script>\n<!-- \/ Yoast SEO plugin. -->","yoast_head_json":{"title":"Domains and castle of Ch\u00e2teauneuf-du-Pape by bike | Nature & Bike","description":"Discover Ch\u00e2teauneuf-du-Pape by bike. A day by Nature & Bike, to discover the city of Ch\u00e2teauneuf-du-Pape and its castle.","robots":{"index":"index","follow":"follow","max-snippet":"max-snippet:-1","max-image-preview":"max-image-preview:large","max-video-preview":"max-video-preview:-1"},"canonical":"https:\/\/www.nature-bike-provence.com\/en\/cycling-day\/domaine-and-castle-chateauneuf-du-pape\/","og_locale":"en_US","og_type":"article","og_title":"Domains and castle of Ch\u00e2teauneuf-du-Pape by bike | Nature & Bike","og_description":"Discover Ch\u00e2teauneuf-du-Pape by bike. A day by Nature & Bike, to discover the city of Ch\u00e2teauneuf-du-Pape and its castle.","og_url":"https:\/\/www.nature-bike-provence.com\/en\/cycling-day\/domaine-and-castle-chateauneuf-du-pape\/","og_site_name":"Nature &amp; Bike","article_modified_time":"2024-03-01T09:17:17+00:00","og_image":[{"width":1300,"height":699,"url":"https:\/\/www.nature-bike-provence.com\/wp-content\/uploads\/2019\/03\/domaines-et-ch\u00e2teaux-tour-CHATEAUNEUF-DU-PAPE-photo.jpg","type":"image\/jpeg"}],"twitter_card":"summary_large_image","twitter_misc":{"Est. reading time":"1 minute"},"schema":{"@context":"https:\/\/schema.org","@graph":[{"@type":"WebSite","@id":"https:\/\/www.nature-bike-provence.com\/#website","url":"https:\/\/www.nature-bike-provence.com\/","name":"Nature &amp; Bike","description":"Location de cycles et s\u00e9jours \u00e0 v\u00e9lo en Provence","potentialAction":[{"@type":"SearchAction","target":{"@type":"EntryPoint","urlTemplate":"https:\/\/www.nature-bike-provence.com\/?s={search_term_string}"},"query-input":"required name=search_term_string"}],"inLanguage":"en-US"},{"@type":"ImageObject","inLanguage":"en-US","@id":"https:\/\/www.nature-bike-provence.com\/en\/cycling-day\/domaine-and-castle-chateauneuf-du-pape\/#primaryimage","url":"https:\/\/www.nature-bike-provence.com\/wp-content\/uploads\/2019\/03\/domaines-et-ch\u00e2teaux-tour-CHATEAUNEUF-DU-PAPE-photo.jpg","contentUrl":"https:\/\/www.nature-bike-provence.com\/wp-content\/uploads\/2019\/03\/domaines-et-ch\u00e2teaux-tour-CHATEAUNEUF-DU-PAPE-photo.jpg","width":1300,"height":699,"caption":"chateauneuf du pape \u00e0 v\u00e9lo"},{"@type":"WebPage","@id":"https:\/\/www.nature-bike-provence.com\/en\/cycling-day\/domaine-and-castle-chateauneuf-du-pape\/","url":"https:\/\/www.nature-bike-provence.com\/en\/cycling-day\/domaine-and-castle-chateauneuf-du-pape\/","name":"Domains and castle of Ch\u00e2teauneuf-du-Pape by bike | Nature & Bike","isPartOf":{"@id":"https:\/\/www.nature-bike-provence.com\/#website"},"primaryImageOfPage":{"@id":"https:\/\/www.nature-bike-provence.com\/en\/cycling-day\/domaine-and-castle-chateauneuf-du-pape\/#primaryimage"},"datePublished":"2019-03-28T09:57:18+00:00","dateModified":"2024-03-01T09:17:17+00:00","description":"Discover Ch\u00e2teauneuf-du-Pape by bike. A day by Nature & Bike, to discover the city of Ch\u00e2teauneuf-du-Pape and its castle.","breadcrumb":{"@id":"https:\/\/www.nature-bike-provence.com\/en\/cycling-day\/domaine-and-castle-chateauneuf-du-pape\/#breadcrumb"},"inLanguage":"en-US","potentialAction":[{"@type":"ReadAction","target":["https:\/\/www.nature-bike-provence.com\/en\/cycling-day\/domaine-and-castle-chateauneuf-du-pape\/"]}]},{"@type":"BreadcrumbList","@id":"https:\/\/www.nature-bike-provence.com\/en\/cycling-day\/domaine-and-castle-chateauneuf-du-pape\/#breadcrumb","itemListElement":[{"@type":"ListItem","position":1,"name":"Accueil","item":"https:\/\/www.nature-bike-provence.com\/en\/"},{"@type":"ListItem","position":2,"name":"Products","item":"https:\/\/www.nature-bike-provence.com\/en\/shop\/"},{"@type":"ListItem","position":3,"name":"Domains and castle of Ch\u00e2teauneuf-du-Pape 31 kms"}]}]}},"_links":{"self":[{"href":"https:\/\/www.nature-bike-provence.com\/en\/wp-json\/wp\/v2\/product\/1497"}],"collection":[{"href":"https:\/\/www.nature-bike-provence.com\/en\/wp-json\/wp\/v2\/product"}],"about":[{"href":"https:\/\/www.nature-bike-provence.com\/en\/wp-json\/wp\/v2\/types\/product"}],"wp:featuredmedia":[{"embeddable":true,"href":"https:\/\/www.nature-bike-provence.com\/en\/wp-json\/wp\/v2\/media\/1424"}],"wp:attachment":[{"href":"https:\/\/www.nature-bike-provence.com\/en\/wp-json\/wp\/v2\/media?parent=1497"}],"curies":[{"name":"wp","href":"https:\/\/api.w.org\/{rel}","templated":true}]}}