{"id":1486,"date":"2019-03-21T11:12:06","date_gmt":"2019-03-21T10:12:06","guid":{"rendered":"https:\/\/www.nature-bike-provence.com\/uncategorized\/tee-shirt-biking-tour-ventoux\/"},"modified":"2020-11-20T11:39:28","modified_gmt":"2020-11-20T10:39:28","slug":"tee-shirt-biking-tour-ventoux","status":"publish","type":"product","link":"https:\/\/www.nature-bike-provence.com\/en\/apparel\/tee-shirt-biking-tour-ventoux\/","title":{"rendered":"Tee-shirt biking tour Ventoux"},"content":{"rendered":"New collection of tee-shirt in organic cotton.","protected":false},"excerpt":{"rendered":"<p>Order your Mont Ventoux T-shirt as a souvenir.<\/p>\n<p>Quality organic cotton t-shirt, a souvenir gift that will delight your friends and family cycling enthusiasts.<\/p>\n","protected":false},"featured_media":1813,"template":"","meta":[],"yoast_head":"<!-- This site is optimized with the Yoast SEO plugin v19.3 - https:\/\/yoast.com\/wordpress\/plugins\/seo\/ -->\n<title>Tee-shirt biking tour Ventoux - Nature &amp; Bike<\/title>\n<meta name=\"robots\" content=\"index, follow, max-snippet:-1, max-image-preview:large, max-video-preview:-1\" \/>\n<link rel=\"canonical\" href=\"https:\/\/www.nature-bike-provence.com\/en\/apparel\/tee-shirt-biking-tour-ventoux\/\" \/>\n<meta property=\"og:locale\" content=\"en_US\" \/>\n<meta property=\"og:type\" content=\"article\" \/>\n<meta property=\"og:title\" content=\"Tee-shirt biking tour Ventoux - Nature &amp; Bike\" \/>\n<meta property=\"og:description\" content=\"Order your Mont Ventoux T-shirt as a souvenir. Quality organic cotton t-shirt, a souvenir gift that will delight your friends and family cycling enthusiasts.\" \/>\n<meta property=\"og:url\" content=\"https:\/\/www.nature-bike-provence.com\/en\/apparel\/tee-shirt-biking-tour-ventoux\/\" \/>\n<meta property=\"og:site_name\" content=\"Nature &amp; Bike\" \/>\n<meta property=\"article:modified_time\" content=\"2020-11-20T10:39:28+00:00\" \/>\n<meta property=\"og:image\" content=\"https:\/\/www.nature-bike-provence.com\/wp-content\/uploads\/2019\/03\/IMG_4060-removebg-preview.jpg\" \/>\n\t<meta property=\"og:image:width\" content=\"408\" \/>\n\t<meta property=\"og:image:height\" content=\"612\" \/>\n\t<meta property=\"og:image:type\" content=\"image\/jpeg\" \/>\n<meta name=\"twitter:card\" content=\"summary_large_image\" \/>\n<script type=\"application\/ld+json\" class=\"yoast-schema-graph\">{\"@context\":\"https:\/\/schema.org\",\"@graph\":[{\"@type\":\"WebSite\",\"@id\":\"https:\/\/www.nature-bike-provence.com\/#website\",\"url\":\"https:\/\/www.nature-bike-provence.com\/\",\"name\":\"Nature &amp; Bike\",\"description\":\"Location de cycles et s\u00e9jours \u00e0 v\u00e9lo en Provence\",\"potentialAction\":[{\"@type\":\"SearchAction\",\"target\":{\"@type\":\"EntryPoint\",\"urlTemplate\":\"https:\/\/www.nature-bike-provence.com\/?s={search_term_string}\"},\"query-input\":\"required name=search_term_string\"}],\"inLanguage\":\"en-US\"},{\"@type\":\"ImageObject\",\"inLanguage\":\"en-US\",\"@id\":\"https:\/\/www.nature-bike-provence.com\/en\/apparel\/tee-shirt-biking-tour-ventoux\/#primaryimage\",\"url\":\"https:\/\/www.nature-bike-provence.com\/wp-content\/uploads\/2019\/03\/IMG_4060-removebg-preview.jpg\",\"contentUrl\":\"https:\/\/www.nature-bike-provence.com\/wp-content\/uploads\/2019\/03\/IMG_4060-removebg-preview.jpg\",\"width\":408,\"height\":612},{\"@type\":\"WebPage\",\"@id\":\"https:\/\/www.nature-bike-provence.com\/en\/apparel\/tee-shirt-biking-tour-ventoux\/\",\"url\":\"https:\/\/www.nature-bike-provence.com\/en\/apparel\/tee-shirt-biking-tour-ventoux\/\",\"name\":\"Tee-shirt biking tour Ventoux - Nature &amp; Bike\",\"isPartOf\":{\"@id\":\"https:\/\/www.nature-bike-provence.com\/#website\"},\"primaryImageOfPage\":{\"@id\":\"https:\/\/www.nature-bike-provence.com\/en\/apparel\/tee-shirt-biking-tour-ventoux\/#primaryimage\"},\"datePublished\":\"2019-03-21T10:12:06+00:00\",\"dateModified\":\"2020-11-20T10:39:28+00:00\",\"breadcrumb\":{\"@id\":\"https:\/\/www.nature-bike-provence.com\/en\/apparel\/tee-shirt-biking-tour-ventoux\/#breadcrumb\"},\"inLanguage\":\"en-US\",\"potentialAction\":[{\"@type\":\"ReadAction\",\"target\":[\"https:\/\/www.nature-bike-provence.com\/en\/apparel\/tee-shirt-biking-tour-ventoux\/\"]}]},{\"@type\":\"BreadcrumbList\",\"@id\":\"https:\/\/www.nature-bike-provence.com\/en\/apparel\/tee-shirt-biking-tour-ventoux\/#breadcrumb\",\"itemListElement\":[{\"@type\":\"ListItem\",\"position\":1,\"name\":\"Accueil\",\"item\":\"https:\/\/www.nature-bike-provence.com\/en\/\"},{\"@type\":\"ListItem\",\"position\":2,\"name\":\"Products\",\"item\":\"https:\/\/www.nature-bike-provence.com\/en\/shop\/\"},{\"@type\":\"ListItem\",\"position\":3,\"name\":\"Tee-shirt biking tour Ventoux\"}]}]}<\/script>\n<!-- \/ Yoast SEO plugin. -->","yoast_head_json":{"title":"Tee-shirt biking tour Ventoux - Nature &amp; Bike","robots":{"index":"index","follow":"follow","max-snippet":"max-snippet:-1","max-image-preview":"max-image-preview:large","max-video-preview":"max-video-preview:-1"},"canonical":"https:\/\/www.nature-bike-provence.com\/en\/apparel\/tee-shirt-biking-tour-ventoux\/","og_locale":"en_US","og_type":"article","og_title":"Tee-shirt biking tour Ventoux - Nature &amp; Bike","og_description":"Order your Mont Ventoux T-shirt as a souvenir. Quality organic cotton t-shirt, a souvenir gift that will delight your friends and family cycling enthusiasts.","og_url":"https:\/\/www.nature-bike-provence.com\/en\/apparel\/tee-shirt-biking-tour-ventoux\/","og_site_name":"Nature &amp; Bike","article_modified_time":"2020-11-20T10:39:28+00:00","og_image":[{"width":408,"height":612,"url":"https:\/\/www.nature-bike-provence.com\/wp-content\/uploads\/2019\/03\/IMG_4060-removebg-preview.jpg","type":"image\/jpeg"}],"twitter_card":"summary_large_image","schema":{"@context":"https:\/\/schema.org","@graph":[{"@type":"WebSite","@id":"https:\/\/www.nature-bike-provence.com\/#website","url":"https:\/\/www.nature-bike-provence.com\/","name":"Nature &amp; Bike","description":"Location de cycles et s\u00e9jours \u00e0 v\u00e9lo en Provence","potentialAction":[{"@type":"SearchAction","target":{"@type":"EntryPoint","urlTemplate":"https:\/\/www.nature-bike-provence.com\/?s={search_term_string}"},"query-input":"required name=search_term_string"}],"inLanguage":"en-US"},{"@type":"ImageObject","inLanguage":"en-US","@id":"https:\/\/www.nature-bike-provence.com\/en\/apparel\/tee-shirt-biking-tour-ventoux\/#primaryimage","url":"https:\/\/www.nature-bike-provence.com\/wp-content\/uploads\/2019\/03\/IMG_4060-removebg-preview.jpg","contentUrl":"https:\/\/www.nature-bike-provence.com\/wp-content\/uploads\/2019\/03\/IMG_4060-removebg-preview.jpg","width":408,"height":612},{"@type":"WebPage","@id":"https:\/\/www.nature-bike-provence.com\/en\/apparel\/tee-shirt-biking-tour-ventoux\/","url":"https:\/\/www.nature-bike-provence.com\/en\/apparel\/tee-shirt-biking-tour-ventoux\/","name":"Tee-shirt biking tour Ventoux - Nature &amp; Bike","isPartOf":{"@id":"https:\/\/www.nature-bike-provence.com\/#website"},"primaryImageOfPage":{"@id":"https:\/\/www.nature-bike-provence.com\/en\/apparel\/tee-shirt-biking-tour-ventoux\/#primaryimage"},"datePublished":"2019-03-21T10:12:06+00:00","dateModified":"2020-11-20T10:39:28+00:00","breadcrumb":{"@id":"https:\/\/www.nature-bike-provence.com\/en\/apparel\/tee-shirt-biking-tour-ventoux\/#breadcrumb"},"inLanguage":"en-US","potentialAction":[{"@type":"ReadAction","target":["https:\/\/www.nature-bike-provence.com\/en\/apparel\/tee-shirt-biking-tour-ventoux\/"]}]},{"@type":"BreadcrumbList","@id":"https:\/\/www.nature-bike-provence.com\/en\/apparel\/tee-shirt-biking-tour-ventoux\/#breadcrumb","itemListElement":[{"@type":"ListItem","position":1,"name":"Accueil","item":"https:\/\/www.nature-bike-provence.com\/en\/"},{"@type":"ListItem","position":2,"name":"Products","item":"https:\/\/www.nature-bike-provence.com\/en\/shop\/"},{"@type":"ListItem","position":3,"name":"Tee-shirt biking tour Ventoux"}]}]}},"_links":{"self":[{"href":"https:\/\/www.nature-bike-provence.com\/en\/wp-json\/wp\/v2\/product\/1486"}],"collection":[{"href":"https:\/\/www.nature-bike-provence.com\/en\/wp-json\/wp\/v2\/product"}],"about":[{"href":"https:\/\/www.nature-bike-provence.com\/en\/wp-json\/wp\/v2\/types\/product"}],"wp:featuredmedia":[{"embeddable":true,"href":"https:\/\/www.nature-bike-provence.com\/en\/wp-json\/wp\/v2\/media\/1813"}],"wp:attachment":[{"href":"https:\/\/www.nature-bike-provence.com\/en\/wp-json\/wp\/v2\/media?parent=1486"}],"curies":[{"name":"wp","href":"https:\/\/api.w.org\/{rel}","templated":true}]}}