{"id":1470,"date":"2019-04-11T15:29:59","date_gmt":"2019-04-11T13:30:00","guid":{"rendered":"https:\/\/www.nature-bike-provence.com\/?post_type=product&#038;p=1470"},"modified":"2024-02-06T14:34:57","modified_gmt":"2024-02-06T13:34:57","slug":"bike-picnic-2","status":"publish","type":"product","link":"https:\/\/www.nature-bike-provence.com\/en\/theme-bike-day\/bike-picnic-2\/","title":{"rendered":"Massive terroir bike trip from Uchaux"},"content":{"rendered":"<h3 id=\"trtext\"><span id=\"s2_1\">Thematic: Bike and Terroir<\/span><\/h3>\r\n<span id=\"s2_2\">To see the vineyard and the hills of Uchaux<\/span>\r\n<span id=\"s2_3\">Bergerie, cheeses and sheep<\/span>\r\n<span id=\"s2_4\">Vineyard in biodynamie presentation of this culture, wine tastings, etc.<\/span>\r\n<span id=\"s2_5\"><\/span>\r\n<h3><span id=\"s2_5\">Creation of a tailor-made day according to your wishes:<\/span><\/h3>\r\n<span id=\"s2_6\">We can offer you other destinations during the day to discover the terroir on the massifs<\/span>\r\n<span id=\"s2_7\">the following: Dentelles de Montmirail, Gigondas, Ch\u00e2teauneuf du Pape, Rh\u00f4ne orchards, plateau de<\/span>\r\n<span id=\"s2_8\">Clansaye and its fields of lavender, formation of oenology and discovery of wines from a circuit<\/span>\r\n<span id=\"s2_9\">bike in the heart of the vineyard&#8230;<\/span>\r\n<h3><span id=\"s2_10\">Course of the day:<\/span><\/h3>\r\n<ul>\r\n \t<li><span id=\"s2_11\">9h00 to 9h30 presentation of the Massive Terroir Uchaux circuit, distribution of bikes and departure.<\/span><\/li>\r\n \t<li><span id=\"s2_12\">10H00 km 7, Bergerie Jass de Durbi visit a sheepfold cheese tasting time = 30 minutes<\/span><\/li>\r\n \t<li><span id=\"s2_13\">11h00 km 11, Domaine de la Guicharde organic wines, tasting of 3 wines ros\u00e9 white red time = 45 minutes<\/span><\/li>\r\n \t<li><span id=\"s2_14\">11h45 departure Domaine de la Guicharde 4 kms direction Rochegude<\/span><\/li>\r\n \t<li><span id=\"s2_15\">12.30pm km 15, Bar in Vin\u2019s Rochegude (country bistro meal option) departure between 2pm and 3pm Uchaux 7kms<\/span><\/li>\r\n \t<li><span id=\"s2_16\">15h00 to 16h km 22, arrival Uchaux<\/span><\/li>\r\n<\/ul>","protected":false},"excerpt":{"rendered":"<h3>Concept &amp; Description:<\/h3>\n<p>A trip in the heart of the terroir: From the village of Uchaux, a 22 km route on the small communal roads, through this itinerary full of nature, we propose you to discover a sheep farm and its cheese production and a wine estate in biodynamie, an authentic walk to meet the agricultural world.<\/p>\n<p>Autonomous itinerary: Follow a thematic circuit, some points to validate, with road book and on your laptop to succeed in this bucolic challenge\u2026<\/p>\n","protected":false},"featured_media":1476,"template":"","meta":[],"yoast_head":"<!-- This site is optimized with the Yoast SEO plugin v19.3 - https:\/\/yoast.com\/wordpress\/plugins\/seo\/ -->\n<title>Cycling and Picnic in Chateauneuf-du-Pape | Nature &amp; Bike Provence | Bike tour<\/title>\n<meta name=\"description\" content=\"Nature Bike Provence, cycling agency in Provence, located in Orange, offers a day bike ride and Proven\u00e7al picnic. Day to the theme.\" \/>\n<meta name=\"robots\" content=\"index, follow, max-snippet:-1, max-image-preview:large, max-video-preview:-1\" \/>\n<link rel=\"canonical\" href=\"https:\/\/www.nature-bike-provence.com\/en\/theme-bike-day\/bike-picnic-2\/\" \/>\n<meta property=\"og:locale\" content=\"en_US\" \/>\n<meta property=\"og:type\" content=\"article\" \/>\n<meta property=\"og:title\" content=\"Cycling and Picnic in Chateauneuf-du-Pape | Nature &amp; Bike Provence | Bike tour\" \/>\n<meta property=\"og:description\" content=\"Nature Bike Provence, cycling agency in Provence, located in Orange, offers a day bike ride and Proven\u00e7al picnic. Day to the theme.\" \/>\n<meta property=\"og:url\" content=\"https:\/\/www.nature-bike-provence.com\/en\/theme-bike-day\/bike-picnic-2\/\" \/>\n<meta property=\"og:site_name\" content=\"Nature &amp; Bike\" \/>\n<meta property=\"article:modified_time\" content=\"2024-02-06T13:34:57+00:00\" \/>\n<meta property=\"og:image\" content=\"https:\/\/www.nature-bike-provence.com\/wp-content\/uploads\/2019\/04\/Escapade-velo-uchaud.jpg\" \/>\n\t<meta property=\"og:image:width\" content=\"600\" \/>\n\t<meta property=\"og:image:height\" content=\"600\" \/>\n\t<meta property=\"og:image:type\" content=\"image\/jpeg\" \/>\n<meta name=\"twitter:card\" content=\"summary_large_image\" \/>\n<meta name=\"twitter:label1\" content=\"Est. reading time\" \/>\n\t<meta name=\"twitter:data1\" content=\"1 minute\" \/>\n<script type=\"application\/ld+json\" class=\"yoast-schema-graph\">{\"@context\":\"https:\/\/schema.org\",\"@graph\":[{\"@type\":\"WebSite\",\"@id\":\"https:\/\/www.nature-bike-provence.com\/#website\",\"url\":\"https:\/\/www.nature-bike-provence.com\/\",\"name\":\"Nature &amp; Bike\",\"description\":\"Location de cycles et s\u00e9jours \u00e0 v\u00e9lo en Provence\",\"potentialAction\":[{\"@type\":\"SearchAction\",\"target\":{\"@type\":\"EntryPoint\",\"urlTemplate\":\"https:\/\/www.nature-bike-provence.com\/?s={search_term_string}\"},\"query-input\":\"required name=search_term_string\"}],\"inLanguage\":\"en-US\"},{\"@type\":\"ImageObject\",\"inLanguage\":\"en-US\",\"@id\":\"https:\/\/www.nature-bike-provence.com\/en\/theme-bike-day\/bike-picnic-2\/#primaryimage\",\"url\":\"https:\/\/www.nature-bike-provence.com\/wp-content\/uploads\/2019\/04\/Escapade-velo-uchaud.jpg\",\"contentUrl\":\"https:\/\/www.nature-bike-provence.com\/wp-content\/uploads\/2019\/04\/Escapade-velo-uchaud.jpg\",\"width\":600,\"height\":600},{\"@type\":\"WebPage\",\"@id\":\"https:\/\/www.nature-bike-provence.com\/en\/theme-bike-day\/bike-picnic-2\/\",\"url\":\"https:\/\/www.nature-bike-provence.com\/en\/theme-bike-day\/bike-picnic-2\/\",\"name\":\"Cycling and Picnic in Chateauneuf-du-Pape | Nature & Bike Provence | Bike tour\",\"isPartOf\":{\"@id\":\"https:\/\/www.nature-bike-provence.com\/#website\"},\"primaryImageOfPage\":{\"@id\":\"https:\/\/www.nature-bike-provence.com\/en\/theme-bike-day\/bike-picnic-2\/#primaryimage\"},\"datePublished\":\"2019-04-11T13:30:00+00:00\",\"dateModified\":\"2024-02-06T13:34:57+00:00\",\"description\":\"Nature Bike Provence, cycling agency in Provence, located in Orange, offers a day bike ride and Proven\u00e7al picnic. Day to the theme.\",\"breadcrumb\":{\"@id\":\"https:\/\/www.nature-bike-provence.com\/en\/theme-bike-day\/bike-picnic-2\/#breadcrumb\"},\"inLanguage\":\"en-US\",\"potentialAction\":[{\"@type\":\"ReadAction\",\"target\":[\"https:\/\/www.nature-bike-provence.com\/en\/theme-bike-day\/bike-picnic-2\/\"]}]},{\"@type\":\"BreadcrumbList\",\"@id\":\"https:\/\/www.nature-bike-provence.com\/en\/theme-bike-day\/bike-picnic-2\/#breadcrumb\",\"itemListElement\":[{\"@type\":\"ListItem\",\"position\":1,\"name\":\"Accueil\",\"item\":\"https:\/\/www.nature-bike-provence.com\/en\/\"},{\"@type\":\"ListItem\",\"position\":2,\"name\":\"Products\",\"item\":\"https:\/\/www.nature-bike-provence.com\/en\/shop\/\"},{\"@type\":\"ListItem\",\"position\":3,\"name\":\"Massive terroir bike trip from Uchaux\"}]}]}<\/script>\n<!-- \/ Yoast SEO plugin. -->","yoast_head_json":{"title":"Cycling and Picnic in Chateauneuf-du-Pape | Nature & Bike Provence | Bike tour","description":"Nature Bike Provence, cycling agency in Provence, located in Orange, offers a day bike ride and Proven\u00e7al picnic. Day to the theme.","robots":{"index":"index","follow":"follow","max-snippet":"max-snippet:-1","max-image-preview":"max-image-preview:large","max-video-preview":"max-video-preview:-1"},"canonical":"https:\/\/www.nature-bike-provence.com\/en\/theme-bike-day\/bike-picnic-2\/","og_locale":"en_US","og_type":"article","og_title":"Cycling and Picnic in Chateauneuf-du-Pape | Nature & Bike Provence | Bike tour","og_description":"Nature Bike Provence, cycling agency in Provence, located in Orange, offers a day bike ride and Proven\u00e7al picnic. Day to the theme.","og_url":"https:\/\/www.nature-bike-provence.com\/en\/theme-bike-day\/bike-picnic-2\/","og_site_name":"Nature &amp; Bike","article_modified_time":"2024-02-06T13:34:57+00:00","og_image":[{"width":600,"height":600,"url":"https:\/\/www.nature-bike-provence.com\/wp-content\/uploads\/2019\/04\/Escapade-velo-uchaud.jpg","type":"image\/jpeg"}],"twitter_card":"summary_large_image","twitter_misc":{"Est. reading time":"1 minute"},"schema":{"@context":"https:\/\/schema.org","@graph":[{"@type":"WebSite","@id":"https:\/\/www.nature-bike-provence.com\/#website","url":"https:\/\/www.nature-bike-provence.com\/","name":"Nature &amp; Bike","description":"Location de cycles et s\u00e9jours \u00e0 v\u00e9lo en Provence","potentialAction":[{"@type":"SearchAction","target":{"@type":"EntryPoint","urlTemplate":"https:\/\/www.nature-bike-provence.com\/?s={search_term_string}"},"query-input":"required name=search_term_string"}],"inLanguage":"en-US"},{"@type":"ImageObject","inLanguage":"en-US","@id":"https:\/\/www.nature-bike-provence.com\/en\/theme-bike-day\/bike-picnic-2\/#primaryimage","url":"https:\/\/www.nature-bike-provence.com\/wp-content\/uploads\/2019\/04\/Escapade-velo-uchaud.jpg","contentUrl":"https:\/\/www.nature-bike-provence.com\/wp-content\/uploads\/2019\/04\/Escapade-velo-uchaud.jpg","width":600,"height":600},{"@type":"WebPage","@id":"https:\/\/www.nature-bike-provence.com\/en\/theme-bike-day\/bike-picnic-2\/","url":"https:\/\/www.nature-bike-provence.com\/en\/theme-bike-day\/bike-picnic-2\/","name":"Cycling and Picnic in Chateauneuf-du-Pape | Nature & Bike Provence | Bike tour","isPartOf":{"@id":"https:\/\/www.nature-bike-provence.com\/#website"},"primaryImageOfPage":{"@id":"https:\/\/www.nature-bike-provence.com\/en\/theme-bike-day\/bike-picnic-2\/#primaryimage"},"datePublished":"2019-04-11T13:30:00+00:00","dateModified":"2024-02-06T13:34:57+00:00","description":"Nature Bike Provence, cycling agency in Provence, located in Orange, offers a day bike ride and Proven\u00e7al picnic. Day to the theme.","breadcrumb":{"@id":"https:\/\/www.nature-bike-provence.com\/en\/theme-bike-day\/bike-picnic-2\/#breadcrumb"},"inLanguage":"en-US","potentialAction":[{"@type":"ReadAction","target":["https:\/\/www.nature-bike-provence.com\/en\/theme-bike-day\/bike-picnic-2\/"]}]},{"@type":"BreadcrumbList","@id":"https:\/\/www.nature-bike-provence.com\/en\/theme-bike-day\/bike-picnic-2\/#breadcrumb","itemListElement":[{"@type":"ListItem","position":1,"name":"Accueil","item":"https:\/\/www.nature-bike-provence.com\/en\/"},{"@type":"ListItem","position":2,"name":"Products","item":"https:\/\/www.nature-bike-provence.com\/en\/shop\/"},{"@type":"ListItem","position":3,"name":"Massive terroir bike trip from Uchaux"}]}]}},"_links":{"self":[{"href":"https:\/\/www.nature-bike-provence.com\/en\/wp-json\/wp\/v2\/product\/1470"}],"collection":[{"href":"https:\/\/www.nature-bike-provence.com\/en\/wp-json\/wp\/v2\/product"}],"about":[{"href":"https:\/\/www.nature-bike-provence.com\/en\/wp-json\/wp\/v2\/types\/product"}],"wp:featuredmedia":[{"embeddable":true,"href":"https:\/\/www.nature-bike-provence.com\/en\/wp-json\/wp\/v2\/media\/1476"}],"wp:attachment":[{"href":"https:\/\/www.nature-bike-provence.com\/en\/wp-json\/wp\/v2\/media?parent=1470"}],"curies":[{"name":"wp","href":"https:\/\/api.w.org\/{rel}","templated":true}]}}