{"id":1417,"date":"2019-03-05T19:27:18","date_gmt":"2019-03-05T18:27:18","guid":{"rendered":"https:\/\/www.nature-bike-provence.com\/uncategorized\/cycling-tour-a-la-carte\/"},"modified":"2020-11-17T15:48:08","modified_gmt":"2020-11-17T14:48:08","slug":"cycling-tour-a-la-carte","status":"publish","type":"product","link":"https:\/\/www.nature-bike-provence.com\/en\/services-plus-en\/cycling-tour-a-la-carte\/","title":{"rendered":"Cycling tour"},"content":{"rendered":"Your cycling tour \u00e0 la carte\r\n\r\nNature Bike Provence is at your disposal to organize your holidays comfortably:\r\nTransfer of your luggage to your accommodation.\r\nAdvice for your reservations in hotels, lodges, camping or typical Provencal inhabitant.\r\n\r\nPersonalized cycling programs according to your holiday plan and your level. Discovery of the Proven\u00e7al garrigue.","protected":false},"excerpt":{"rendered":"<p>Your cycling tour \u00e0 la carte<\/p>\n<p>Organizer of customized cycling tour, Nature and Bike offer you to personalized your biking trip in Provence.<\/p>\n<p>Describe your project on our booking page or contact-us by phone.<\/p>\n","protected":false},"featured_media":505,"template":"","meta":[],"yoast_head":"<!-- This site is optimized with the Yoast SEO plugin v19.3 - https:\/\/yoast.com\/wordpress\/plugins\/seo\/ -->\n<title>Cycling tour \u00e0 la carte | Nature &amp; Bike | Biking tour in Provence<\/title>\n<meta name=\"description\" content=\"Nature &amp; Bike offers you to organize your vacation comfortably: luggage transfer, luggage storage, bicycle transport or bicycle tourist guide.\" \/>\n<meta name=\"robots\" content=\"index, follow, max-snippet:-1, max-image-preview:large, max-video-preview:-1\" \/>\n<link rel=\"canonical\" href=\"https:\/\/www.nature-bike-provence.com\/en\/services-plus-en\/cycling-tour-a-la-carte\/\" \/>\n<meta property=\"og:locale\" content=\"en_US\" \/>\n<meta property=\"og:type\" content=\"article\" \/>\n<meta property=\"og:title\" content=\"Cycling tour \u00e0 la carte | Nature &amp; Bike | Biking tour in Provence\" \/>\n<meta property=\"og:description\" content=\"Nature &amp; Bike offers you to organize your vacation comfortably: luggage transfer, luggage storage, bicycle transport or bicycle tourist guide.\" \/>\n<meta property=\"og:url\" content=\"https:\/\/www.nature-bike-provence.com\/en\/services-plus-en\/cycling-tour-a-la-carte\/\" \/>\n<meta property=\"og:site_name\" content=\"Nature &amp; Bike\" \/>\n<meta property=\"article:modified_time\" content=\"2020-11-17T14:48:08+00:00\" \/>\n<meta property=\"og:image\" content=\"https:\/\/www.nature-bike-provence.com\/wp-content\/uploads\/2019\/03\/couv_veloalacarte.jpg\" \/>\n\t<meta property=\"og:image:width\" content=\"800\" \/>\n\t<meta property=\"og:image:height\" content=\"800\" \/>\n\t<meta property=\"og:image:type\" content=\"image\/jpeg\" \/>\n<meta name=\"twitter:card\" content=\"summary_large_image\" \/>\n<script type=\"application\/ld+json\" class=\"yoast-schema-graph\">{\"@context\":\"https:\/\/schema.org\",\"@graph\":[{\"@type\":\"WebSite\",\"@id\":\"https:\/\/www.nature-bike-provence.com\/#website\",\"url\":\"https:\/\/www.nature-bike-provence.com\/\",\"name\":\"Nature &amp; Bike\",\"description\":\"Location de cycles et s\u00e9jours \u00e0 v\u00e9lo en Provence\",\"potentialAction\":[{\"@type\":\"SearchAction\",\"target\":{\"@type\":\"EntryPoint\",\"urlTemplate\":\"https:\/\/www.nature-bike-provence.com\/?s={search_term_string}\"},\"query-input\":\"required name=search_term_string\"}],\"inLanguage\":\"en-US\"},{\"@type\":\"ImageObject\",\"inLanguage\":\"en-US\",\"@id\":\"https:\/\/www.nature-bike-provence.com\/en\/services-plus-en\/cycling-tour-a-la-carte\/#primaryimage\",\"url\":\"https:\/\/www.nature-bike-provence.com\/wp-content\/uploads\/2019\/03\/couv_veloalacarte.jpg\",\"contentUrl\":\"https:\/\/www.nature-bike-provence.com\/wp-content\/uploads\/2019\/03\/couv_veloalacarte.jpg\",\"width\":800,\"height\":800},{\"@type\":\"WebPage\",\"@id\":\"https:\/\/www.nature-bike-provence.com\/en\/services-plus-en\/cycling-tour-a-la-carte\/\",\"url\":\"https:\/\/www.nature-bike-provence.com\/en\/services-plus-en\/cycling-tour-a-la-carte\/\",\"name\":\"Cycling tour \u00e0 la carte | Nature & Bike | Biking tour in Provence\",\"isPartOf\":{\"@id\":\"https:\/\/www.nature-bike-provence.com\/#website\"},\"primaryImageOfPage\":{\"@id\":\"https:\/\/www.nature-bike-provence.com\/en\/services-plus-en\/cycling-tour-a-la-carte\/#primaryimage\"},\"datePublished\":\"2019-03-05T18:27:18+00:00\",\"dateModified\":\"2020-11-17T14:48:08+00:00\",\"description\":\"Nature & Bike offers you to organize your vacation comfortably: luggage transfer, luggage storage, bicycle transport or bicycle tourist guide.\",\"breadcrumb\":{\"@id\":\"https:\/\/www.nature-bike-provence.com\/en\/services-plus-en\/cycling-tour-a-la-carte\/#breadcrumb\"},\"inLanguage\":\"en-US\",\"potentialAction\":[{\"@type\":\"ReadAction\",\"target\":[\"https:\/\/www.nature-bike-provence.com\/en\/services-plus-en\/cycling-tour-a-la-carte\/\"]}]},{\"@type\":\"BreadcrumbList\",\"@id\":\"https:\/\/www.nature-bike-provence.com\/en\/services-plus-en\/cycling-tour-a-la-carte\/#breadcrumb\",\"itemListElement\":[{\"@type\":\"ListItem\",\"position\":1,\"name\":\"Accueil\",\"item\":\"https:\/\/www.nature-bike-provence.com\/en\/\"},{\"@type\":\"ListItem\",\"position\":2,\"name\":\"Products\",\"item\":\"https:\/\/www.nature-bike-provence.com\/en\/shop\/\"},{\"@type\":\"ListItem\",\"position\":3,\"name\":\"Cycling tour\"}]}]}<\/script>\n<!-- \/ Yoast SEO plugin. -->","yoast_head_json":{"title":"Cycling tour \u00e0 la carte | Nature & Bike | Biking tour in Provence","description":"Nature & Bike offers you to organize your vacation comfortably: luggage transfer, luggage storage, bicycle transport or bicycle tourist guide.","robots":{"index":"index","follow":"follow","max-snippet":"max-snippet:-1","max-image-preview":"max-image-preview:large","max-video-preview":"max-video-preview:-1"},"canonical":"https:\/\/www.nature-bike-provence.com\/en\/services-plus-en\/cycling-tour-a-la-carte\/","og_locale":"en_US","og_type":"article","og_title":"Cycling tour \u00e0 la carte | Nature & Bike | Biking tour in Provence","og_description":"Nature & Bike offers you to organize your vacation comfortably: luggage transfer, luggage storage, bicycle transport or bicycle tourist guide.","og_url":"https:\/\/www.nature-bike-provence.com\/en\/services-plus-en\/cycling-tour-a-la-carte\/","og_site_name":"Nature &amp; Bike","article_modified_time":"2020-11-17T14:48:08+00:00","og_image":[{"width":800,"height":800,"url":"https:\/\/www.nature-bike-provence.com\/wp-content\/uploads\/2019\/03\/couv_veloalacarte.jpg","type":"image\/jpeg"}],"twitter_card":"summary_large_image","schema":{"@context":"https:\/\/schema.org","@graph":[{"@type":"WebSite","@id":"https:\/\/www.nature-bike-provence.com\/#website","url":"https:\/\/www.nature-bike-provence.com\/","name":"Nature &amp; Bike","description":"Location de cycles et s\u00e9jours \u00e0 v\u00e9lo en Provence","potentialAction":[{"@type":"SearchAction","target":{"@type":"EntryPoint","urlTemplate":"https:\/\/www.nature-bike-provence.com\/?s={search_term_string}"},"query-input":"required name=search_term_string"}],"inLanguage":"en-US"},{"@type":"ImageObject","inLanguage":"en-US","@id":"https:\/\/www.nature-bike-provence.com\/en\/services-plus-en\/cycling-tour-a-la-carte\/#primaryimage","url":"https:\/\/www.nature-bike-provence.com\/wp-content\/uploads\/2019\/03\/couv_veloalacarte.jpg","contentUrl":"https:\/\/www.nature-bike-provence.com\/wp-content\/uploads\/2019\/03\/couv_veloalacarte.jpg","width":800,"height":800},{"@type":"WebPage","@id":"https:\/\/www.nature-bike-provence.com\/en\/services-plus-en\/cycling-tour-a-la-carte\/","url":"https:\/\/www.nature-bike-provence.com\/en\/services-plus-en\/cycling-tour-a-la-carte\/","name":"Cycling tour \u00e0 la carte | Nature & Bike | Biking tour in Provence","isPartOf":{"@id":"https:\/\/www.nature-bike-provence.com\/#website"},"primaryImageOfPage":{"@id":"https:\/\/www.nature-bike-provence.com\/en\/services-plus-en\/cycling-tour-a-la-carte\/#primaryimage"},"datePublished":"2019-03-05T18:27:18+00:00","dateModified":"2020-11-17T14:48:08+00:00","description":"Nature & Bike offers you to organize your vacation comfortably: luggage transfer, luggage storage, bicycle transport or bicycle tourist guide.","breadcrumb":{"@id":"https:\/\/www.nature-bike-provence.com\/en\/services-plus-en\/cycling-tour-a-la-carte\/#breadcrumb"},"inLanguage":"en-US","potentialAction":[{"@type":"ReadAction","target":["https:\/\/www.nature-bike-provence.com\/en\/services-plus-en\/cycling-tour-a-la-carte\/"]}]},{"@type":"BreadcrumbList","@id":"https:\/\/www.nature-bike-provence.com\/en\/services-plus-en\/cycling-tour-a-la-carte\/#breadcrumb","itemListElement":[{"@type":"ListItem","position":1,"name":"Accueil","item":"https:\/\/www.nature-bike-provence.com\/en\/"},{"@type":"ListItem","position":2,"name":"Products","item":"https:\/\/www.nature-bike-provence.com\/en\/shop\/"},{"@type":"ListItem","position":3,"name":"Cycling tour"}]}]}},"_links":{"self":[{"href":"https:\/\/www.nature-bike-provence.com\/en\/wp-json\/wp\/v2\/product\/1417"}],"collection":[{"href":"https:\/\/www.nature-bike-provence.com\/en\/wp-json\/wp\/v2\/product"}],"about":[{"href":"https:\/\/www.nature-bike-provence.com\/en\/wp-json\/wp\/v2\/types\/product"}],"wp:featuredmedia":[{"embeddable":true,"href":"https:\/\/www.nature-bike-provence.com\/en\/wp-json\/wp\/v2\/media\/505"}],"wp:attachment":[{"href":"https:\/\/www.nature-bike-provence.com\/en\/wp-json\/wp\/v2\/media?parent=1417"}],"curies":[{"name":"wp","href":"https:\/\/api.w.org\/{rel}","templated":true}]}}