{"id":1416,"date":"2019-03-05T19:30:07","date_gmt":"2019-03-05T18:30:07","guid":{"rendered":"https:\/\/www.nature-bike-provence.com\/uncategorized\/cycling-guide\/"},"modified":"2019-03-26T17:41:32","modified_gmt":"2019-03-26T16:41:32","slug":"cycling-guide","status":"publish","type":"product","link":"https:\/\/www.nature-bike-provence.com\/en\/services-plus-en\/cycling-guide\/","title":{"rendered":"Cycling guide"},"content":{"rendered":"The benefits of a guide:\r\n<ul>\r\n \t<li>Use routes without traffic<\/li>\r\n \t<li>Dial programs tailored to your desires<\/li>\r\n \t<li>Organize tastings and to meet the agricultural and wine world to know our territory our gastronomy<\/li>\r\n \t<li>Schedule visits and get to the heart of our cultural heritage, our ancient sites Romans, our villages&#8230;<\/li>\r\n<\/ul>","protected":false},"excerpt":{"rendered":"<p>Let us guide you in Provence<\/p>\n<p>Our team Nature and Bike is composed of men and women from Provence, they know the territory, they will make you discover unusual routes through side roads, municipal roads through the beautiful Provencal kind.<\/p>\n","protected":false},"featured_media":651,"template":"","meta":[],"yoast_head":"<!-- This site is optimized with the Yoast SEO plugin v19.3 - https:\/\/yoast.com\/wordpress\/plugins\/seo\/ -->\n<title>Cycling tour guide Nature &amp; Bike Provence | Guide in Provence | Orange<\/title>\n<meta name=\"description\" content=\"To fully enjoy your cycling holiday in Provence, let yourself be guided by professional guides.\" \/>\n<meta name=\"robots\" content=\"index, follow, max-snippet:-1, max-image-preview:large, max-video-preview:-1\" \/>\n<link rel=\"canonical\" href=\"https:\/\/www.nature-bike-provence.com\/en\/services-plus-en\/cycling-guide\/\" \/>\n<meta property=\"og:locale\" content=\"en_US\" \/>\n<meta property=\"og:type\" content=\"article\" \/>\n<meta property=\"og:title\" content=\"Cycling tour guide Nature &amp; Bike Provence | Guide in Provence | Orange\" \/>\n<meta property=\"og:description\" content=\"To fully enjoy your cycling holiday in Provence, let yourself be guided by professional guides.\" \/>\n<meta property=\"og:url\" content=\"https:\/\/www.nature-bike-provence.com\/en\/services-plus-en\/cycling-guide\/\" \/>\n<meta property=\"og:site_name\" content=\"Nature &amp; Bike\" \/>\n<meta property=\"article:modified_time\" content=\"2019-03-26T16:41:32+00:00\" \/>\n<meta property=\"og:image\" content=\"https:\/\/www.nature-bike-provence.com\/wp-content\/uploads\/2019\/03\/couv-accompagnateur-velo.png\" \/>\n\t<meta property=\"og:image:width\" content=\"800\" \/>\n\t<meta property=\"og:image:height\" content=\"800\" \/>\n\t<meta property=\"og:image:type\" content=\"image\/png\" \/>\n<meta name=\"twitter:card\" content=\"summary_large_image\" \/>\n<script type=\"application\/ld+json\" class=\"yoast-schema-graph\">{\"@context\":\"https:\/\/schema.org\",\"@graph\":[{\"@type\":\"WebSite\",\"@id\":\"https:\/\/www.nature-bike-provence.com\/#website\",\"url\":\"https:\/\/www.nature-bike-provence.com\/\",\"name\":\"Nature &amp; Bike\",\"description\":\"Location de cycles et s\u00e9jours \u00e0 v\u00e9lo en Provence\",\"potentialAction\":[{\"@type\":\"SearchAction\",\"target\":{\"@type\":\"EntryPoint\",\"urlTemplate\":\"https:\/\/www.nature-bike-provence.com\/?s={search_term_string}\"},\"query-input\":\"required name=search_term_string\"}],\"inLanguage\":\"en-US\"},{\"@type\":\"ImageObject\",\"inLanguage\":\"en-US\",\"@id\":\"https:\/\/www.nature-bike-provence.com\/en\/services-plus-en\/cycling-guide\/#primaryimage\",\"url\":\"https:\/\/www.nature-bike-provence.com\/wp-content\/uploads\/2019\/03\/couv-accompagnateur-velo.png\",\"contentUrl\":\"https:\/\/www.nature-bike-provence.com\/wp-content\/uploads\/2019\/03\/couv-accompagnateur-velo.png\",\"width\":800,\"height\":800},{\"@type\":\"WebPage\",\"@id\":\"https:\/\/www.nature-bike-provence.com\/en\/services-plus-en\/cycling-guide\/\",\"url\":\"https:\/\/www.nature-bike-provence.com\/en\/services-plus-en\/cycling-guide\/\",\"name\":\"Cycling tour guide Nature & Bike Provence | Guide in Provence | Orange\",\"isPartOf\":{\"@id\":\"https:\/\/www.nature-bike-provence.com\/#website\"},\"primaryImageOfPage\":{\"@id\":\"https:\/\/www.nature-bike-provence.com\/en\/services-plus-en\/cycling-guide\/#primaryimage\"},\"datePublished\":\"2019-03-05T18:30:07+00:00\",\"dateModified\":\"2019-03-26T16:41:32+00:00\",\"description\":\"To fully enjoy your cycling holiday in Provence, let yourself be guided by professional guides.\",\"breadcrumb\":{\"@id\":\"https:\/\/www.nature-bike-provence.com\/en\/services-plus-en\/cycling-guide\/#breadcrumb\"},\"inLanguage\":\"en-US\",\"potentialAction\":[{\"@type\":\"ReadAction\",\"target\":[\"https:\/\/www.nature-bike-provence.com\/en\/services-plus-en\/cycling-guide\/\"]}]},{\"@type\":\"BreadcrumbList\",\"@id\":\"https:\/\/www.nature-bike-provence.com\/en\/services-plus-en\/cycling-guide\/#breadcrumb\",\"itemListElement\":[{\"@type\":\"ListItem\",\"position\":1,\"name\":\"Accueil\",\"item\":\"https:\/\/www.nature-bike-provence.com\/en\/\"},{\"@type\":\"ListItem\",\"position\":2,\"name\":\"Products\",\"item\":\"https:\/\/www.nature-bike-provence.com\/en\/shop\/\"},{\"@type\":\"ListItem\",\"position\":3,\"name\":\"Cycling guide\"}]}]}<\/script>\n<!-- \/ Yoast SEO plugin. -->","yoast_head_json":{"title":"Cycling tour guide Nature & Bike Provence | Guide in Provence | Orange","description":"To fully enjoy your cycling holiday in Provence, let yourself be guided by professional guides.","robots":{"index":"index","follow":"follow","max-snippet":"max-snippet:-1","max-image-preview":"max-image-preview:large","max-video-preview":"max-video-preview:-1"},"canonical":"https:\/\/www.nature-bike-provence.com\/en\/services-plus-en\/cycling-guide\/","og_locale":"en_US","og_type":"article","og_title":"Cycling tour guide Nature & Bike Provence | Guide in Provence | Orange","og_description":"To fully enjoy your cycling holiday in Provence, let yourself be guided by professional guides.","og_url":"https:\/\/www.nature-bike-provence.com\/en\/services-plus-en\/cycling-guide\/","og_site_name":"Nature &amp; Bike","article_modified_time":"2019-03-26T16:41:32+00:00","og_image":[{"width":800,"height":800,"url":"https:\/\/www.nature-bike-provence.com\/wp-content\/uploads\/2019\/03\/couv-accompagnateur-velo.png","type":"image\/png"}],"twitter_card":"summary_large_image","schema":{"@context":"https:\/\/schema.org","@graph":[{"@type":"WebSite","@id":"https:\/\/www.nature-bike-provence.com\/#website","url":"https:\/\/www.nature-bike-provence.com\/","name":"Nature &amp; Bike","description":"Location de cycles et s\u00e9jours \u00e0 v\u00e9lo en Provence","potentialAction":[{"@type":"SearchAction","target":{"@type":"EntryPoint","urlTemplate":"https:\/\/www.nature-bike-provence.com\/?s={search_term_string}"},"query-input":"required name=search_term_string"}],"inLanguage":"en-US"},{"@type":"ImageObject","inLanguage":"en-US","@id":"https:\/\/www.nature-bike-provence.com\/en\/services-plus-en\/cycling-guide\/#primaryimage","url":"https:\/\/www.nature-bike-provence.com\/wp-content\/uploads\/2019\/03\/couv-accompagnateur-velo.png","contentUrl":"https:\/\/www.nature-bike-provence.com\/wp-content\/uploads\/2019\/03\/couv-accompagnateur-velo.png","width":800,"height":800},{"@type":"WebPage","@id":"https:\/\/www.nature-bike-provence.com\/en\/services-plus-en\/cycling-guide\/","url":"https:\/\/www.nature-bike-provence.com\/en\/services-plus-en\/cycling-guide\/","name":"Cycling tour guide Nature & Bike Provence | Guide in Provence | Orange","isPartOf":{"@id":"https:\/\/www.nature-bike-provence.com\/#website"},"primaryImageOfPage":{"@id":"https:\/\/www.nature-bike-provence.com\/en\/services-plus-en\/cycling-guide\/#primaryimage"},"datePublished":"2019-03-05T18:30:07+00:00","dateModified":"2019-03-26T16:41:32+00:00","description":"To fully enjoy your cycling holiday in Provence, let yourself be guided by professional guides.","breadcrumb":{"@id":"https:\/\/www.nature-bike-provence.com\/en\/services-plus-en\/cycling-guide\/#breadcrumb"},"inLanguage":"en-US","potentialAction":[{"@type":"ReadAction","target":["https:\/\/www.nature-bike-provence.com\/en\/services-plus-en\/cycling-guide\/"]}]},{"@type":"BreadcrumbList","@id":"https:\/\/www.nature-bike-provence.com\/en\/services-plus-en\/cycling-guide\/#breadcrumb","itemListElement":[{"@type":"ListItem","position":1,"name":"Accueil","item":"https:\/\/www.nature-bike-provence.com\/en\/"},{"@type":"ListItem","position":2,"name":"Products","item":"https:\/\/www.nature-bike-provence.com\/en\/shop\/"},{"@type":"ListItem","position":3,"name":"Cycling guide"}]}]}},"_links":{"self":[{"href":"https:\/\/www.nature-bike-provence.com\/en\/wp-json\/wp\/v2\/product\/1416"}],"collection":[{"href":"https:\/\/www.nature-bike-provence.com\/en\/wp-json\/wp\/v2\/product"}],"about":[{"href":"https:\/\/www.nature-bike-provence.com\/en\/wp-json\/wp\/v2\/types\/product"}],"wp:featuredmedia":[{"embeddable":true,"href":"https:\/\/www.nature-bike-provence.com\/en\/wp-json\/wp\/v2\/media\/651"}],"wp:attachment":[{"href":"https:\/\/www.nature-bike-provence.com\/en\/wp-json\/wp\/v2\/media?parent=1416"}],"curies":[{"name":"wp","href":"https:\/\/api.w.org\/{rel}","templated":true}]}}