{"id":1414,"date":"2019-03-05T19:27:02","date_gmt":"2019-03-05T18:27:02","guid":{"rendered":"https:\/\/www.nature-bike-provence.com\/uncategorized\/luggage-transfer-service\/"},"modified":"2019-05-20T12:20:53","modified_gmt":"2019-05-20T10:20:53","slug":"luggage-transfer-service","status":"publish","type":"product","link":"https:\/\/www.nature-bike-provence.com\/en\/services-plus-en\/luggage-transfer-service\/","title":{"rendered":"Luggage Transfer Service"},"content":{"rendered":"Nature Bike Provence offers luggage transfer service:\r\nImplemented throughout the territory of Provence Vaucluse, our specificities are many and our professionalism is recognized as an asset for the success of your seminar, cycling group tour and other activities to the board. For any reservation, contact us.","protected":false},"excerpt":{"rendered":"<p>From step to step, we suggest you lighten ensuring your luggage transfer from one point to another.<\/p>\n<p>For whom? For all, individual, couple, friends, families or groups.<br \/>\nHow? Apply by email with different delivery addresses Lodging (departure and arrival) and we will send you a quote. On average, a transfer for one to four people costs 30 to 50 euros per trip depending on the distance.<\/p>\n","protected":false},"featured_media":658,"template":"","meta":[],"yoast_head":"<!-- This site is optimized with the Yoast SEO plugin v19.3 - https:\/\/yoast.com\/wordpress\/plugins\/seo\/ -->\n<title>Rental bike Nature and Bike | Luggage Transfer Service<\/title>\n<meta name=\"description\" content=\"Luggage from one stage to another. For your comfort pedal light\" \/>\n<meta name=\"robots\" content=\"index, follow, max-snippet:-1, max-image-preview:large, max-video-preview:-1\" \/>\n<link rel=\"canonical\" href=\"https:\/\/www.nature-bike-provence.com\/en\/services-plus-en\/luggage-transfer-service\/\" \/>\n<meta property=\"og:locale\" content=\"en_US\" \/>\n<meta property=\"og:type\" content=\"article\" \/>\n<meta property=\"og:title\" content=\"Rental bike Nature and Bike | Luggage Transfer Service\" \/>\n<meta property=\"og:description\" content=\"Luggage from one stage to another. For your comfort pedal light\" \/>\n<meta property=\"og:url\" content=\"https:\/\/www.nature-bike-provence.com\/en\/services-plus-en\/luggage-transfer-service\/\" \/>\n<meta property=\"og:site_name\" content=\"Nature &amp; Bike\" \/>\n<meta property=\"article:modified_time\" content=\"2019-05-20T10:20:53+00:00\" \/>\n<meta property=\"og:image\" content=\"https:\/\/www.nature-bike-provence.com\/wp-content\/uploads\/2019\/03\/transfert-bagage.png\" \/>\n\t<meta property=\"og:image:width\" content=\"500\" \/>\n\t<meta property=\"og:image:height\" content=\"499\" \/>\n\t<meta property=\"og:image:type\" content=\"image\/png\" \/>\n<meta name=\"twitter:card\" content=\"summary_large_image\" \/>\n<script type=\"application\/ld+json\" class=\"yoast-schema-graph\">{\"@context\":\"https:\/\/schema.org\",\"@graph\":[{\"@type\":\"WebSite\",\"@id\":\"https:\/\/www.nature-bike-provence.com\/#website\",\"url\":\"https:\/\/www.nature-bike-provence.com\/\",\"name\":\"Nature &amp; Bike\",\"description\":\"Location de cycles et s\u00e9jours \u00e0 v\u00e9lo en Provence\",\"potentialAction\":[{\"@type\":\"SearchAction\",\"target\":{\"@type\":\"EntryPoint\",\"urlTemplate\":\"https:\/\/www.nature-bike-provence.com\/?s={search_term_string}\"},\"query-input\":\"required name=search_term_string\"}],\"inLanguage\":\"en-US\"},{\"@type\":\"ImageObject\",\"inLanguage\":\"en-US\",\"@id\":\"https:\/\/www.nature-bike-provence.com\/en\/services-plus-en\/luggage-transfer-service\/#primaryimage\",\"url\":\"https:\/\/www.nature-bike-provence.com\/wp-content\/uploads\/2019\/03\/transfert-bagage.png\",\"contentUrl\":\"https:\/\/www.nature-bike-provence.com\/wp-content\/uploads\/2019\/03\/transfert-bagage.png\",\"width\":500,\"height\":499},{\"@type\":\"WebPage\",\"@id\":\"https:\/\/www.nature-bike-provence.com\/en\/services-plus-en\/luggage-transfer-service\/\",\"url\":\"https:\/\/www.nature-bike-provence.com\/en\/services-plus-en\/luggage-transfer-service\/\",\"name\":\"Rental bike Nature and Bike | Luggage Transfer Service\",\"isPartOf\":{\"@id\":\"https:\/\/www.nature-bike-provence.com\/#website\"},\"primaryImageOfPage\":{\"@id\":\"https:\/\/www.nature-bike-provence.com\/en\/services-plus-en\/luggage-transfer-service\/#primaryimage\"},\"datePublished\":\"2019-03-05T18:27:02+00:00\",\"dateModified\":\"2019-05-20T10:20:53+00:00\",\"description\":\"Luggage from one stage to another. For your comfort pedal light\",\"breadcrumb\":{\"@id\":\"https:\/\/www.nature-bike-provence.com\/en\/services-plus-en\/luggage-transfer-service\/#breadcrumb\"},\"inLanguage\":\"en-US\",\"potentialAction\":[{\"@type\":\"ReadAction\",\"target\":[\"https:\/\/www.nature-bike-provence.com\/en\/services-plus-en\/luggage-transfer-service\/\"]}]},{\"@type\":\"BreadcrumbList\",\"@id\":\"https:\/\/www.nature-bike-provence.com\/en\/services-plus-en\/luggage-transfer-service\/#breadcrumb\",\"itemListElement\":[{\"@type\":\"ListItem\",\"position\":1,\"name\":\"Accueil\",\"item\":\"https:\/\/www.nature-bike-provence.com\/en\/\"},{\"@type\":\"ListItem\",\"position\":2,\"name\":\"Products\",\"item\":\"https:\/\/www.nature-bike-provence.com\/en\/shop\/\"},{\"@type\":\"ListItem\",\"position\":3,\"name\":\"Luggage Transfer Service\"}]}]}<\/script>\n<!-- \/ Yoast SEO plugin. -->","yoast_head_json":{"title":"Rental bike Nature and Bike | Luggage Transfer Service","description":"Luggage from one stage to another. For your comfort pedal light","robots":{"index":"index","follow":"follow","max-snippet":"max-snippet:-1","max-image-preview":"max-image-preview:large","max-video-preview":"max-video-preview:-1"},"canonical":"https:\/\/www.nature-bike-provence.com\/en\/services-plus-en\/luggage-transfer-service\/","og_locale":"en_US","og_type":"article","og_title":"Rental bike Nature and Bike | Luggage Transfer Service","og_description":"Luggage from one stage to another. For your comfort pedal light","og_url":"https:\/\/www.nature-bike-provence.com\/en\/services-plus-en\/luggage-transfer-service\/","og_site_name":"Nature &amp; Bike","article_modified_time":"2019-05-20T10:20:53+00:00","og_image":[{"width":500,"height":499,"url":"https:\/\/www.nature-bike-provence.com\/wp-content\/uploads\/2019\/03\/transfert-bagage.png","type":"image\/png"}],"twitter_card":"summary_large_image","schema":{"@context":"https:\/\/schema.org","@graph":[{"@type":"WebSite","@id":"https:\/\/www.nature-bike-provence.com\/#website","url":"https:\/\/www.nature-bike-provence.com\/","name":"Nature &amp; Bike","description":"Location de cycles et s\u00e9jours \u00e0 v\u00e9lo en Provence","potentialAction":[{"@type":"SearchAction","target":{"@type":"EntryPoint","urlTemplate":"https:\/\/www.nature-bike-provence.com\/?s={search_term_string}"},"query-input":"required name=search_term_string"}],"inLanguage":"en-US"},{"@type":"ImageObject","inLanguage":"en-US","@id":"https:\/\/www.nature-bike-provence.com\/en\/services-plus-en\/luggage-transfer-service\/#primaryimage","url":"https:\/\/www.nature-bike-provence.com\/wp-content\/uploads\/2019\/03\/transfert-bagage.png","contentUrl":"https:\/\/www.nature-bike-provence.com\/wp-content\/uploads\/2019\/03\/transfert-bagage.png","width":500,"height":499},{"@type":"WebPage","@id":"https:\/\/www.nature-bike-provence.com\/en\/services-plus-en\/luggage-transfer-service\/","url":"https:\/\/www.nature-bike-provence.com\/en\/services-plus-en\/luggage-transfer-service\/","name":"Rental bike Nature and Bike | Luggage Transfer Service","isPartOf":{"@id":"https:\/\/www.nature-bike-provence.com\/#website"},"primaryImageOfPage":{"@id":"https:\/\/www.nature-bike-provence.com\/en\/services-plus-en\/luggage-transfer-service\/#primaryimage"},"datePublished":"2019-03-05T18:27:02+00:00","dateModified":"2019-05-20T10:20:53+00:00","description":"Luggage from one stage to another. For your comfort pedal light","breadcrumb":{"@id":"https:\/\/www.nature-bike-provence.com\/en\/services-plus-en\/luggage-transfer-service\/#breadcrumb"},"inLanguage":"en-US","potentialAction":[{"@type":"ReadAction","target":["https:\/\/www.nature-bike-provence.com\/en\/services-plus-en\/luggage-transfer-service\/"]}]},{"@type":"BreadcrumbList","@id":"https:\/\/www.nature-bike-provence.com\/en\/services-plus-en\/luggage-transfer-service\/#breadcrumb","itemListElement":[{"@type":"ListItem","position":1,"name":"Accueil","item":"https:\/\/www.nature-bike-provence.com\/en\/"},{"@type":"ListItem","position":2,"name":"Products","item":"https:\/\/www.nature-bike-provence.com\/en\/shop\/"},{"@type":"ListItem","position":3,"name":"Luggage Transfer Service"}]}]}},"_links":{"self":[{"href":"https:\/\/www.nature-bike-provence.com\/en\/wp-json\/wp\/v2\/product\/1414"}],"collection":[{"href":"https:\/\/www.nature-bike-provence.com\/en\/wp-json\/wp\/v2\/product"}],"about":[{"href":"https:\/\/www.nature-bike-provence.com\/en\/wp-json\/wp\/v2\/types\/product"}],"wp:featuredmedia":[{"embeddable":true,"href":"https:\/\/www.nature-bike-provence.com\/en\/wp-json\/wp\/v2\/media\/658"}],"wp:attachment":[{"href":"https:\/\/www.nature-bike-provence.com\/en\/wp-json\/wp\/v2\/media?parent=1414"}],"curies":[{"name":"wp","href":"https:\/\/api.w.org\/{rel}","templated":true}]}}