{"id":1388,"date":"2019-03-11T15:31:09","date_gmt":"2019-03-11T14:31:09","guid":{"rendered":"https:\/\/www.nature-bike-provence.com\/uncategorized\/delivery-bike\/"},"modified":"2019-05-20T11:51:25","modified_gmt":"2019-05-20T09:51:25","slug":"delivery-bike","status":"publish","type":"product","link":"https:\/\/www.nature-bike-provence.com\/en\/services-plus-en\/delivery-bike\/","title":{"rendered":"Delivery bike"},"content":{"rendered":"Bike booking with on-site delivery\r\n\r\nNature and Bike Provence offers a 7\/7 day bike delivery on site: Gite, hotel, castle, camping, holiday rental&#8230;\r\nA service available for a person, family, group or seminar company.","protected":false},"excerpt":{"rendered":"<p>If you need to have your bikes delivered to the place where you are staying, our Nature &amp; Bike team will be happy to arrange with you the delivery of your bikes.<br \/>\nA Nature and Bike service that will simplify your stay or your bike tour in Provence.<\/p>\n","protected":false},"featured_media":663,"template":"","meta":[],"yoast_head":"<!-- This site is optimized with the Yoast SEO plugin v19.3 - https:\/\/yoast.com\/wordpress\/plugins\/seo\/ -->\n<title>Rental, delivery of cycling in Provence | VTC, e-bike, mountain bike | Nature &amp; Bike<\/title>\n<meta name=\"description\" content=\"During your stay in Provence, rent and have your bike delivered directly to your hotel. An organized bike stay with Nature and Bike.\" \/>\n<meta name=\"robots\" content=\"index, follow, max-snippet:-1, max-image-preview:large, max-video-preview:-1\" \/>\n<link rel=\"canonical\" href=\"https:\/\/www.nature-bike-provence.com\/en\/services-plus-en\/delivery-bike\/\" \/>\n<meta property=\"og:locale\" content=\"en_US\" \/>\n<meta property=\"og:type\" content=\"article\" \/>\n<meta property=\"og:title\" content=\"Rental, delivery of cycling in Provence | VTC, e-bike, mountain bike | Nature &amp; Bike\" \/>\n<meta property=\"og:description\" content=\"During your stay in Provence, rent and have your bike delivered directly to your hotel. An organized bike stay with Nature and Bike.\" \/>\n<meta property=\"og:url\" content=\"https:\/\/www.nature-bike-provence.com\/en\/services-plus-en\/delivery-bike\/\" \/>\n<meta property=\"og:site_name\" content=\"Nature &amp; Bike\" \/>\n<meta property=\"article:modified_time\" content=\"2019-05-20T09:51:25+00:00\" \/>\n<meta property=\"og:image\" content=\"https:\/\/www.nature-bike-provence.com\/wp-content\/uploads\/2019\/03\/livraison-velo-location.png\" \/>\n\t<meta property=\"og:image:width\" content=\"378\" \/>\n\t<meta property=\"og:image:height\" content=\"377\" \/>\n\t<meta property=\"og:image:type\" content=\"image\/png\" \/>\n<meta name=\"twitter:card\" content=\"summary_large_image\" \/>\n<script type=\"application\/ld+json\" class=\"yoast-schema-graph\">{\"@context\":\"https:\/\/schema.org\",\"@graph\":[{\"@type\":\"WebSite\",\"@id\":\"https:\/\/www.nature-bike-provence.com\/#website\",\"url\":\"https:\/\/www.nature-bike-provence.com\/\",\"name\":\"Nature &amp; Bike\",\"description\":\"Location de cycles et s\u00e9jours \u00e0 v\u00e9lo en Provence\",\"potentialAction\":[{\"@type\":\"SearchAction\",\"target\":{\"@type\":\"EntryPoint\",\"urlTemplate\":\"https:\/\/www.nature-bike-provence.com\/?s={search_term_string}\"},\"query-input\":\"required name=search_term_string\"}],\"inLanguage\":\"en-US\"},{\"@type\":\"ImageObject\",\"inLanguage\":\"en-US\",\"@id\":\"https:\/\/www.nature-bike-provence.com\/en\/services-plus-en\/delivery-bike\/#primaryimage\",\"url\":\"https:\/\/www.nature-bike-provence.com\/wp-content\/uploads\/2019\/03\/livraison-velo-location.png\",\"contentUrl\":\"https:\/\/www.nature-bike-provence.com\/wp-content\/uploads\/2019\/03\/livraison-velo-location.png\",\"width\":378,\"height\":377,\"caption\":\"livraison velo de location\"},{\"@type\":\"WebPage\",\"@id\":\"https:\/\/www.nature-bike-provence.com\/en\/services-plus-en\/delivery-bike\/\",\"url\":\"https:\/\/www.nature-bike-provence.com\/en\/services-plus-en\/delivery-bike\/\",\"name\":\"Rental, delivery of cycling in Provence | VTC, e-bike, mountain bike | Nature & Bike\",\"isPartOf\":{\"@id\":\"https:\/\/www.nature-bike-provence.com\/#website\"},\"primaryImageOfPage\":{\"@id\":\"https:\/\/www.nature-bike-provence.com\/en\/services-plus-en\/delivery-bike\/#primaryimage\"},\"datePublished\":\"2019-03-11T14:31:09+00:00\",\"dateModified\":\"2019-05-20T09:51:25+00:00\",\"description\":\"During your stay in Provence, rent and have your bike delivered directly to your hotel. An organized bike stay with Nature and Bike.\",\"breadcrumb\":{\"@id\":\"https:\/\/www.nature-bike-provence.com\/en\/services-plus-en\/delivery-bike\/#breadcrumb\"},\"inLanguage\":\"en-US\",\"potentialAction\":[{\"@type\":\"ReadAction\",\"target\":[\"https:\/\/www.nature-bike-provence.com\/en\/services-plus-en\/delivery-bike\/\"]}]},{\"@type\":\"BreadcrumbList\",\"@id\":\"https:\/\/www.nature-bike-provence.com\/en\/services-plus-en\/delivery-bike\/#breadcrumb\",\"itemListElement\":[{\"@type\":\"ListItem\",\"position\":1,\"name\":\"Accueil\",\"item\":\"https:\/\/www.nature-bike-provence.com\/en\/\"},{\"@type\":\"ListItem\",\"position\":2,\"name\":\"Products\",\"item\":\"https:\/\/www.nature-bike-provence.com\/en\/shop\/\"},{\"@type\":\"ListItem\",\"position\":3,\"name\":\"Delivery bike\"}]}]}<\/script>\n<!-- \/ Yoast SEO plugin. -->","yoast_head_json":{"title":"Rental, delivery of cycling in Provence | VTC, e-bike, mountain bike | Nature & Bike","description":"During your stay in Provence, rent and have your bike delivered directly to your hotel. An organized bike stay with Nature and Bike.","robots":{"index":"index","follow":"follow","max-snippet":"max-snippet:-1","max-image-preview":"max-image-preview:large","max-video-preview":"max-video-preview:-1"},"canonical":"https:\/\/www.nature-bike-provence.com\/en\/services-plus-en\/delivery-bike\/","og_locale":"en_US","og_type":"article","og_title":"Rental, delivery of cycling in Provence | VTC, e-bike, mountain bike | Nature & Bike","og_description":"During your stay in Provence, rent and have your bike delivered directly to your hotel. An organized bike stay with Nature and Bike.","og_url":"https:\/\/www.nature-bike-provence.com\/en\/services-plus-en\/delivery-bike\/","og_site_name":"Nature &amp; Bike","article_modified_time":"2019-05-20T09:51:25+00:00","og_image":[{"width":378,"height":377,"url":"https:\/\/www.nature-bike-provence.com\/wp-content\/uploads\/2019\/03\/livraison-velo-location.png","type":"image\/png"}],"twitter_card":"summary_large_image","schema":{"@context":"https:\/\/schema.org","@graph":[{"@type":"WebSite","@id":"https:\/\/www.nature-bike-provence.com\/#website","url":"https:\/\/www.nature-bike-provence.com\/","name":"Nature &amp; Bike","description":"Location de cycles et s\u00e9jours \u00e0 v\u00e9lo en Provence","potentialAction":[{"@type":"SearchAction","target":{"@type":"EntryPoint","urlTemplate":"https:\/\/www.nature-bike-provence.com\/?s={search_term_string}"},"query-input":"required name=search_term_string"}],"inLanguage":"en-US"},{"@type":"ImageObject","inLanguage":"en-US","@id":"https:\/\/www.nature-bike-provence.com\/en\/services-plus-en\/delivery-bike\/#primaryimage","url":"https:\/\/www.nature-bike-provence.com\/wp-content\/uploads\/2019\/03\/livraison-velo-location.png","contentUrl":"https:\/\/www.nature-bike-provence.com\/wp-content\/uploads\/2019\/03\/livraison-velo-location.png","width":378,"height":377,"caption":"livraison velo de location"},{"@type":"WebPage","@id":"https:\/\/www.nature-bike-provence.com\/en\/services-plus-en\/delivery-bike\/","url":"https:\/\/www.nature-bike-provence.com\/en\/services-plus-en\/delivery-bike\/","name":"Rental, delivery of cycling in Provence | VTC, e-bike, mountain bike | Nature & Bike","isPartOf":{"@id":"https:\/\/www.nature-bike-provence.com\/#website"},"primaryImageOfPage":{"@id":"https:\/\/www.nature-bike-provence.com\/en\/services-plus-en\/delivery-bike\/#primaryimage"},"datePublished":"2019-03-11T14:31:09+00:00","dateModified":"2019-05-20T09:51:25+00:00","description":"During your stay in Provence, rent and have your bike delivered directly to your hotel. An organized bike stay with Nature and Bike.","breadcrumb":{"@id":"https:\/\/www.nature-bike-provence.com\/en\/services-plus-en\/delivery-bike\/#breadcrumb"},"inLanguage":"en-US","potentialAction":[{"@type":"ReadAction","target":["https:\/\/www.nature-bike-provence.com\/en\/services-plus-en\/delivery-bike\/"]}]},{"@type":"BreadcrumbList","@id":"https:\/\/www.nature-bike-provence.com\/en\/services-plus-en\/delivery-bike\/#breadcrumb","itemListElement":[{"@type":"ListItem","position":1,"name":"Accueil","item":"https:\/\/www.nature-bike-provence.com\/en\/"},{"@type":"ListItem","position":2,"name":"Products","item":"https:\/\/www.nature-bike-provence.com\/en\/shop\/"},{"@type":"ListItem","position":3,"name":"Delivery bike"}]}]}},"_links":{"self":[{"href":"https:\/\/www.nature-bike-provence.com\/en\/wp-json\/wp\/v2\/product\/1388"}],"collection":[{"href":"https:\/\/www.nature-bike-provence.com\/en\/wp-json\/wp\/v2\/product"}],"about":[{"href":"https:\/\/www.nature-bike-provence.com\/en\/wp-json\/wp\/v2\/types\/product"}],"wp:featuredmedia":[{"embeddable":true,"href":"https:\/\/www.nature-bike-provence.com\/en\/wp-json\/wp\/v2\/media\/663"}],"wp:attachment":[{"href":"https:\/\/www.nature-bike-provence.com\/en\/wp-json\/wp\/v2\/media?parent=1388"}],"curies":[{"name":"wp","href":"https:\/\/api.w.org\/{rel}","templated":true}]}}