{"id":1385,"date":"2019-03-19T17:28:49","date_gmt":"2019-03-19T16:28:49","guid":{"rendered":"https:\/\/www.nature-bike-provence.com\/uncategorized\/bike-picnic\/"},"modified":"2024-02-06T14:33:02","modified_gmt":"2024-02-06T13:33:02","slug":"bike-picnic","status":"publish","type":"product","link":"https:\/\/www.nature-bike-provence.com\/en\/theme-bike-day\/bike-picnic\/","title":{"rendered":"Bike picnic"},"content":{"rendered":"Picnic on vineyards of Ch\u00e2teauneuf-du-Pape\r\n\r\nPicnic &#8216;homemade&#8217; and local produce to enjoy at the heart of nature Proven\u00e7ale: delivered on your route around Orange.\r\n\r\nFORMULA 1:\r\n\r\nPicnic provencal Cheese platter (cheese Ventoux, Brie, Comt\u00e9, Camembert, Charcuterie plate (small curd, sausage, ham, pat\u00e9 Provence) Provences of omelettes, vegetables, seasonal fruits and local cheeses&#8230; Price per person: 20 \u20ac (wine option + 4 \u20ac)\r\n\r\nFORMULA 2:\r\n\r\nPicnic Chic Provencal Tart tomato and basil mozarela piperade, pasta salad with ham, radishes, sausage, olives, tapenade, chicken fillets marinated in thyme, tabbouleh, tian of zucchini, baguette, camembert, emmental, cherry clafoutis clafoutis apricot pink etc. depending on the vegetable market Price per person: 25 \u20ac (wine option + 4\u20ac)\r\n\r\nPicnic can in the choice be taken by bicycle by the gastronomes having a walk either brought on the spot to a meeting place suited by the organization. An unforgettable day of cycling in the sun, blue sky, green vignoble through small local roads Vaucluse&#8230;","protected":false},"excerpt":{"rendered":"<p>Picnic in the heart of vineyards of Ch\u00e2teauneuf-du-Pape<\/p>\n<p>We offer our gourmet getaway a picnicin the vineyards with fresh produce markets of Provence to discover.<\/p>\n","protected":false},"featured_media":1178,"template":"","meta":[],"yoast_head":"<!-- This site is optimized with the Yoast SEO plugin v19.3 - https:\/\/yoast.com\/wordpress\/plugins\/seo\/ -->\n<title>Cycling and Picnic in Chateauneuf-du-Pape | Nature &amp; Bike Provence | Bike tour<\/title>\n<meta name=\"description\" content=\"Nature Bike Provence, cycling agency in Provence, located in Orange, offers a day bike ride and Proven\u00e7al picnic. Day to the theme.\" \/>\n<meta name=\"robots\" content=\"index, follow, max-snippet:-1, max-image-preview:large, max-video-preview:-1\" \/>\n<link rel=\"canonical\" href=\"https:\/\/www.nature-bike-provence.com\/en\/theme-bike-day\/bike-picnic\/\" \/>\n<meta property=\"og:locale\" content=\"en_US\" \/>\n<meta property=\"og:type\" content=\"article\" \/>\n<meta property=\"og:title\" content=\"Cycling and Picnic in Chateauneuf-du-Pape | Nature &amp; Bike Provence | Bike tour\" \/>\n<meta property=\"og:description\" content=\"Nature Bike Provence, cycling agency in Provence, located in Orange, offers a day bike ride and Proven\u00e7al picnic. Day to the theme.\" \/>\n<meta property=\"og:url\" content=\"https:\/\/www.nature-bike-provence.com\/en\/theme-bike-day\/bike-picnic\/\" \/>\n<meta property=\"og:site_name\" content=\"Nature &amp; Bike\" \/>\n<meta property=\"article:modified_time\" content=\"2024-02-06T13:33:02+00:00\" \/>\n<meta property=\"og:image\" content=\"https:\/\/www.nature-bike-provence.com\/wp-content\/uploads\/2019\/03\/pique-nique2.jpg\" \/>\n\t<meta property=\"og:image:width\" content=\"800\" \/>\n\t<meta property=\"og:image:height\" content=\"800\" \/>\n\t<meta property=\"og:image:type\" content=\"image\/jpeg\" \/>\n<meta name=\"twitter:card\" content=\"summary_large_image\" \/>\n<meta name=\"twitter:label1\" content=\"Est. reading time\" \/>\n\t<meta name=\"twitter:data1\" content=\"1 minute\" \/>\n<script type=\"application\/ld+json\" class=\"yoast-schema-graph\">{\"@context\":\"https:\/\/schema.org\",\"@graph\":[{\"@type\":\"WebSite\",\"@id\":\"https:\/\/www.nature-bike-provence.com\/#website\",\"url\":\"https:\/\/www.nature-bike-provence.com\/\",\"name\":\"Nature &amp; Bike\",\"description\":\"Location de cycles et s\u00e9jours \u00e0 v\u00e9lo en Provence\",\"potentialAction\":[{\"@type\":\"SearchAction\",\"target\":{\"@type\":\"EntryPoint\",\"urlTemplate\":\"https:\/\/www.nature-bike-provence.com\/?s={search_term_string}\"},\"query-input\":\"required name=search_term_string\"}],\"inLanguage\":\"en-US\"},{\"@type\":\"ImageObject\",\"inLanguage\":\"en-US\",\"@id\":\"https:\/\/www.nature-bike-provence.com\/en\/theme-bike-day\/bike-picnic\/#primaryimage\",\"url\":\"https:\/\/www.nature-bike-provence.com\/wp-content\/uploads\/2019\/03\/pique-nique2.jpg\",\"contentUrl\":\"https:\/\/www.nature-bike-provence.com\/wp-content\/uploads\/2019\/03\/pique-nique2.jpg\",\"width\":800,\"height\":800},{\"@type\":\"WebPage\",\"@id\":\"https:\/\/www.nature-bike-provence.com\/en\/theme-bike-day\/bike-picnic\/\",\"url\":\"https:\/\/www.nature-bike-provence.com\/en\/theme-bike-day\/bike-picnic\/\",\"name\":\"Cycling and Picnic in Chateauneuf-du-Pape | Nature & Bike Provence | Bike tour\",\"isPartOf\":{\"@id\":\"https:\/\/www.nature-bike-provence.com\/#website\"},\"primaryImageOfPage\":{\"@id\":\"https:\/\/www.nature-bike-provence.com\/en\/theme-bike-day\/bike-picnic\/#primaryimage\"},\"datePublished\":\"2019-03-19T16:28:49+00:00\",\"dateModified\":\"2024-02-06T13:33:02+00:00\",\"description\":\"Nature Bike Provence, cycling agency in Provence, located in Orange, offers a day bike ride and Proven\u00e7al picnic. Day to the theme.\",\"breadcrumb\":{\"@id\":\"https:\/\/www.nature-bike-provence.com\/en\/theme-bike-day\/bike-picnic\/#breadcrumb\"},\"inLanguage\":\"en-US\",\"potentialAction\":[{\"@type\":\"ReadAction\",\"target\":[\"https:\/\/www.nature-bike-provence.com\/en\/theme-bike-day\/bike-picnic\/\"]}]},{\"@type\":\"BreadcrumbList\",\"@id\":\"https:\/\/www.nature-bike-provence.com\/en\/theme-bike-day\/bike-picnic\/#breadcrumb\",\"itemListElement\":[{\"@type\":\"ListItem\",\"position\":1,\"name\":\"Accueil\",\"item\":\"https:\/\/www.nature-bike-provence.com\/en\/\"},{\"@type\":\"ListItem\",\"position\":2,\"name\":\"Products\",\"item\":\"https:\/\/www.nature-bike-provence.com\/en\/shop\/\"},{\"@type\":\"ListItem\",\"position\":3,\"name\":\"Bike picnic\"}]}]}<\/script>\n<!-- \/ Yoast SEO plugin. -->","yoast_head_json":{"title":"Cycling and Picnic in Chateauneuf-du-Pape | Nature & Bike Provence | Bike tour","description":"Nature Bike Provence, cycling agency in Provence, located in Orange, offers a day bike ride and Proven\u00e7al picnic. Day to the theme.","robots":{"index":"index","follow":"follow","max-snippet":"max-snippet:-1","max-image-preview":"max-image-preview:large","max-video-preview":"max-video-preview:-1"},"canonical":"https:\/\/www.nature-bike-provence.com\/en\/theme-bike-day\/bike-picnic\/","og_locale":"en_US","og_type":"article","og_title":"Cycling and Picnic in Chateauneuf-du-Pape | Nature & Bike Provence | Bike tour","og_description":"Nature Bike Provence, cycling agency in Provence, located in Orange, offers a day bike ride and Proven\u00e7al picnic. Day to the theme.","og_url":"https:\/\/www.nature-bike-provence.com\/en\/theme-bike-day\/bike-picnic\/","og_site_name":"Nature &amp; Bike","article_modified_time":"2024-02-06T13:33:02+00:00","og_image":[{"width":800,"height":800,"url":"https:\/\/www.nature-bike-provence.com\/wp-content\/uploads\/2019\/03\/pique-nique2.jpg","type":"image\/jpeg"}],"twitter_card":"summary_large_image","twitter_misc":{"Est. reading time":"1 minute"},"schema":{"@context":"https:\/\/schema.org","@graph":[{"@type":"WebSite","@id":"https:\/\/www.nature-bike-provence.com\/#website","url":"https:\/\/www.nature-bike-provence.com\/","name":"Nature &amp; Bike","description":"Location de cycles et s\u00e9jours \u00e0 v\u00e9lo en Provence","potentialAction":[{"@type":"SearchAction","target":{"@type":"EntryPoint","urlTemplate":"https:\/\/www.nature-bike-provence.com\/?s={search_term_string}"},"query-input":"required name=search_term_string"}],"inLanguage":"en-US"},{"@type":"ImageObject","inLanguage":"en-US","@id":"https:\/\/www.nature-bike-provence.com\/en\/theme-bike-day\/bike-picnic\/#primaryimage","url":"https:\/\/www.nature-bike-provence.com\/wp-content\/uploads\/2019\/03\/pique-nique2.jpg","contentUrl":"https:\/\/www.nature-bike-provence.com\/wp-content\/uploads\/2019\/03\/pique-nique2.jpg","width":800,"height":800},{"@type":"WebPage","@id":"https:\/\/www.nature-bike-provence.com\/en\/theme-bike-day\/bike-picnic\/","url":"https:\/\/www.nature-bike-provence.com\/en\/theme-bike-day\/bike-picnic\/","name":"Cycling and Picnic in Chateauneuf-du-Pape | Nature & Bike Provence | Bike tour","isPartOf":{"@id":"https:\/\/www.nature-bike-provence.com\/#website"},"primaryImageOfPage":{"@id":"https:\/\/www.nature-bike-provence.com\/en\/theme-bike-day\/bike-picnic\/#primaryimage"},"datePublished":"2019-03-19T16:28:49+00:00","dateModified":"2024-02-06T13:33:02+00:00","description":"Nature Bike Provence, cycling agency in Provence, located in Orange, offers a day bike ride and Proven\u00e7al picnic. Day to the theme.","breadcrumb":{"@id":"https:\/\/www.nature-bike-provence.com\/en\/theme-bike-day\/bike-picnic\/#breadcrumb"},"inLanguage":"en-US","potentialAction":[{"@type":"ReadAction","target":["https:\/\/www.nature-bike-provence.com\/en\/theme-bike-day\/bike-picnic\/"]}]},{"@type":"BreadcrumbList","@id":"https:\/\/www.nature-bike-provence.com\/en\/theme-bike-day\/bike-picnic\/#breadcrumb","itemListElement":[{"@type":"ListItem","position":1,"name":"Accueil","item":"https:\/\/www.nature-bike-provence.com\/en\/"},{"@type":"ListItem","position":2,"name":"Products","item":"https:\/\/www.nature-bike-provence.com\/en\/shop\/"},{"@type":"ListItem","position":3,"name":"Bike picnic"}]}]}},"_links":{"self":[{"href":"https:\/\/www.nature-bike-provence.com\/en\/wp-json\/wp\/v2\/product\/1385"}],"collection":[{"href":"https:\/\/www.nature-bike-provence.com\/en\/wp-json\/wp\/v2\/product"}],"about":[{"href":"https:\/\/www.nature-bike-provence.com\/en\/wp-json\/wp\/v2\/types\/product"}],"wp:featuredmedia":[{"embeddable":true,"href":"https:\/\/www.nature-bike-provence.com\/en\/wp-json\/wp\/v2\/media\/1178"}],"wp:attachment":[{"href":"https:\/\/www.nature-bike-provence.com\/en\/wp-json\/wp\/v2\/media?parent=1385"}],"curies":[{"name":"wp","href":"https:\/\/api.w.org\/{rel}","templated":true}]}}