{"id":1382,"date":"2019-03-14T11:20:59","date_gmt":"2019-03-14T10:20:59","guid":{"rendered":"https:\/\/www.nature-bike-provence.com\/uncategorized\/day-with-theme-bike\/"},"modified":"2024-02-06T14:26:10","modified_gmt":"2024-02-06T13:26:10","slug":"day-with-theme-bike","status":"publish","type":"product","link":"https:\/\/www.nature-bike-provence.com\/en\/theme-bike-day\/day-with-theme-bike\/","title":{"rendered":"Day with theme bike"},"content":{"rendered":"Idea of the program:\r\nWorkshops around the wine\r\nGuests can enjoy a bicycle route on the small communal roads and cross roads, discover the wine fields, taste the renowned wines of the Rh\u00f4ne coast, between Provence des Papes and Mt Ventoux.\r\nPicnic during the cycling course, served on a table in the middle of nature example: tapenade, sausage and country olives Cake, Proven\u00e7al pie, basil chicken, seasonal anchoid vegetables, pasta salads, cheese, seasonal fruit pie and fresh fruit&#8230;\r\nContact our Nature and Bike team to make your day tailor-made!","protected":false},"excerpt":{"rendered":"<p>Give us the organization of your theme day (Bachelor party, bachelor party, theme birthday&#8230;)<br \/>\nOrganize your company seminar or group outing with Nature and Bike.<br \/>\nOur team will be happy to organize your EVJF day by bike according to your desires:<\/p>\n<ul>\n<li>Bike picnic in the garrigue with special bride-to-be decoration<\/li>\n<li>Decoration of a place for lunch\/ picnic in nature<\/li>\n<li>Organising games (special bride theme)<\/li>\n<li>Choice of activities adapted to your desires<\/li>\n<\/ul>\n<p>Contact our Nature and Bike team to make your day tailor-made !<\/p>\n","protected":false},"featured_media":1181,"template":"","meta":[],"yoast_head":"<!-- This site is optimized with the Yoast SEO plugin v19.3 - https:\/\/yoast.com\/wordpress\/plugins\/seo\/ -->\n<title>Bike Theme Day | Nature &amp; Bike | Organize Bike Theme Event<\/title>\n<meta name=\"description\" content=\"Nature &amp; Bike is specialized in organizing cycling tour. Organize a surprise event on the theme of cycling, EVJF of a friend, birthday...\" \/>\n<meta name=\"robots\" content=\"index, follow, max-snippet:-1, max-image-preview:large, max-video-preview:-1\" \/>\n<link rel=\"canonical\" href=\"https:\/\/www.nature-bike-provence.com\/en\/theme-bike-day\/day-with-theme-bike\/\" \/>\n<meta property=\"og:locale\" content=\"en_US\" \/>\n<meta property=\"og:type\" content=\"article\" \/>\n<meta property=\"og:title\" content=\"Bike Theme Day | Nature &amp; Bike | Organize Bike Theme Event\" \/>\n<meta property=\"og:description\" content=\"Nature &amp; Bike is specialized in organizing cycling tour. Organize a surprise event on the theme of cycling, EVJF of a friend, birthday...\" \/>\n<meta property=\"og:url\" content=\"https:\/\/www.nature-bike-provence.com\/en\/theme-bike-day\/day-with-theme-bike\/\" \/>\n<meta property=\"og:site_name\" content=\"Nature &amp; Bike\" \/>\n<meta property=\"article:modified_time\" content=\"2024-02-06T13:26:10+00:00\" \/>\n<meta property=\"og:image\" content=\"https:\/\/www.nature-bike-provence.com\/wp-content\/uploads\/2019\/03\/guide2.jpg\" \/>\n\t<meta property=\"og:image:width\" content=\"500\" \/>\n\t<meta property=\"og:image:height\" content=\"500\" \/>\n\t<meta property=\"og:image:type\" content=\"image\/jpeg\" \/>\n<meta name=\"twitter:card\" content=\"summary_large_image\" \/>\n<meta name=\"twitter:label1\" content=\"Est. reading time\" \/>\n\t<meta name=\"twitter:data1\" content=\"1 minute\" \/>\n<script type=\"application\/ld+json\" class=\"yoast-schema-graph\">{\"@context\":\"https:\/\/schema.org\",\"@graph\":[{\"@type\":\"WebSite\",\"@id\":\"https:\/\/www.nature-bike-provence.com\/#website\",\"url\":\"https:\/\/www.nature-bike-provence.com\/\",\"name\":\"Nature &amp; Bike\",\"description\":\"Location de cycles et s\u00e9jours \u00e0 v\u00e9lo en Provence\",\"potentialAction\":[{\"@type\":\"SearchAction\",\"target\":{\"@type\":\"EntryPoint\",\"urlTemplate\":\"https:\/\/www.nature-bike-provence.com\/?s={search_term_string}\"},\"query-input\":\"required name=search_term_string\"}],\"inLanguage\":\"en-US\"},{\"@type\":\"ImageObject\",\"inLanguage\":\"en-US\",\"@id\":\"https:\/\/www.nature-bike-provence.com\/en\/theme-bike-day\/day-with-theme-bike\/#primaryimage\",\"url\":\"https:\/\/www.nature-bike-provence.com\/wp-content\/uploads\/2019\/03\/guide2.jpg\",\"contentUrl\":\"https:\/\/www.nature-bike-provence.com\/wp-content\/uploads\/2019\/03\/guide2.jpg\",\"width\":500,\"height\":500},{\"@type\":\"WebPage\",\"@id\":\"https:\/\/www.nature-bike-provence.com\/en\/theme-bike-day\/day-with-theme-bike\/\",\"url\":\"https:\/\/www.nature-bike-provence.com\/en\/theme-bike-day\/day-with-theme-bike\/\",\"name\":\"Bike Theme Day | Nature & Bike | Organize Bike Theme Event\",\"isPartOf\":{\"@id\":\"https:\/\/www.nature-bike-provence.com\/#website\"},\"primaryImageOfPage\":{\"@id\":\"https:\/\/www.nature-bike-provence.com\/en\/theme-bike-day\/day-with-theme-bike\/#primaryimage\"},\"datePublished\":\"2019-03-14T10:20:59+00:00\",\"dateModified\":\"2024-02-06T13:26:10+00:00\",\"description\":\"Nature & Bike is specialized in organizing cycling tour. Organize a surprise event on the theme of cycling, EVJF of a friend, birthday...\",\"breadcrumb\":{\"@id\":\"https:\/\/www.nature-bike-provence.com\/en\/theme-bike-day\/day-with-theme-bike\/#breadcrumb\"},\"inLanguage\":\"en-US\",\"potentialAction\":[{\"@type\":\"ReadAction\",\"target\":[\"https:\/\/www.nature-bike-provence.com\/en\/theme-bike-day\/day-with-theme-bike\/\"]}]},{\"@type\":\"BreadcrumbList\",\"@id\":\"https:\/\/www.nature-bike-provence.com\/en\/theme-bike-day\/day-with-theme-bike\/#breadcrumb\",\"itemListElement\":[{\"@type\":\"ListItem\",\"position\":1,\"name\":\"Accueil\",\"item\":\"https:\/\/www.nature-bike-provence.com\/en\/\"},{\"@type\":\"ListItem\",\"position\":2,\"name\":\"Products\",\"item\":\"https:\/\/www.nature-bike-provence.com\/en\/shop\/\"},{\"@type\":\"ListItem\",\"position\":3,\"name\":\"Day with theme bike\"}]}]}<\/script>\n<!-- \/ Yoast SEO plugin. -->","yoast_head_json":{"title":"Bike Theme Day | Nature & Bike | Organize Bike Theme Event","description":"Nature & Bike is specialized in organizing cycling tour. Organize a surprise event on the theme of cycling, EVJF of a friend, birthday...","robots":{"index":"index","follow":"follow","max-snippet":"max-snippet:-1","max-image-preview":"max-image-preview:large","max-video-preview":"max-video-preview:-1"},"canonical":"https:\/\/www.nature-bike-provence.com\/en\/theme-bike-day\/day-with-theme-bike\/","og_locale":"en_US","og_type":"article","og_title":"Bike Theme Day | Nature & Bike | Organize Bike Theme Event","og_description":"Nature & Bike is specialized in organizing cycling tour. Organize a surprise event on the theme of cycling, EVJF of a friend, birthday...","og_url":"https:\/\/www.nature-bike-provence.com\/en\/theme-bike-day\/day-with-theme-bike\/","og_site_name":"Nature &amp; Bike","article_modified_time":"2024-02-06T13:26:10+00:00","og_image":[{"width":500,"height":500,"url":"https:\/\/www.nature-bike-provence.com\/wp-content\/uploads\/2019\/03\/guide2.jpg","type":"image\/jpeg"}],"twitter_card":"summary_large_image","twitter_misc":{"Est. reading time":"1 minute"},"schema":{"@context":"https:\/\/schema.org","@graph":[{"@type":"WebSite","@id":"https:\/\/www.nature-bike-provence.com\/#website","url":"https:\/\/www.nature-bike-provence.com\/","name":"Nature &amp; Bike","description":"Location de cycles et s\u00e9jours \u00e0 v\u00e9lo en Provence","potentialAction":[{"@type":"SearchAction","target":{"@type":"EntryPoint","urlTemplate":"https:\/\/www.nature-bike-provence.com\/?s={search_term_string}"},"query-input":"required name=search_term_string"}],"inLanguage":"en-US"},{"@type":"ImageObject","inLanguage":"en-US","@id":"https:\/\/www.nature-bike-provence.com\/en\/theme-bike-day\/day-with-theme-bike\/#primaryimage","url":"https:\/\/www.nature-bike-provence.com\/wp-content\/uploads\/2019\/03\/guide2.jpg","contentUrl":"https:\/\/www.nature-bike-provence.com\/wp-content\/uploads\/2019\/03\/guide2.jpg","width":500,"height":500},{"@type":"WebPage","@id":"https:\/\/www.nature-bike-provence.com\/en\/theme-bike-day\/day-with-theme-bike\/","url":"https:\/\/www.nature-bike-provence.com\/en\/theme-bike-day\/day-with-theme-bike\/","name":"Bike Theme Day | Nature & Bike | Organize Bike Theme Event","isPartOf":{"@id":"https:\/\/www.nature-bike-provence.com\/#website"},"primaryImageOfPage":{"@id":"https:\/\/www.nature-bike-provence.com\/en\/theme-bike-day\/day-with-theme-bike\/#primaryimage"},"datePublished":"2019-03-14T10:20:59+00:00","dateModified":"2024-02-06T13:26:10+00:00","description":"Nature & Bike is specialized in organizing cycling tour. Organize a surprise event on the theme of cycling, EVJF of a friend, birthday...","breadcrumb":{"@id":"https:\/\/www.nature-bike-provence.com\/en\/theme-bike-day\/day-with-theme-bike\/#breadcrumb"},"inLanguage":"en-US","potentialAction":[{"@type":"ReadAction","target":["https:\/\/www.nature-bike-provence.com\/en\/theme-bike-day\/day-with-theme-bike\/"]}]},{"@type":"BreadcrumbList","@id":"https:\/\/www.nature-bike-provence.com\/en\/theme-bike-day\/day-with-theme-bike\/#breadcrumb","itemListElement":[{"@type":"ListItem","position":1,"name":"Accueil","item":"https:\/\/www.nature-bike-provence.com\/en\/"},{"@type":"ListItem","position":2,"name":"Products","item":"https:\/\/www.nature-bike-provence.com\/en\/shop\/"},{"@type":"ListItem","position":3,"name":"Day with theme bike"}]}]}},"_links":{"self":[{"href":"https:\/\/www.nature-bike-provence.com\/en\/wp-json\/wp\/v2\/product\/1382"}],"collection":[{"href":"https:\/\/www.nature-bike-provence.com\/en\/wp-json\/wp\/v2\/product"}],"about":[{"href":"https:\/\/www.nature-bike-provence.com\/en\/wp-json\/wp\/v2\/types\/product"}],"wp:featuredmedia":[{"embeddable":true,"href":"https:\/\/www.nature-bike-provence.com\/en\/wp-json\/wp\/v2\/media\/1181"}],"wp:attachment":[{"href":"https:\/\/www.nature-bike-provence.com\/en\/wp-json\/wp\/v2\/media?parent=1382"}],"curies":[{"name":"wp","href":"https:\/\/api.w.org\/{rel}","templated":true}]}}