{"id":1226,"date":"2019-03-21T10:30:53","date_gmt":"2019-03-21T09:31:02","guid":{"rendered":"https:\/\/www.nature-bike-provence.com\/?post_type=product&#038;p=1226"},"modified":"2019-05-20T11:06:34","modified_gmt":"2019-05-20T09:06:34","slug":"electric-bike-second-hand","status":"publish","type":"product","link":"https:\/\/www.nature-bike-provence.com\/en\/bike-sell\/electric-bike-second-hand\/","title":{"rendered":"Electric bike Gitane E-Salsa second-hand"},"content":{"rendered":"<h3>Features of Gitane E-Salsa Yamaha D8<\/h3>\r\nRange: 75\/100km\r\n\r\nEngine type: Yamaha central motor 80nm max\r\n\r\nBattery: Rack type 400wh\r\n\r\nFrame: Wave, aluminium 6061 T6 v Brake, derailleur\r\n\r\nFork: Suntour\r\n\r\nCrankset: Tray 38 teeth\r\n\r\nRim: aluminium soft wall\r\n\r\nBrakes: Shimano v Brake Acera\r\n\r\nConsole: Central LCD Display","protected":false},"excerpt":{"rendered":"<p>Second hand bike Gitane<br \/>\nEquipped with the Yamaha engine with a maximum torque of 80nm, your electric bike will help you in any situation:<\/p>\n<div class=\"textarea-wrapper textarea-wrapper-2\">\n<div id=\"trpar\"><span id=\"s2_1\">&#8211; Coastal route<\/span><\/div>\n<div>\n<span id=\"s2_2\">&#8211; Traffic management;<\/span><\/div>\n<div>\n<span id=\"s2_3\">&#8211; Acceleration;<\/span><\/div>\n<div>\n<span id=\"s2_4\">New Value: 2099\u20ac<\/span><\/div>\n<\/div>\n","protected":false},"featured_media":1281,"template":"","meta":[],"yoast_head":"<!-- This site is optimized with the Yoast SEO plugin v19.3 - https:\/\/yoast.com\/wordpress\/plugins\/seo\/ -->\n<title>Rent a Salsa mountain bike | Nature &amp; Bike rental | Bike rental in Orange<\/title>\n<meta name=\"description\" content=\"Rent a Salsa mountain bike at Nature Bike Provence, a bike stay guaranteed in comfort and safety for your walks in nature in Provence.\" \/>\n<meta name=\"robots\" content=\"index, follow, max-snippet:-1, max-image-preview:large, max-video-preview:-1\" \/>\n<link rel=\"canonical\" href=\"https:\/\/www.nature-bike-provence.com\/en\/bike-sell\/electric-bike-second-hand\/\" \/>\n<meta property=\"og:locale\" content=\"en_US\" \/>\n<meta property=\"og:type\" content=\"article\" \/>\n<meta property=\"og:title\" content=\"Rent a Salsa mountain bike | Nature &amp; Bike rental | Bike rental in Orange\" \/>\n<meta property=\"og:description\" content=\"Rent a Salsa mountain bike at Nature Bike Provence, a bike stay guaranteed in comfort and safety for your walks in nature in Provence.\" \/>\n<meta property=\"og:url\" content=\"https:\/\/www.nature-bike-provence.com\/en\/bike-sell\/electric-bike-second-hand\/\" \/>\n<meta property=\"og:site_name\" content=\"Nature &amp; Bike\" \/>\n<meta property=\"article:modified_time\" content=\"2019-05-20T09:06:34+00:00\" \/>\n<meta property=\"og:image\" content=\"https:\/\/www.nature-bike-provence.com\/wp-content\/uploads\/2019\/03\/e-bike-salsa-1-1024x768.jpg\" \/>\n\t<meta property=\"og:image:width\" content=\"1024\" \/>\n\t<meta property=\"og:image:height\" content=\"768\" \/>\n\t<meta property=\"og:image:type\" content=\"image\/jpeg\" \/>\n<meta name=\"twitter:card\" content=\"summary_large_image\" \/>\n<script type=\"application\/ld+json\" class=\"yoast-schema-graph\">{\"@context\":\"https:\/\/schema.org\",\"@graph\":[{\"@type\":\"WebSite\",\"@id\":\"https:\/\/www.nature-bike-provence.com\/#website\",\"url\":\"https:\/\/www.nature-bike-provence.com\/\",\"name\":\"Nature &amp; Bike\",\"description\":\"Location de cycles et s\u00e9jours \u00e0 v\u00e9lo en Provence\",\"potentialAction\":[{\"@type\":\"SearchAction\",\"target\":{\"@type\":\"EntryPoint\",\"urlTemplate\":\"https:\/\/www.nature-bike-provence.com\/?s={search_term_string}\"},\"query-input\":\"required name=search_term_string\"}],\"inLanguage\":\"en-US\"},{\"@type\":\"ImageObject\",\"inLanguage\":\"en-US\",\"@id\":\"https:\/\/www.nature-bike-provence.com\/en\/bike-sell\/electric-bike-second-hand\/#primaryimage\",\"url\":\"https:\/\/www.nature-bike-provence.com\/wp-content\/uploads\/2019\/03\/e-bike-salsa-1.jpg\",\"contentUrl\":\"https:\/\/www.nature-bike-provence.com\/wp-content\/uploads\/2019\/03\/e-bike-salsa-1.jpg\",\"width\":4032,\"height\":3024},{\"@type\":\"WebPage\",\"@id\":\"https:\/\/www.nature-bike-provence.com\/en\/bike-sell\/electric-bike-second-hand\/\",\"url\":\"https:\/\/www.nature-bike-provence.com\/en\/bike-sell\/electric-bike-second-hand\/\",\"name\":\"Rent a Salsa mountain bike | Nature & Bike rental | Bike rental in Orange\",\"isPartOf\":{\"@id\":\"https:\/\/www.nature-bike-provence.com\/#website\"},\"primaryImageOfPage\":{\"@id\":\"https:\/\/www.nature-bike-provence.com\/en\/bike-sell\/electric-bike-second-hand\/#primaryimage\"},\"datePublished\":\"2019-03-21T09:31:02+00:00\",\"dateModified\":\"2019-05-20T09:06:34+00:00\",\"description\":\"Rent a Salsa mountain bike at Nature Bike Provence, a bike stay guaranteed in comfort and safety for your walks in nature in Provence.\",\"breadcrumb\":{\"@id\":\"https:\/\/www.nature-bike-provence.com\/en\/bike-sell\/electric-bike-second-hand\/#breadcrumb\"},\"inLanguage\":\"en-US\",\"potentialAction\":[{\"@type\":\"ReadAction\",\"target\":[\"https:\/\/www.nature-bike-provence.com\/en\/bike-sell\/electric-bike-second-hand\/\"]}]},{\"@type\":\"BreadcrumbList\",\"@id\":\"https:\/\/www.nature-bike-provence.com\/en\/bike-sell\/electric-bike-second-hand\/#breadcrumb\",\"itemListElement\":[{\"@type\":\"ListItem\",\"position\":1,\"name\":\"Accueil\",\"item\":\"https:\/\/www.nature-bike-provence.com\/en\/\"},{\"@type\":\"ListItem\",\"position\":2,\"name\":\"Products\",\"item\":\"https:\/\/www.nature-bike-provence.com\/en\/shop\/\"},{\"@type\":\"ListItem\",\"position\":3,\"name\":\"Electric bike Gitane E-Salsa second-hand\"}]}]}<\/script>\n<!-- \/ Yoast SEO plugin. -->","yoast_head_json":{"title":"Rent a Salsa mountain bike | Nature & Bike rental | Bike rental in Orange","description":"Rent a Salsa mountain bike at Nature Bike Provence, a bike stay guaranteed in comfort and safety for your walks in nature in Provence.","robots":{"index":"index","follow":"follow","max-snippet":"max-snippet:-1","max-image-preview":"max-image-preview:large","max-video-preview":"max-video-preview:-1"},"canonical":"https:\/\/www.nature-bike-provence.com\/en\/bike-sell\/electric-bike-second-hand\/","og_locale":"en_US","og_type":"article","og_title":"Rent a Salsa mountain bike | Nature & Bike rental | Bike rental in Orange","og_description":"Rent a Salsa mountain bike at Nature Bike Provence, a bike stay guaranteed in comfort and safety for your walks in nature in Provence.","og_url":"https:\/\/www.nature-bike-provence.com\/en\/bike-sell\/electric-bike-second-hand\/","og_site_name":"Nature &amp; Bike","article_modified_time":"2019-05-20T09:06:34+00:00","og_image":[{"width":1024,"height":768,"url":"https:\/\/www.nature-bike-provence.com\/wp-content\/uploads\/2019\/03\/e-bike-salsa-1-1024x768.jpg","type":"image\/jpeg"}],"twitter_card":"summary_large_image","schema":{"@context":"https:\/\/schema.org","@graph":[{"@type":"WebSite","@id":"https:\/\/www.nature-bike-provence.com\/#website","url":"https:\/\/www.nature-bike-provence.com\/","name":"Nature &amp; Bike","description":"Location de cycles et s\u00e9jours \u00e0 v\u00e9lo en Provence","potentialAction":[{"@type":"SearchAction","target":{"@type":"EntryPoint","urlTemplate":"https:\/\/www.nature-bike-provence.com\/?s={search_term_string}"},"query-input":"required name=search_term_string"}],"inLanguage":"en-US"},{"@type":"ImageObject","inLanguage":"en-US","@id":"https:\/\/www.nature-bike-provence.com\/en\/bike-sell\/electric-bike-second-hand\/#primaryimage","url":"https:\/\/www.nature-bike-provence.com\/wp-content\/uploads\/2019\/03\/e-bike-salsa-1.jpg","contentUrl":"https:\/\/www.nature-bike-provence.com\/wp-content\/uploads\/2019\/03\/e-bike-salsa-1.jpg","width":4032,"height":3024},{"@type":"WebPage","@id":"https:\/\/www.nature-bike-provence.com\/en\/bike-sell\/electric-bike-second-hand\/","url":"https:\/\/www.nature-bike-provence.com\/en\/bike-sell\/electric-bike-second-hand\/","name":"Rent a Salsa mountain bike | Nature & Bike rental | Bike rental in Orange","isPartOf":{"@id":"https:\/\/www.nature-bike-provence.com\/#website"},"primaryImageOfPage":{"@id":"https:\/\/www.nature-bike-provence.com\/en\/bike-sell\/electric-bike-second-hand\/#primaryimage"},"datePublished":"2019-03-21T09:31:02+00:00","dateModified":"2019-05-20T09:06:34+00:00","description":"Rent a Salsa mountain bike at Nature Bike Provence, a bike stay guaranteed in comfort and safety for your walks in nature in Provence.","breadcrumb":{"@id":"https:\/\/www.nature-bike-provence.com\/en\/bike-sell\/electric-bike-second-hand\/#breadcrumb"},"inLanguage":"en-US","potentialAction":[{"@type":"ReadAction","target":["https:\/\/www.nature-bike-provence.com\/en\/bike-sell\/electric-bike-second-hand\/"]}]},{"@type":"BreadcrumbList","@id":"https:\/\/www.nature-bike-provence.com\/en\/bike-sell\/electric-bike-second-hand\/#breadcrumb","itemListElement":[{"@type":"ListItem","position":1,"name":"Accueil","item":"https:\/\/www.nature-bike-provence.com\/en\/"},{"@type":"ListItem","position":2,"name":"Products","item":"https:\/\/www.nature-bike-provence.com\/en\/shop\/"},{"@type":"ListItem","position":3,"name":"Electric bike Gitane E-Salsa second-hand"}]}]}},"_links":{"self":[{"href":"https:\/\/www.nature-bike-provence.com\/en\/wp-json\/wp\/v2\/product\/1226"}],"collection":[{"href":"https:\/\/www.nature-bike-provence.com\/en\/wp-json\/wp\/v2\/product"}],"about":[{"href":"https:\/\/www.nature-bike-provence.com\/en\/wp-json\/wp\/v2\/types\/product"}],"wp:featuredmedia":[{"embeddable":true,"href":"https:\/\/www.nature-bike-provence.com\/en\/wp-json\/wp\/v2\/media\/1281"}],"wp:attachment":[{"href":"https:\/\/www.nature-bike-provence.com\/en\/wp-json\/wp\/v2\/media?parent=1226"}],"curies":[{"name":"wp","href":"https:\/\/api.w.org\/{rel}","templated":true}]}}