{"id":544,"date":"2019-03-07T19:39:20","date_gmt":"2019-03-07T18:39:20","guid":{"rendered":"https:\/\/www.nature-bike-provence.com\/contact-us\/"},"modified":"2020-11-10T11:40:17","modified_gmt":"2020-11-10T10:40:17","slug":"contact-us","status":"publish","type":"page","link":"https:\/\/www.nature-bike-provence.com\/en\/contact-us\/","title":{"rendered":"Contact us"},"content":{"rendered":"[vc_row][vc_column width=&#8221;2\/3&#8243;]<div role=\"form\" class=\"wpcf7\" id=\"wpcf7-f550-o1\" lang=\"en-US\" dir=\"ltr\">\n<div class=\"screen-reader-response\"><p role=\"status\" aria-live=\"polite\" aria-atomic=\"true\"><\/p> <ul><\/ul><\/div>\n<form action=\"\/en\/wp-json\/wp\/v2\/pages\/544#wpcf7-f550-o1\" method=\"post\" class=\"wpcf7-form init\" novalidate=\"novalidate\" data-status=\"init\">\n<div style=\"display: none;\">\n<input type=\"hidden\" name=\"_wpcf7\" value=\"550\" \/>\n<input type=\"hidden\" name=\"_wpcf7_version\" value=\"5.6.1\" \/>\n<input type=\"hidden\" name=\"_wpcf7_locale\" value=\"en_US\" \/>\n<input type=\"hidden\" name=\"_wpcf7_unit_tag\" value=\"wpcf7-f550-o1\" \/>\n<input type=\"hidden\" name=\"_wpcf7_container_post\" value=\"0\" \/>\n<input type=\"hidden\" name=\"_wpcf7_posted_data_hash\" value=\"\" \/>\n<input type=\"hidden\" name=\"_wpcf7cf_hidden_group_fields\" value=\"[]\" \/>\n<input type=\"hidden\" name=\"_wpcf7cf_hidden_groups\" value=\"[]\" \/>\n<input type=\"hidden\" name=\"_wpcf7cf_visible_groups\" value=\"[]\" \/>\n<input type=\"hidden\" name=\"_wpcf7cf_repeaters\" value=\"[]\" \/>\n<input type=\"hidden\" name=\"_wpcf7cf_steps\" value=\"{}\" \/>\n<input type=\"hidden\" name=\"_wpcf7cf_options\" value=\"{&quot;form_id&quot;:550,&quot;conditions&quot;:[],&quot;settings&quot;:{&quot;animation&quot;:&quot;yes&quot;,&quot;animation_intime&quot;:200,&quot;animation_outtime&quot;:200,&quot;conditions_ui&quot;:&quot;normal&quot;,&quot;notice_dismissed&quot;:false,&quot;notice_dismissed_update-cf7-5.5.6&quot;:true}}\" \/>\n<\/div>\n<div class=\"clearfix flex\">\n<p class=\"half-col\"><span class=\"wpcf7-form-control-wrap\" data-name=\"nom\"><input type=\"text\" name=\"nom\" value=\"\" size=\"40\" class=\"wpcf7-form-control wpcf7-text\" aria-invalid=\"false\" placeholder=\"Your name*\" \/><\/span><i class=\"icon-user\"><\/i><\/p>\n<p class=\"half-col\"><span class=\"wpcf7-form-control-wrap\" data-name=\"email\"><input type=\"email\" name=\"email\" value=\"\" size=\"40\" class=\"wpcf7-form-control wpcf7-text wpcf7-email wpcf7-validates-as-required wpcf7-validates-as-email\" aria-required=\"true\" aria-invalid=\"false\" placeholder=\"Your email address*\" \/><\/span><i class=\"icon-envelope\"><\/i><\/p>\n<p class=\"half-col\"><span class=\"wpcf7-form-control-wrap\" data-name=\"sujet\"><input type=\"text\" name=\"sujet\" value=\"\" size=\"40\" class=\"wpcf7-form-control wpcf7-text wpcf7-validates-as-required\" aria-required=\"true\" aria-invalid=\"false\" placeholder=\"Subject*\" \/><\/span><i class=\"icon-pencil\"><\/i><\/p>\n<p class=\"half-col\"><span class=\"wpcf7-form-control-wrap\" data-name=\"phone\"><input type=\"tel\" name=\"phone\" value=\"\" size=\"40\" class=\"wpcf7-form-control wpcf7-text wpcf7-tel wpcf7-validates-as-tel\" aria-invalid=\"false\" placeholder=\"Your phone number\" \/><\/span><i class=\"icon-screen-smartphone\"><\/i><\/p>\n<p><span class=\"wpcf7-form-control-wrap\" data-name=\"message\"><textarea name=\"message\" cols=\"40\" rows=\"10\" class=\"wpcf7-form-control wpcf7-textarea wpcf7-validates-as-required\" aria-required=\"true\" aria-invalid=\"false\" placeholder=\"Message*\"><\/textarea><\/span><i class=\"icon-bubble\"><\/i><\/p>\n<div id=\"cf7sr-69df1dcb0333c\" class=\"cf7sr-g-recaptcha\" data-sitekey=\"6LdmBjEfAAAAAGWArAXC5vFlt5Nd54ogCxov5I7D\"><\/div><span class=\"wpcf7-form-control-wrap cf7sr-recaptcha\" data-name=\"cf7sr-recaptcha\"><input type=\"hidden\" name=\"cf7sr-recaptcha\" value=\"\" class=\"wpcf7-form-control\"><\/span><\/p>\n<p style=\"text-align: center;margin-bottom: 20px;\"><input type=\"submit\" value=\"Send\" class=\"wpcf7-form-control has-spinner wpcf7-submit\" \/><\/p>\n<\/div>\n<input type=\"hidden\" name=\"lang\" value=\"en\" class=\"wpcf7-form-control wpcf7-hidden\" \/>\n<div class=\"wpcf7-response-output\" aria-hidden=\"true\"><\/div><\/form><\/div>[\/vc_column][vc_column width=&#8221;1\/3&#8243; css=&#8221;.vc_custom_1551539205400{padding-left: 30px !important;}&#8221;][vc_column_text]Rent, booked or asked some informations for a trip, weekend or holidays in bike.\r\nNature Bike Provence going with you in all your bike projects from A to Z, tailor-made services for all.\r\n\r\nSport Aventure &#8211; Nature Bike Provence\r\n\r\n<i class=\"fa fa-map-marker\"><\/i> <a href=\"https:\/\/www.google.com\/maps\/place\/Nature+Bike+Provence\/@44.1375549,4.805622,15.37z\/data=!4m13!1m7!3m6!1s0x12b5974d796c9cf3:0x2679aeb8efbe1ff5!2s1+Rue+de+la+R%C3%A9publique,+84100+Orange!3b1!8m2!3d44.1370828!4d4.8083474!3m4!1s0x12b5974d78eb1c73:0x11da8a2361df1151!8m2!3d44.1370441!4d4.8082274\" target=\"_blank\" rel=\"noopener noreferrer\">1 rue de la R\u00e9publique &#8211; 84100 Orange<\/a>\r\n\r\n<i class=\"fa fa-phone\"><\/i>\u00a0<a href=\"tel:+33490347508\">04 90 34 75 08<\/a>[\/vc_column_text][\/vc_column][\/vc_row][vc_row full_width=&#8221;stretch_row_content_no_spaces&#8221; session_layout=&#8221;no_wrap&#8221; background_setting=&#8221;bg_image&#8221; background_img_position=&#8221;center center&#8221; background_img_size=&#8221;cover&#8221; background_gen_parallax=&#8221;1&#8243; background_img=&#8221;459&#8243; class=&#8221;vc_row-google-map&#8221;][vc_column][vc_raw_html]PGEgY2xhc3M9Imdvb2dsZS1tYXAgaDQiIGhyZWY9Imh0dHBzOi8vd3d3Lmdvb2dsZS5jb20vbWFwcy9wbGFjZS9OYXR1cmUrQmlrZStQcm92ZW5jZS9ANDQuMTM3NTU0OSw0LjgwNTYyMiwxNS4zN3ovZGF0YT0hNG0xMyExbTchM202ITFzMHgxMmI1OTc0ZDc5NmM5Y2YzOjB4MjY3OWFlYjhlZmJlMWZmNSEyczErUnVlK2RlK2xhK1IlQzMlQTlwdWJsaXF1ZSwrODQxMDArT3JhbmdlITNiMSE4bTIhM2Q0NC4xMzcwODI4ITRkNC44MDgzNDc0ITNtNCExczB4MTJiNTk3NGQ3OGViMWM3MzoweDExZGE4YTIzNjFkZjExNTEhOG0yITNkNDQuMTM3MDQ0MSE0ZDQuODA4MjI3NCIgdGFyZ2V0PSJfYmxhbmsiIHJlbD0ibm9vcGVuZXIiPk9wZW4gaW4gR29vZ2xlIE1hcHM8L2E+[\/vc_raw_html][\/vc_column][\/vc_row]","protected":false},"excerpt":{"rendered":"<p>[vc_row][vc_column width=&#8221;2\/3&#8243;][\/vc_column][vc_column width=&#8221;1\/3&#8243; css=&#8221;.vc_custom_1551539205400{padding-left: 30px !important;}&#8221;][vc_column_text]Rent, booked or asked some informations for a trip, weekend or holidays in bike. Nature<\/p>\n","protected":false},"author":1,"featured_media":0,"parent":0,"menu_order":0,"comment_status":"closed","ping_status":"closed","template":"","meta":[],"yoast_head":"<!-- This site is optimized with the Yoast SEO plugin v19.3 - https:\/\/yoast.com\/wordpress\/plugins\/seo\/ -->\n<title>Nature &amp; Bike Provence | Your contact bike rental in Orange | Vaucluse<\/title>\n<meta name=\"description\" content=\"Your bike rental company in the Vaucluse. Rent a bike for a stay in Provence, weekend or a day, find the contact details of Nature Bike Provence.\" \/>\n<meta name=\"robots\" content=\"index, follow, max-snippet:-1, max-image-preview:large, max-video-preview:-1\" \/>\n<link rel=\"canonical\" href=\"https:\/\/www.nature-bike-provence.com\/en\/contact-us\/\" \/>\n<meta property=\"og:locale\" content=\"en_US\" \/>\n<meta property=\"og:type\" content=\"article\" \/>\n<meta property=\"og:title\" content=\"Nature &amp; Bike Provence | Your contact bike rental in Orange | Vaucluse\" \/>\n<meta property=\"og:description\" content=\"Your bike rental company in the Vaucluse. Rent a bike for a stay in Provence, weekend or a day, find the contact details of Nature Bike Provence.\" \/>\n<meta property=\"og:url\" content=\"https:\/\/www.nature-bike-provence.com\/en\/contact-us\/\" \/>\n<meta property=\"og:site_name\" content=\"Nature &amp; Bike\" \/>\n<meta property=\"article:modified_time\" content=\"2020-11-10T10:40:17+00:00\" \/>\n<meta name=\"twitter:card\" content=\"summary_large_image\" \/>\n<meta name=\"twitter:label1\" content=\"Est. reading time\" \/>\n\t<meta name=\"twitter:data1\" content=\"1 minute\" \/>\n<script type=\"application\/ld+json\" class=\"yoast-schema-graph\">{\"@context\":\"https:\/\/schema.org\",\"@graph\":[{\"@type\":\"WebSite\",\"@id\":\"https:\/\/www.nature-bike-provence.com\/#website\",\"url\":\"https:\/\/www.nature-bike-provence.com\/\",\"name\":\"Nature &amp; Bike\",\"description\":\"Location de cycles et s\u00e9jours \u00e0 v\u00e9lo en Provence\",\"potentialAction\":[{\"@type\":\"SearchAction\",\"target\":{\"@type\":\"EntryPoint\",\"urlTemplate\":\"https:\/\/www.nature-bike-provence.com\/?s={search_term_string}\"},\"query-input\":\"required name=search_term_string\"}],\"inLanguage\":\"en-US\"},{\"@type\":\"WebPage\",\"@id\":\"https:\/\/www.nature-bike-provence.com\/en\/contact-us\/\",\"url\":\"https:\/\/www.nature-bike-provence.com\/en\/contact-us\/\",\"name\":\"Nature & Bike Provence | Your contact bike rental in Orange | Vaucluse\",\"isPartOf\":{\"@id\":\"https:\/\/www.nature-bike-provence.com\/#website\"},\"datePublished\":\"2019-03-07T18:39:20+00:00\",\"dateModified\":\"2020-11-10T10:40:17+00:00\",\"description\":\"Your bike rental company in the Vaucluse. Rent a bike for a stay in Provence, weekend or a day, find the contact details of Nature Bike Provence.\",\"breadcrumb\":{\"@id\":\"https:\/\/www.nature-bike-provence.com\/en\/contact-us\/#breadcrumb\"},\"inLanguage\":\"en-US\",\"potentialAction\":[{\"@type\":\"ReadAction\",\"target\":[\"https:\/\/www.nature-bike-provence.com\/en\/contact-us\/\"]}]},{\"@type\":\"BreadcrumbList\",\"@id\":\"https:\/\/www.nature-bike-provence.com\/en\/contact-us\/#breadcrumb\",\"itemListElement\":[{\"@type\":\"ListItem\",\"position\":1,\"name\":\"Accueil\",\"item\":\"https:\/\/www.nature-bike-provence.com\/en\/\"},{\"@type\":\"ListItem\",\"position\":2,\"name\":\"Contact us\"}]}]}<\/script>\n<!-- \/ Yoast SEO plugin. -->","yoast_head_json":{"title":"Nature & Bike Provence | Your contact bike rental in Orange | Vaucluse","description":"Your bike rental company in the Vaucluse. Rent a bike for a stay in Provence, weekend or a day, find the contact details of Nature Bike Provence.","robots":{"index":"index","follow":"follow","max-snippet":"max-snippet:-1","max-image-preview":"max-image-preview:large","max-video-preview":"max-video-preview:-1"},"canonical":"https:\/\/www.nature-bike-provence.com\/en\/contact-us\/","og_locale":"en_US","og_type":"article","og_title":"Nature & Bike Provence | Your contact bike rental in Orange | Vaucluse","og_description":"Your bike rental company in the Vaucluse. Rent a bike for a stay in Provence, weekend or a day, find the contact details of Nature Bike Provence.","og_url":"https:\/\/www.nature-bike-provence.com\/en\/contact-us\/","og_site_name":"Nature &amp; Bike","article_modified_time":"2020-11-10T10:40:17+00:00","twitter_card":"summary_large_image","twitter_misc":{"Est. reading time":"1 minute"},"schema":{"@context":"https:\/\/schema.org","@graph":[{"@type":"WebSite","@id":"https:\/\/www.nature-bike-provence.com\/#website","url":"https:\/\/www.nature-bike-provence.com\/","name":"Nature &amp; Bike","description":"Location de cycles et s\u00e9jours \u00e0 v\u00e9lo en Provence","potentialAction":[{"@type":"SearchAction","target":{"@type":"EntryPoint","urlTemplate":"https:\/\/www.nature-bike-provence.com\/?s={search_term_string}"},"query-input":"required name=search_term_string"}],"inLanguage":"en-US"},{"@type":"WebPage","@id":"https:\/\/www.nature-bike-provence.com\/en\/contact-us\/","url":"https:\/\/www.nature-bike-provence.com\/en\/contact-us\/","name":"Nature & Bike Provence | Your contact bike rental in Orange | Vaucluse","isPartOf":{"@id":"https:\/\/www.nature-bike-provence.com\/#website"},"datePublished":"2019-03-07T18:39:20+00:00","dateModified":"2020-11-10T10:40:17+00:00","description":"Your bike rental company in the Vaucluse. Rent a bike for a stay in Provence, weekend or a day, find the contact details of Nature Bike Provence.","breadcrumb":{"@id":"https:\/\/www.nature-bike-provence.com\/en\/contact-us\/#breadcrumb"},"inLanguage":"en-US","potentialAction":[{"@type":"ReadAction","target":["https:\/\/www.nature-bike-provence.com\/en\/contact-us\/"]}]},{"@type":"BreadcrumbList","@id":"https:\/\/www.nature-bike-provence.com\/en\/contact-us\/#breadcrumb","itemListElement":[{"@type":"ListItem","position":1,"name":"Accueil","item":"https:\/\/www.nature-bike-provence.com\/en\/"},{"@type":"ListItem","position":2,"name":"Contact us"}]}]}},"_links":{"self":[{"href":"https:\/\/www.nature-bike-provence.com\/en\/wp-json\/wp\/v2\/pages\/544"}],"collection":[{"href":"https:\/\/www.nature-bike-provence.com\/en\/wp-json\/wp\/v2\/pages"}],"about":[{"href":"https:\/\/www.nature-bike-provence.com\/en\/wp-json\/wp\/v2\/types\/page"}],"author":[{"embeddable":true,"href":"https:\/\/www.nature-bike-provence.com\/en\/wp-json\/wp\/v2\/users\/1"}],"replies":[{"embeddable":true,"href":"https:\/\/www.nature-bike-provence.com\/en\/wp-json\/wp\/v2\/comments?post=544"}],"version-history":[{"count":6,"href":"https:\/\/www.nature-bike-provence.com\/en\/wp-json\/wp\/v2\/pages\/544\/revisions"}],"predecessor-version":[{"id":1406,"href":"https:\/\/www.nature-bike-provence.com\/en\/wp-json\/wp\/v2\/pages\/544\/revisions\/1406"}],"wp:attachment":[{"href":"https:\/\/www.nature-bike-provence.com\/en\/wp-json\/wp\/v2\/media?parent=544"}],"curies":[{"name":"wp","href":"https:\/\/api.w.org\/{rel}","templated":true}]}}