{"id":1390,"date":"2019-03-26T14:41:24","date_gmt":"2019-03-26T13:41:24","guid":{"rendered":"https:\/\/www.nature-bike-provence.com\/information-tourism\/"},"modified":"2019-05-23T12:42:16","modified_gmt":"2019-05-23T10:42:16","slug":"tourism-information","status":"publish","type":"page","link":"https:\/\/www.nature-bike-provence.com\/en\/tourism-information\/","title":{"rendered":"Tourism information"},"content":{"rendered":"[vc_row][vc_column css=&#8221;.vc_custom_1553263152608{padding-bottom: 50px !important;}&#8221;][vc_tta_accordion][vc_tta_section i_position=&#8221;right&#8221; i_icon_fontawesome=&#8221;fa fa-map-marker&#8221; add_icon=&#8221;true&#8221; title=&#8221;Orange and its surroundings&#8221; tab_id=&#8221;1553248490590-6fd8c9cc-18ab&#8221;][vc_column_text]During the season enjoy the Chor\u00e9gies d&#8217;Orange, an internationally renowned festival of lyrical art that takes place in the ancient national theatre of the city of Orange.\r\nNot to be missed in Orange:\r\n<ul>\r\n \t<li>Antique Theatre of Orange<\/li>\r\n \t<li>Arc de Triomphe d&#8217;Orange<\/li>\r\n \t<li>Our Lady of Nazareth Cathedral<\/li>\r\n \t<li>Museum of Art and History<\/li>\r\n \t<li>Saint Eutrope Hill&#8230;<\/li>\r\n<\/ul>\r\nWalk the bike routes at the foot of Mont Ventoux, in the direction of B\u00e9doin or Sault, typical Provencal walks through the lavender fields.\r\nIn the vicinity of Orange you will also discover:\r\n<ul>\r\n \t<li>Vaison-la-Romaine well known for its heritage<\/li>\r\n \t<li>Ch\u00e2teauneuf-du-Pape very well known by wine lovers.<\/li>\r\n<\/ul>\r\nTake advantage of the bike days organized by Nature &amp; Bike or of our bike stays to not miss anything![\/vc_column_text][\/vc_tta_section][vc_tta_section i_position=&#8221;right&#8221; i_icon_fontawesome=&#8221;fa fa-certificate&#8221; add_icon=&#8221;true&#8221; title=&#8221;Avignon and its surroundings&#8221; tab_id=&#8221;1553249261130-9f173c21-b436&#8243;][vc_column_text]The papal city of Avignon with its essential monuments:\r\n<ul>\r\n \t<li>The Palace of the Popes<\/li>\r\n \t<li>Pont Saint B\u00e9n\u00e9zet (Pont d&#8217;Avignon) Its famous festival in July<\/li>\r\n<\/ul>\r\nIn the surroundings go to discover famous cities:\r\n<ul>\r\n \t<li>Isle sur la Sorgue, Provencal venice and capital of antique shops.<\/li>\r\n \t<li>Fountain of Vaucluse, very nice village on the edge of Sorgues with its unique chasm.<\/li>\r\n \t<li>Ch\u00e2teauneuf-du-Pape, a village known for its wine, very pleasant for a visit and a tour through the different cellars for a tasting. We also advise you to stop at the Chocolaterie Castelain.<\/li>\r\n \t<li>Pernes les Fontaines, the town of fountains will charm you with its 40 fountains to discover throughout the city.<\/li>\r\n<\/ul>\r\nIf you want to discover the other side of the Rh\u00f4ne, go to the Gard side and discover typical places such as:\r\n<ul>\r\n \t<li>The Pont du Gard<\/li>\r\n \t<li>Uz\u00e8s, a city well known for its Saturday morning market, very popular with locals and tourists alike.<\/li>\r\n<\/ul>\r\nYou can also continue your stay towards the Camargue you will not be disappointed&#8230;[\/vc_column_text][\/vc_tta_section][vc_tta_section i_position=&#8221;right&#8221; i_icon_fontawesome=&#8221;fa fa-heart&#8221; add_icon=&#8221;true&#8221; title=&#8221;Major places in Provence&#8221; tab_id=&#8221;1553248490591-d953b130-edc2&#8243;][vc_column_text]Take a bike tour of the Luberon, a must-see area a few kilometers from Nature &amp; Bike.\r\nVillages like:\r\n<ul>\r\n \t<li>Gordes<\/li>\r\n \t<li>Roussillon and its ochre trail<\/li>\r\n \t<li>M\u00e9nerbes<\/li>\r\n \t<li>Ansouis<\/li>\r\n \t<li>Lourmarin<\/li>\r\n<\/ul>\r\nA region not to be missed!\r\n\r\nAlso enjoy cities such as:\r\n<ul>\r\n \t<li>Saint R\u00e9my de Provence<\/li>\r\n \t<li>Les Baux de Provence<\/li>\r\n<\/ul>\r\nVery popular cities for tourists.[\/vc_column_text][\/vc_tta_section][\/vc_tta_accordion][\/vc_column][\/vc_row]","protected":false},"excerpt":{"rendered":"<p>[vc_row][vc_column css=&#8221;.vc_custom_1553263152608{padding-bottom: 50px !important;}&#8221;][vc_tta_accordion][vc_tta_section i_position=&#8221;right&#8221; i_icon_fontawesome=&#8221;fa fa-map-marker&#8221; add_icon=&#8221;true&#8221; title=&#8221;Orange and its surroundings&#8221; tab_id=&#8221;1553248490590-6fd8c9cc-18ab&#8221;][vc_column_text]During the season enjoy the Chor\u00e9gies d&#8217;Orange, an<\/p>\n","protected":false},"author":1,"featured_media":0,"parent":0,"menu_order":0,"comment_status":"closed","ping_status":"closed","template":"","meta":[],"yoast_head":"<!-- This site is optimized with the Yoast SEO plugin v19.3 - https:\/\/yoast.com\/wordpress\/plugins\/seo\/ -->\n<title>Provence by bicycle | Nature &amp; Bike | Major places Vaucluse<\/title>\n<meta name=\"description\" content=\"Vaucluse en Provence: Nature and Bike offers cycling tours in the PACA region, close to Mont Ventoux and Luberon.\" \/>\n<meta name=\"robots\" content=\"index, follow, max-snippet:-1, max-image-preview:large, max-video-preview:-1\" \/>\n<link rel=\"canonical\" href=\"https:\/\/www.nature-bike-provence.com\/en\/tourism-information\/\" \/>\n<meta property=\"og:locale\" content=\"en_US\" \/>\n<meta property=\"og:type\" content=\"article\" \/>\n<meta property=\"og:title\" content=\"Provence by bicycle | Nature &amp; Bike | Major places Vaucluse\" \/>\n<meta property=\"og:description\" content=\"Vaucluse en Provence: Nature and Bike offers cycling tours in the PACA region, close to Mont Ventoux and Luberon.\" \/>\n<meta property=\"og:url\" content=\"https:\/\/www.nature-bike-provence.com\/en\/tourism-information\/\" \/>\n<meta property=\"og:site_name\" content=\"Nature &amp; Bike\" \/>\n<meta property=\"article:modified_time\" content=\"2019-05-23T10:42:16+00:00\" \/>\n<meta name=\"twitter:card\" content=\"summary_large_image\" \/>\n<meta name=\"twitter:label1\" content=\"Est. reading time\" \/>\n\t<meta name=\"twitter:data1\" content=\"2 minutes\" \/>\n<script type=\"application\/ld+json\" class=\"yoast-schema-graph\">{\"@context\":\"https:\/\/schema.org\",\"@graph\":[{\"@type\":\"WebSite\",\"@id\":\"https:\/\/www.nature-bike-provence.com\/#website\",\"url\":\"https:\/\/www.nature-bike-provence.com\/\",\"name\":\"Nature &amp; Bike\",\"description\":\"Location de cycles et s\u00e9jours \u00e0 v\u00e9lo en Provence\",\"potentialAction\":[{\"@type\":\"SearchAction\",\"target\":{\"@type\":\"EntryPoint\",\"urlTemplate\":\"https:\/\/www.nature-bike-provence.com\/?s={search_term_string}\"},\"query-input\":\"required name=search_term_string\"}],\"inLanguage\":\"en-US\"},{\"@type\":\"WebPage\",\"@id\":\"https:\/\/www.nature-bike-provence.com\/en\/tourism-information\/\",\"url\":\"https:\/\/www.nature-bike-provence.com\/en\/tourism-information\/\",\"name\":\"Provence by bicycle | Nature & Bike | Major places Vaucluse\",\"isPartOf\":{\"@id\":\"https:\/\/www.nature-bike-provence.com\/#website\"},\"datePublished\":\"2019-03-26T13:41:24+00:00\",\"dateModified\":\"2019-05-23T10:42:16+00:00\",\"description\":\"Vaucluse en Provence: Nature and Bike offers cycling tours in the PACA region, close to Mont Ventoux and Luberon.\",\"breadcrumb\":{\"@id\":\"https:\/\/www.nature-bike-provence.com\/en\/tourism-information\/#breadcrumb\"},\"inLanguage\":\"en-US\",\"potentialAction\":[{\"@type\":\"ReadAction\",\"target\":[\"https:\/\/www.nature-bike-provence.com\/en\/tourism-information\/\"]}]},{\"@type\":\"BreadcrumbList\",\"@id\":\"https:\/\/www.nature-bike-provence.com\/en\/tourism-information\/#breadcrumb\",\"itemListElement\":[{\"@type\":\"ListItem\",\"position\":1,\"name\":\"Accueil\",\"item\":\"https:\/\/www.nature-bike-provence.com\/en\/\"},{\"@type\":\"ListItem\",\"position\":2,\"name\":\"Tourism information\"}]}]}<\/script>\n<!-- \/ Yoast SEO plugin. -->","yoast_head_json":{"title":"Provence by bicycle | Nature & Bike | Major places Vaucluse","description":"Vaucluse en Provence: Nature and Bike offers cycling tours in the PACA region, close to Mont Ventoux and Luberon.","robots":{"index":"index","follow":"follow","max-snippet":"max-snippet:-1","max-image-preview":"max-image-preview:large","max-video-preview":"max-video-preview:-1"},"canonical":"https:\/\/www.nature-bike-provence.com\/en\/tourism-information\/","og_locale":"en_US","og_type":"article","og_title":"Provence by bicycle | Nature & Bike | Major places Vaucluse","og_description":"Vaucluse en Provence: Nature and Bike offers cycling tours in the PACA region, close to Mont Ventoux and Luberon.","og_url":"https:\/\/www.nature-bike-provence.com\/en\/tourism-information\/","og_site_name":"Nature &amp; Bike","article_modified_time":"2019-05-23T10:42:16+00:00","twitter_card":"summary_large_image","twitter_misc":{"Est. reading time":"2 minutes"},"schema":{"@context":"https:\/\/schema.org","@graph":[{"@type":"WebSite","@id":"https:\/\/www.nature-bike-provence.com\/#website","url":"https:\/\/www.nature-bike-provence.com\/","name":"Nature &amp; Bike","description":"Location de cycles et s\u00e9jours \u00e0 v\u00e9lo en Provence","potentialAction":[{"@type":"SearchAction","target":{"@type":"EntryPoint","urlTemplate":"https:\/\/www.nature-bike-provence.com\/?s={search_term_string}"},"query-input":"required name=search_term_string"}],"inLanguage":"en-US"},{"@type":"WebPage","@id":"https:\/\/www.nature-bike-provence.com\/en\/tourism-information\/","url":"https:\/\/www.nature-bike-provence.com\/en\/tourism-information\/","name":"Provence by bicycle | Nature & Bike | Major places Vaucluse","isPartOf":{"@id":"https:\/\/www.nature-bike-provence.com\/#website"},"datePublished":"2019-03-26T13:41:24+00:00","dateModified":"2019-05-23T10:42:16+00:00","description":"Vaucluse en Provence: Nature and Bike offers cycling tours in the PACA region, close to Mont Ventoux and Luberon.","breadcrumb":{"@id":"https:\/\/www.nature-bike-provence.com\/en\/tourism-information\/#breadcrumb"},"inLanguage":"en-US","potentialAction":[{"@type":"ReadAction","target":["https:\/\/www.nature-bike-provence.com\/en\/tourism-information\/"]}]},{"@type":"BreadcrumbList","@id":"https:\/\/www.nature-bike-provence.com\/en\/tourism-information\/#breadcrumb","itemListElement":[{"@type":"ListItem","position":1,"name":"Accueil","item":"https:\/\/www.nature-bike-provence.com\/en\/"},{"@type":"ListItem","position":2,"name":"Tourism information"}]}]}},"_links":{"self":[{"href":"https:\/\/www.nature-bike-provence.com\/en\/wp-json\/wp\/v2\/pages\/1390"}],"collection":[{"href":"https:\/\/www.nature-bike-provence.com\/en\/wp-json\/wp\/v2\/pages"}],"about":[{"href":"https:\/\/www.nature-bike-provence.com\/en\/wp-json\/wp\/v2\/types\/page"}],"author":[{"embeddable":true,"href":"https:\/\/www.nature-bike-provence.com\/en\/wp-json\/wp\/v2\/users\/1"}],"replies":[{"embeddable":true,"href":"https:\/\/www.nature-bike-provence.com\/en\/wp-json\/wp\/v2\/comments?post=1390"}],"version-history":[{"count":6,"href":"https:\/\/www.nature-bike-provence.com\/en\/wp-json\/wp\/v2\/pages\/1390\/revisions"}],"predecessor-version":[{"id":1683,"href":"https:\/\/www.nature-bike-provence.com\/en\/wp-json\/wp\/v2\/pages\/1390\/revisions\/1683"}],"wp:attachment":[{"href":"https:\/\/www.nature-bike-provence.com\/en\/wp-json\/wp\/v2\/media?parent=1390"}],"curies":[{"name":"wp","href":"https:\/\/api.w.org\/{rel}","templated":true}]}}